{"id":656,"date":"2021-01-12T22:31:39","date_gmt":"2021-01-12T21:31:39","guid":{"rendered":"http:\/\/lieblingsromane-trier.de\/?page_id=656"},"modified":"2021-01-12T22:31:40","modified_gmt":"2021-01-12T21:31:40","slug":"auf-ein-neues-lieblingsromane-2020","status":"publish","type":"page","link":"https:\/\/lieblingsromane-trier.de\/?page_id=656","title":{"rendered":"Auf ein Neues: Lieblingsromane 2020"},"content":{"rendered":"\n<p><strong>Am 31. Januar 2020 fand das j\u00e4hrliche Literaturgespr\u00e4ch \u201eEnglische Lieblingsromane\u201c in der Stadtbibliothek am Weberbach statt. Erneut fand das Format der Universit\u00e4t Trier, des Trierer Zentrums f\u00fcr Amerikastudien, des Zentrums f\u00fcr Kanadastudien und der Stadtbibliothek gro\u00dfen Anklang.<\/strong><\/p>\n\n\n\n<p>Wie im vorangegangenen Jahr wurden drei englischsprachige Romane vorgestellt und diskutiert. Das Spektrum reichte von Ian McEwans alternativ-historischem Science-Fiction Roman <em>Maschinen wie ich<\/em> \u00fcber den dystopischen Roman <em>Die Zeuginnen <\/em>der kanadischen Autorin Margaret Atwood bis hin zum Briefroman <em>Auf Erden sind wir kurz grandios<\/em> des amerikanischen Poeten und Schriftstellers Ocean Vuong.<\/p>\n\n\n\n<p>Dieses Jahr diskutierten auf dem Podium Martin Genetsch, Ralf Hertel, Eva-Maria Windberger sowie Studierende der Universit\u00e4t Trier. Auch die Zuh\u00f6renden stellten Fragen und beteiligten sich rege an den Gespr\u00e4chen \u00fcber die Lieblingsromane.<\/p>\n\n\n\n<p>Der offizielle Teil endete mit weiteren Literatur-, aber auch Serienempfehlungen von Studierenden der Universit\u00e4t Trier. Beim anschlie\u00dfenden Empfang wurde bei einem Glas Wein weiter diskutiert und gelacht.<\/p>\n\n\n\n<figure class=\"wp-block-image size-large\"><img fetchpriority=\"high\" decoding=\"async\" width=\"1024\" height=\"683\" src=\"https:\/\/lieblingsromane-trier.de\/wp-content\/uploads\/2020\/04\/EP04-1-1024x683.jpg\" alt=\"\" class=\"wp-image-459\" srcset=\"https:\/\/lieblingsromane-trier.de\/wp-content\/uploads\/2020\/04\/EP04-1-1024x683.jpg 1024w, https:\/\/lieblingsromane-trier.de\/wp-content\/uploads\/2020\/04\/EP04-1-300x200.jpg 300w, https:\/\/lieblingsromane-trier.de\/wp-content\/uploads\/2020\/04\/EP04-1-768x512.jpg 768w, https:\/\/lieblingsromane-trier.de\/wp-content\/uploads\/2020\/04\/EP04-1-1536x1024.jpg 1536w, https:\/\/lieblingsromane-trier.de\/wp-content\/uploads\/2020\/04\/EP04-1-2048x1366.jpg 2048w, https:\/\/lieblingsromane-trier.de\/wp-content\/uploads\/2020\/04\/EP04-1-1140x760.jpg 1140w\" sizes=\"(max-width: 1024px) 100vw, 1024px\" \/><\/figure>\n\n\n\n<figure class=\"wp-block-image size-large\"><img decoding=\"async\" width=\"1024\" height=\"685\" src=\"https:\/\/lieblingsromane-trier.de\/wp-content\/uploads\/2020\/04\/EP01-1-1024x685.jpg\" alt=\"\" class=\"wp-image-472\" srcset=\"https:\/\/lieblingsromane-trier.de\/wp-content\/uploads\/2020\/04\/EP01-1-1024x685.jpg 1024w, https:\/\/lieblingsromane-trier.de\/wp-content\/uploads\/2020\/04\/EP01-1-300x201.jpg 300w, https:\/\/lieblingsromane-trier.de\/wp-content\/uploads\/2020\/04\/EP01-1-768x514.jpg 768w, https:\/\/lieblingsromane-trier.de\/wp-content\/uploads\/2020\/04\/EP01-1-1536x1028.jpg 1536w, https:\/\/lieblingsromane-trier.de\/wp-content\/uploads\/2020\/04\/EP01-1-2048x1371.jpg 2048w, https:\/\/lieblingsromane-trier.de\/wp-content\/uploads\/2020\/04\/EP01-1-1140x763.jpg 1140w\" sizes=\"(max-width: 1024px) 100vw, 1024px\" \/><\/figure>\n\n\n\n<figure class=\"wp-block-image size-large\"><img decoding=\"async\" width=\"1024\" height=\"685\" src=\"https:\/\/lieblingsromane-trier.de\/wp-content\/uploads\/2020\/04\/EP27-1-1024x685.jpg\" alt=\"\" class=\"wp-image-461\" srcset=\"https:\/\/lieblingsromane-trier.de\/wp-content\/uploads\/2020\/04\/EP27-1-1024x685.jpg 1024w, https:\/\/lieblingsromane-trier.de\/wp-content\/uploads\/2020\/04\/EP27-1-300x201.jpg 300w, https:\/\/lieblingsromane-trier.de\/wp-content\/uploads\/2020\/04\/EP27-1-768x514.jpg 768w, https:\/\/lieblingsromane-trier.de\/wp-content\/uploads\/2020\/04\/EP27-1-1536x1028.jpg 1536w, https:\/\/lieblingsromane-trier.de\/wp-content\/uploads\/2020\/04\/EP27-1-2048x1371.jpg 2048w, https:\/\/lieblingsromane-trier.de\/wp-content\/uploads\/2020\/04\/EP27-1-1140x763.jpg 1140w\" sizes=\"(max-width: 1024px) 100vw, 1024px\" \/><\/figure>\n\n\n\n<figure class=\"wp-block-image size-large\"><img loading=\"lazy\" decoding=\"async\" width=\"646\" height=\"904\" src=\"https:\/\/lieblingsromane-trier.de\/wp-content\/uploads\/2020\/04\/Lieblingsromane-2020-1.png\" alt=\"\" class=\"wp-image-462\" srcset=\"https:\/\/lieblingsromane-trier.de\/wp-content\/uploads\/2020\/04\/Lieblingsromane-2020-1.png 646w, https:\/\/lieblingsromane-trier.de\/wp-content\/uploads\/2020\/04\/Lieblingsromane-2020-1-214x300.png 214w\" sizes=\"(max-width: 646px) 100vw, 646px\" \/><\/figure>\n","protected":false},"excerpt":{"rendered":"<p>Am 31. Januar 2020 fand das j\u00e4hrliche Literaturgespr\u00e4ch \u201eEnglische Lieblingsromane\u201c in der Stadtbibliothek am Weberbach statt. Erneut fand das Format der Universit\u00e4t Trier, des Trierer Zentrums f\u00fcr Amerikastudien, des Zentrums f\u00fcr Kanadastudien und der Stadtbibliothek gro\u00dfen Anklang. Wie im vorangegangenen Jahr wurden drei englischsprachige Romane vorgestellt und diskutiert. Das Spektrum reichte von Ian McEwans alternativ-historischem Science-Fiction Roman Maschinen wie ich \u00fcber den dystopischen Roman Die Zeuginnen der kanadischen Autorin Margaret Atwood bis hin zum Briefroman Auf Erden sind wir kurz grandios des amerikanischen Poeten und Schriftstellers Ocean Vuong. Dieses Jahr diskutierten auf dem Podium Martin Genetsch, Ralf Hertel, Eva-Maria Windberger sowie Studierende der Universit\u00e4t Trier. Auch die Zuh\u00f6renden stellten Fragen und beteiligten sich rege an den Gespr\u00e4chen \u00fcber die Lieblingsromane. Der offizielle Teil endete mit weiteren Literatur-, aber auch Serienempfehlungen von Studierenden der Universit\u00e4t Trier. Beim anschlie\u00dfenden Empfang wurde bei einem Glas Wein weiter diskutiert und gelacht.<\/p>\n","protected":false},"author":2,"featured_media":0,"parent":0,"menu_order":0,"comment_status":"closed","ping_status":"closed","template":"","meta":{"footnotes":""},"class_list":["post-656","page","type-page","status-publish","hentry"],"yoast_head":"<!-- This site is optimized with the Yoast SEO plugin v27.3 - https:\/\/yoast.com\/product\/yoast-seo-wordpress\/ -->\n<title>Auf ein Neues: Lieblingsromane 2020 - Lieblingsromane<\/title>\n<meta name=\"robots\" content=\"index, follow, max-snippet:-1, max-image-preview:large, max-video-preview:-1\" \/>\n<link rel=\"canonical\" href=\"https:\/\/lieblingsromane-trier.de\/?page_id=656\" \/>\n<meta property=\"og:locale\" content=\"de_DE\" \/>\n<meta property=\"og:type\" content=\"article\" \/>\n<meta property=\"og:title\" content=\"Auf ein Neues: Lieblingsromane 2020 - Lieblingsromane\" \/>\n<meta property=\"og:description\" content=\"Am 31. Januar 2020 fand das j\u00e4hrliche Literaturgespr\u00e4ch \u201eEnglische Lieblingsromane\u201c in der Stadtbibliothek am Weberbach statt. Erneut fand das Format der Universit\u00e4t Trier, des Trierer Zentrums f\u00fcr Amerikastudien, des Zentrums f\u00fcr Kanadastudien und der Stadtbibliothek gro\u00dfen Anklang. Wie im vorangegangenen Jahr wurden drei englischsprachige Romane vorgestellt und diskutiert. Das Spektrum reichte von Ian McEwans alternativ-historischem Science-Fiction Roman Maschinen wie ich \u00fcber den dystopischen Roman Die Zeuginnen der kanadischen Autorin Margaret Atwood bis hin zum Briefroman Auf Erden sind wir kurz grandios des amerikanischen Poeten und Schriftstellers Ocean Vuong. Dieses Jahr diskutierten auf dem Podium Martin Genetsch, Ralf Hertel, Eva-Maria Windberger sowie Studierende der Universit\u00e4t Trier. Auch die Zuh\u00f6renden stellten Fragen und beteiligten sich rege an den Gespr\u00e4chen \u00fcber die Lieblingsromane. Der offizielle Teil endete mit weiteren Literatur-, aber auch Serienempfehlungen von Studierenden der Universit\u00e4t Trier. Beim anschlie\u00dfenden Empfang wurde bei einem Glas Wein weiter diskutiert und gelacht.\" \/>\n<meta property=\"og:url\" content=\"https:\/\/lieblingsromane-trier.de\/?page_id=656\" \/>\n<meta property=\"og:site_name\" content=\"Lieblingsromane\" \/>\n<meta property=\"article:modified_time\" content=\"2021-01-12T21:31:40+00:00\" \/>\n<meta property=\"og:image\" content=\"https:\/\/lieblingsromane-trier.de\/wp-content\/uploads\/2020\/04\/EP04-1-1024x683.jpg\" \/>\n<meta name=\"twitter:card\" content=\"summary_large_image\" \/>\n<meta name=\"twitter:label1\" content=\"Gesch\u00e4tzte Lesezeit\" \/>\n\t<meta name=\"twitter:data1\" content=\"2\u00a0Minuten\" \/>\n<script type=\"application\/ld+json\" class=\"yoast-schema-graph\">{\"@context\":\"https:\\\/\\\/schema.org\",\"@graph\":[{\"@type\":\"WebPage\",\"@id\":\"https:\\\/\\\/lieblingsromane-trier.de\\\/?page_id=656\",\"url\":\"https:\\\/\\\/lieblingsromane-trier.de\\\/?page_id=656\",\"name\":\"Auf ein Neues: Lieblingsromane 2020 - Lieblingsromane\",\"isPartOf\":{\"@id\":\"https:\\\/\\\/lieblingsromane-trier.de\\\/#website\"},\"primaryImageOfPage\":{\"@id\":\"https:\\\/\\\/lieblingsromane-trier.de\\\/?page_id=656#primaryimage\"},\"image\":{\"@id\":\"https:\\\/\\\/lieblingsromane-trier.de\\\/?page_id=656#primaryimage\"},\"thumbnailUrl\":\"https:\\\/\\\/lieblingsromane-trier.de\\\/wp-content\\\/uploads\\\/2020\\\/04\\\/EP04-1-1024x683.jpg\",\"datePublished\":\"2021-01-12T21:31:39+00:00\",\"dateModified\":\"2021-01-12T21:31:40+00:00\",\"breadcrumb\":{\"@id\":\"https:\\\/\\\/lieblingsromane-trier.de\\\/?page_id=656#breadcrumb\"},\"inLanguage\":\"de\",\"potentialAction\":[{\"@type\":\"ReadAction\",\"target\":[\"https:\\\/\\\/lieblingsromane-trier.de\\\/?page_id=656\"]}]},{\"@type\":\"ImageObject\",\"inLanguage\":\"de\",\"@id\":\"https:\\\/\\\/lieblingsromane-trier.de\\\/?page_id=656#primaryimage\",\"url\":\"https:\\\/\\\/lieblingsromane-trier.de\\\/wp-content\\\/uploads\\\/2020\\\/04\\\/EP04-1-1024x683.jpg\",\"contentUrl\":\"https:\\\/\\\/lieblingsromane-trier.de\\\/wp-content\\\/uploads\\\/2020\\\/04\\\/EP04-1-1024x683.jpg\"},{\"@type\":\"BreadcrumbList\",\"@id\":\"https:\\\/\\\/lieblingsromane-trier.de\\\/?page_id=656#breadcrumb\",\"itemListElement\":[{\"@type\":\"ListItem\",\"position\":1,\"name\":\"Startseite\",\"item\":\"https:\\\/\\\/lieblingsromane-trier.de\\\/\"},{\"@type\":\"ListItem\",\"position\":2,\"name\":\"Auf ein Neues: Lieblingsromane 2020\"}]},{\"@type\":\"WebSite\",\"@id\":\"https:\\\/\\\/lieblingsromane-trier.de\\\/#website\",\"url\":\"https:\\\/\\\/lieblingsromane-trier.de\\\/\",\"name\":\"Lieblingsromane 2018\",\"description\":\"Eine Veranstaltung der Universit\u00e4t Trier\",\"potentialAction\":[{\"@type\":\"SearchAction\",\"target\":{\"@type\":\"EntryPoint\",\"urlTemplate\":\"https:\\\/\\\/lieblingsromane-trier.de\\\/?s={search_term_string}\"},\"query-input\":{\"@type\":\"PropertyValueSpecification\",\"valueRequired\":true,\"valueName\":\"search_term_string\"}}],\"inLanguage\":\"de\"}]}<\/script>\n<!-- \/ Yoast SEO plugin. -->","yoast_head_json":{"title":"Auf ein Neues: Lieblingsromane 2020 - Lieblingsromane","robots":{"index":"index","follow":"follow","max-snippet":"max-snippet:-1","max-image-preview":"max-image-preview:large","max-video-preview":"max-video-preview:-1"},"canonical":"https:\/\/lieblingsromane-trier.de\/?page_id=656","og_locale":"de_DE","og_type":"article","og_title":"Auf ein Neues: Lieblingsromane 2020 - Lieblingsromane","og_description":"Am 31. Januar 2020 fand das j\u00e4hrliche Literaturgespr\u00e4ch \u201eEnglische Lieblingsromane\u201c in der Stadtbibliothek am Weberbach statt. Erneut fand das Format der Universit\u00e4t Trier, des Trierer Zentrums f\u00fcr Amerikastudien, des Zentrums f\u00fcr Kanadastudien und der Stadtbibliothek gro\u00dfen Anklang. Wie im vorangegangenen Jahr wurden drei englischsprachige Romane vorgestellt und diskutiert. Das Spektrum reichte von Ian McEwans alternativ-historischem Science-Fiction Roman Maschinen wie ich \u00fcber den dystopischen Roman Die Zeuginnen der kanadischen Autorin Margaret Atwood bis hin zum Briefroman Auf Erden sind wir kurz grandios des amerikanischen Poeten und Schriftstellers Ocean Vuong. Dieses Jahr diskutierten auf dem Podium Martin Genetsch, Ralf Hertel, Eva-Maria Windberger sowie Studierende der Universit\u00e4t Trier. Auch die Zuh\u00f6renden stellten Fragen und beteiligten sich rege an den Gespr\u00e4chen \u00fcber die Lieblingsromane. Der offizielle Teil endete mit weiteren Literatur-, aber auch Serienempfehlungen von Studierenden der Universit\u00e4t Trier. Beim anschlie\u00dfenden Empfang wurde bei einem Glas Wein weiter diskutiert und gelacht.","og_url":"https:\/\/lieblingsromane-trier.de\/?page_id=656","og_site_name":"Lieblingsromane","article_modified_time":"2021-01-12T21:31:40+00:00","og_image":[{"url":"https:\/\/lieblingsromane-trier.de\/wp-content\/uploads\/2020\/04\/EP04-1-1024x683.jpg","type":"","width":"","height":""}],"twitter_card":"summary_large_image","twitter_misc":{"Gesch\u00e4tzte Lesezeit":"2\u00a0Minuten"},"schema":{"@context":"https:\/\/schema.org","@graph":[{"@type":"WebPage","@id":"https:\/\/lieblingsromane-trier.de\/?page_id=656","url":"https:\/\/lieblingsromane-trier.de\/?page_id=656","name":"Auf ein Neues: Lieblingsromane 2020 - Lieblingsromane","isPartOf":{"@id":"https:\/\/lieblingsromane-trier.de\/#website"},"primaryImageOfPage":{"@id":"https:\/\/lieblingsromane-trier.de\/?page_id=656#primaryimage"},"image":{"@id":"https:\/\/lieblingsromane-trier.de\/?page_id=656#primaryimage"},"thumbnailUrl":"https:\/\/lieblingsromane-trier.de\/wp-content\/uploads\/2020\/04\/EP04-1-1024x683.jpg","datePublished":"2021-01-12T21:31:39+00:00","dateModified":"2021-01-12T21:31:40+00:00","breadcrumb":{"@id":"https:\/\/lieblingsromane-trier.de\/?page_id=656#breadcrumb"},"inLanguage":"de","potentialAction":[{"@type":"ReadAction","target":["https:\/\/lieblingsromane-trier.de\/?page_id=656"]}]},{"@type":"ImageObject","inLanguage":"de","@id":"https:\/\/lieblingsromane-trier.de\/?page_id=656#primaryimage","url":"https:\/\/lieblingsromane-trier.de\/wp-content\/uploads\/2020\/04\/EP04-1-1024x683.jpg","contentUrl":"https:\/\/lieblingsromane-trier.de\/wp-content\/uploads\/2020\/04\/EP04-1-1024x683.jpg"},{"@type":"BreadcrumbList","@id":"https:\/\/lieblingsromane-trier.de\/?page_id=656#breadcrumb","itemListElement":[{"@type":"ListItem","position":1,"name":"Startseite","item":"https:\/\/lieblingsromane-trier.de\/"},{"@type":"ListItem","position":2,"name":"Auf ein Neues: Lieblingsromane 2020"}]},{"@type":"WebSite","@id":"https:\/\/lieblingsromane-trier.de\/#website","url":"https:\/\/lieblingsromane-trier.de\/","name":"Lieblingsromane 2018","description":"Eine Veranstaltung der Universit\u00e4t Trier","potentialAction":[{"@type":"SearchAction","target":{"@type":"EntryPoint","urlTemplate":"https:\/\/lieblingsromane-trier.de\/?s={search_term_string}"},"query-input":{"@type":"PropertyValueSpecification","valueRequired":true,"valueName":"search_term_string"}}],"inLanguage":"de"}]}},"_links":{"self":[{"href":"https:\/\/lieblingsromane-trier.de\/index.php?rest_route=\/wp\/v2\/pages\/656","targetHints":{"allow":["GET"]}}],"collection":[{"href":"https:\/\/lieblingsromane-trier.de\/index.php?rest_route=\/wp\/v2\/pages"}],"about":[{"href":"https:\/\/lieblingsromane-trier.de\/index.php?rest_route=\/wp\/v2\/types\/page"}],"author":[{"embeddable":true,"href":"https:\/\/lieblingsromane-trier.de\/index.php?rest_route=\/wp\/v2\/users\/2"}],"replies":[{"embeddable":true,"href":"https:\/\/lieblingsromane-trier.de\/index.php?rest_route=%2Fwp%2Fv2%2Fcomments&post=656"}],"version-history":[{"count":1,"href":"https:\/\/lieblingsromane-trier.de\/index.php?rest_route=\/wp\/v2\/pages\/656\/revisions"}],"predecessor-version":[{"id":657,"href":"https:\/\/lieblingsromane-trier.de\/index.php?rest_route=\/wp\/v2\/pages\/656\/revisions\/657"}],"wp:attachment":[{"href":"https:\/\/lieblingsromane-trier.de\/index.php?rest_route=%2Fwp%2Fv2%2Fmedia&parent=656"}],"curies":[{"name":"wp","href":"https:\/\/api.w.org\/{rel}","templated":true}]}}