{"id":628,"date":"2021-01-12T18:16:53","date_gmt":"2021-01-12T17:16:53","guid":{"rendered":"http:\/\/lieblingsromane-trier.de\/?page_id=628"},"modified":"2022-01-05T21:22:14","modified_gmt":"2022-01-05T20:22:14","slug":"judith-und-hamnet","status":"publish","type":"page","link":"https:\/\/lieblingsromane-trier.de\/?page_id=628","title":{"rendered":"Judith und Hamnet"},"content":{"rendered":"<h3 style=\"text-align: center;\">Maggie O&#8217;Farrel<\/h3>\n<iframe  id=\"_ytid_15086\"  width=\"960\" height=\"540\"  data-origwidth=\"960\" data-origheight=\"540\"  data-relstop=\"1\" src=\"https:\/\/www.youtube.com\/embed\/FiKfE4G03ks?enablejsapi=1&#038;autoplay=0&#038;cc_load_policy=0&#038;cc_lang_pref=&#038;iv_load_policy=3&#038;loop=0&#038;rel=0&#038;fs=1&#038;playsinline=0&#038;autohide=2&#038;theme=dark&#038;color=red&#038;controls=1&#038;disablekb=0&#038;\" class=\"__youtube_prefs__  epyt-is-override  no-lazyload\" title=\"YouTube player\"  allow=\"fullscreen; accelerometer; autoplay; clipboard-write; encrypted-media; gyroscope; picture-in-picture; web-share\" referrerpolicy=\"strict-origin-when-cross-origin\" allowfullscreen data-no-lazy=\"1\" data-skipgform_ajax_framebjll=\"\"><\/iframe>\n\n1596: der junge Hamnet, Sohn von Agnes und einem namenlosen Dramatiker, entdeckt am Hals seiner Schwester Judith mehrere Beulen. Der Zustand des M\u00e4dchens verschlechtert sich rapide. Hamnet wird klar: seine Schwester hat sich mit der Pest infiziert. Seine Mutter, seine \u00e4ltere Schwester und er versuchen alles, um sie zu heilen, w\u00e4hrend sein Vater \u2013 wie so oft \u2013 fehlt und stattdessen in London Theaterst\u00fccke verfasst. Judiths Rettung wird zur Zerrei\u00dfprobe f\u00fcr alle Beteiligten.\n\n<!-- \/wp:post-content --><!-- wp:paragraph -->\n\nMaggie O&#8217;Farrell entf\u00fchrt uns in eine fremde Welt, in der William Shakespeare nur als Nebenfigur auftritt. Sie schafft einen einzigartigen Einblick in das Leben rund um die Personen, die Shakespeares Alltag begleiteten. Doch bleibt die Frage: Kann Hamnet seine Schwester retten?","protected":false},"excerpt":{"rendered":"<p>Maggie O&#8217;Farrel 1596: der junge Hamnet, Sohn von Agnes und einem namenlosen Dramatiker, entdeckt am Hals seiner Schwester Judith mehrere Beulen. Der Zustand des M\u00e4dchens verschlechtert sich rapide. Hamnet wird klar: seine Schwester hat sich mit der Pest infiziert. Seine Mutter, seine \u00e4ltere Schwester und er versuchen alles, um sie zu heilen, w\u00e4hrend sein Vater \u2013 wie so oft \u2013 fehlt und stattdessen in London Theaterst\u00fccke verfasst. Judiths Rettung wird zur Zerrei\u00dfprobe f\u00fcr alle Beteiligten. Maggie O&#8217;Farrell entf\u00fchrt uns in eine fremde Welt, in der William Shakespeare nur als Nebenfigur auftritt. Sie schafft einen einzigartigen Einblick in das Leben rund um die Personen, die Shakespeares Alltag begleiteten. Doch bleibt die Frage: Kann Hamnet seine Schwester retten?<\/p>\n","protected":false},"author":2,"featured_media":0,"parent":0,"menu_order":0,"comment_status":"closed","ping_status":"closed","template":"","meta":{"footnotes":""},"class_list":["post-628","page","type-page","status-publish","hentry"],"yoast_head":"<!-- This site is optimized with the Yoast SEO plugin v27.6 - https:\/\/yoast.com\/product\/yoast-seo-wordpress\/ -->\n<title>Judith und Hamnet - Lieblingsromane<\/title>\n<meta name=\"robots\" content=\"index, follow, max-snippet:-1, max-image-preview:large, max-video-preview:-1\" \/>\n<link rel=\"canonical\" href=\"https:\/\/lieblingsromane-trier.de\/?page_id=628\" \/>\n<meta property=\"og:locale\" content=\"de_DE\" \/>\n<meta property=\"og:type\" content=\"article\" \/>\n<meta property=\"og:title\" content=\"Judith und Hamnet - Lieblingsromane\" \/>\n<meta property=\"og:description\" content=\"Maggie O&#8217;Farrel 1596: der junge Hamnet, Sohn von Agnes und einem namenlosen Dramatiker, entdeckt am Hals seiner Schwester Judith mehrere Beulen. Der Zustand des M\u00e4dchens verschlechtert sich rapide. Hamnet wird klar: seine Schwester hat sich mit der Pest infiziert. Seine Mutter, seine \u00e4ltere Schwester und er versuchen alles, um sie zu heilen, w\u00e4hrend sein Vater \u2013 wie so oft \u2013 fehlt und stattdessen in London Theaterst\u00fccke verfasst. Judiths Rettung wird zur Zerrei\u00dfprobe f\u00fcr alle Beteiligten. Maggie O&#8217;Farrell entf\u00fchrt uns in eine fremde Welt, in der William Shakespeare nur als Nebenfigur auftritt. Sie schafft einen einzigartigen Einblick in das Leben rund um die Personen, die Shakespeares Alltag begleiteten. Doch bleibt die Frage: Kann Hamnet seine Schwester retten?\" \/>\n<meta property=\"og:url\" content=\"https:\/\/lieblingsromane-trier.de\/?page_id=628\" \/>\n<meta property=\"og:site_name\" content=\"Lieblingsromane\" \/>\n<meta property=\"article:modified_time\" content=\"2022-01-05T20:22:14+00:00\" \/>\n<meta name=\"twitter:card\" content=\"summary_large_image\" \/>\n<meta name=\"twitter:label1\" content=\"Gesch\u00e4tzte Lesezeit\" \/>\n\t<meta name=\"twitter:data1\" content=\"1\u00a0Minute\" \/>\n<script type=\"application\/ld+json\" class=\"yoast-schema-graph\">{\"@context\":\"https:\\\/\\\/schema.org\",\"@graph\":[{\"@type\":\"WebPage\",\"@id\":\"https:\\\/\\\/lieblingsromane-trier.de\\\/?page_id=628\",\"url\":\"https:\\\/\\\/lieblingsromane-trier.de\\\/?page_id=628\",\"name\":\"Judith und Hamnet - Lieblingsromane\",\"isPartOf\":{\"@id\":\"https:\\\/\\\/lieblingsromane-trier.de\\\/#website\"},\"datePublished\":\"2021-01-12T17:16:53+00:00\",\"dateModified\":\"2022-01-05T20:22:14+00:00\",\"breadcrumb\":{\"@id\":\"https:\\\/\\\/lieblingsromane-trier.de\\\/?page_id=628#breadcrumb\"},\"inLanguage\":\"de\",\"potentialAction\":[{\"@type\":\"ReadAction\",\"target\":[\"https:\\\/\\\/lieblingsromane-trier.de\\\/?page_id=628\"]}]},{\"@type\":\"BreadcrumbList\",\"@id\":\"https:\\\/\\\/lieblingsromane-trier.de\\\/?page_id=628#breadcrumb\",\"itemListElement\":[{\"@type\":\"ListItem\",\"position\":1,\"name\":\"Startseite\",\"item\":\"https:\\\/\\\/lieblingsromane-trier.de\\\/\"},{\"@type\":\"ListItem\",\"position\":2,\"name\":\"Judith und Hamnet\"}]},{\"@type\":\"WebSite\",\"@id\":\"https:\\\/\\\/lieblingsromane-trier.de\\\/#website\",\"url\":\"https:\\\/\\\/lieblingsromane-trier.de\\\/\",\"name\":\"Lieblingsromane 2018\",\"description\":\"Eine Veranstaltung der Universit\u00e4t Trier\",\"potentialAction\":[{\"@type\":\"SearchAction\",\"target\":{\"@type\":\"EntryPoint\",\"urlTemplate\":\"https:\\\/\\\/lieblingsromane-trier.de\\\/?s={search_term_string}\"},\"query-input\":{\"@type\":\"PropertyValueSpecification\",\"valueRequired\":true,\"valueName\":\"search_term_string\"}}],\"inLanguage\":\"de\"}]}<\/script>\n<!-- \/ Yoast SEO plugin. -->","yoast_head_json":{"title":"Judith und Hamnet - Lieblingsromane","robots":{"index":"index","follow":"follow","max-snippet":"max-snippet:-1","max-image-preview":"max-image-preview:large","max-video-preview":"max-video-preview:-1"},"canonical":"https:\/\/lieblingsromane-trier.de\/?page_id=628","og_locale":"de_DE","og_type":"article","og_title":"Judith und Hamnet - Lieblingsromane","og_description":"Maggie O&#8217;Farrel 1596: der junge Hamnet, Sohn von Agnes und einem namenlosen Dramatiker, entdeckt am Hals seiner Schwester Judith mehrere Beulen. Der Zustand des M\u00e4dchens verschlechtert sich rapide. Hamnet wird klar: seine Schwester hat sich mit der Pest infiziert. Seine Mutter, seine \u00e4ltere Schwester und er versuchen alles, um sie zu heilen, w\u00e4hrend sein Vater \u2013 wie so oft \u2013 fehlt und stattdessen in London Theaterst\u00fccke verfasst. Judiths Rettung wird zur Zerrei\u00dfprobe f\u00fcr alle Beteiligten. Maggie O&#8217;Farrell entf\u00fchrt uns in eine fremde Welt, in der William Shakespeare nur als Nebenfigur auftritt. Sie schafft einen einzigartigen Einblick in das Leben rund um die Personen, die Shakespeares Alltag begleiteten. Doch bleibt die Frage: Kann Hamnet seine Schwester retten?","og_url":"https:\/\/lieblingsromane-trier.de\/?page_id=628","og_site_name":"Lieblingsromane","article_modified_time":"2022-01-05T20:22:14+00:00","twitter_card":"summary_large_image","twitter_misc":{"Gesch\u00e4tzte Lesezeit":"1\u00a0Minute"},"schema":{"@context":"https:\/\/schema.org","@graph":[{"@type":"WebPage","@id":"https:\/\/lieblingsromane-trier.de\/?page_id=628","url":"https:\/\/lieblingsromane-trier.de\/?page_id=628","name":"Judith und Hamnet - Lieblingsromane","isPartOf":{"@id":"https:\/\/lieblingsromane-trier.de\/#website"},"datePublished":"2021-01-12T17:16:53+00:00","dateModified":"2022-01-05T20:22:14+00:00","breadcrumb":{"@id":"https:\/\/lieblingsromane-trier.de\/?page_id=628#breadcrumb"},"inLanguage":"de","potentialAction":[{"@type":"ReadAction","target":["https:\/\/lieblingsromane-trier.de\/?page_id=628"]}]},{"@type":"BreadcrumbList","@id":"https:\/\/lieblingsromane-trier.de\/?page_id=628#breadcrumb","itemListElement":[{"@type":"ListItem","position":1,"name":"Startseite","item":"https:\/\/lieblingsromane-trier.de\/"},{"@type":"ListItem","position":2,"name":"Judith und Hamnet"}]},{"@type":"WebSite","@id":"https:\/\/lieblingsromane-trier.de\/#website","url":"https:\/\/lieblingsromane-trier.de\/","name":"Lieblingsromane 2018","description":"Eine Veranstaltung der Universit\u00e4t Trier","potentialAction":[{"@type":"SearchAction","target":{"@type":"EntryPoint","urlTemplate":"https:\/\/lieblingsromane-trier.de\/?s={search_term_string}"},"query-input":{"@type":"PropertyValueSpecification","valueRequired":true,"valueName":"search_term_string"}}],"inLanguage":"de"}]}},"_links":{"self":[{"href":"https:\/\/lieblingsromane-trier.de\/index.php?rest_route=\/wp\/v2\/pages\/628","targetHints":{"allow":["GET"]}}],"collection":[{"href":"https:\/\/lieblingsromane-trier.de\/index.php?rest_route=\/wp\/v2\/pages"}],"about":[{"href":"https:\/\/lieblingsromane-trier.de\/index.php?rest_route=\/wp\/v2\/types\/page"}],"author":[{"embeddable":true,"href":"https:\/\/lieblingsromane-trier.de\/index.php?rest_route=\/wp\/v2\/users\/2"}],"replies":[{"embeddable":true,"href":"https:\/\/lieblingsromane-trier.de\/index.php?rest_route=%2Fwp%2Fv2%2Fcomments&post=628"}],"version-history":[{"count":13,"href":"https:\/\/lieblingsromane-trier.de\/index.php?rest_route=\/wp\/v2\/pages\/628\/revisions"}],"predecessor-version":[{"id":1036,"href":"https:\/\/lieblingsromane-trier.de\/index.php?rest_route=\/wp\/v2\/pages\/628\/revisions\/1036"}],"wp:attachment":[{"href":"https:\/\/lieblingsromane-trier.de\/index.php?rest_route=%2Fwp%2Fv2%2Fmedia&parent=628"}],"curies":[{"name":"wp","href":"https:\/\/api.w.org\/{rel}","templated":true}]}}