{"id":624,"date":"2021-01-12T18:14:12","date_gmt":"2021-01-12T17:14:12","guid":{"rendered":"http:\/\/lieblingsromane-trier.de\/?page_id=624"},"modified":"2021-02-07T21:04:20","modified_gmt":"2021-02-07T20:04:20","slug":"colum-mccann","status":"publish","type":"page","link":"https:\/\/lieblingsromane-trier.de\/?page_id=624","title":{"rendered":"Apeirogon"},"content":{"rendered":"<h3 style=\"text-align: center;\">Colum McCann<\/h3>\n\n\n<p><em>                                                            <\/em><\/p>\n\n\n\n<figure class=\"wp-block-embed is-type-video is-provider-youtube wp-block-embed-youtube wp-embed-aspect-16-9 wp-has-aspect-ratio\"><div class=\"wp-block-embed__wrapper\">\n<iframe  id=\"_ytid_46226\"  width=\"960\" height=\"540\"  data-origwidth=\"960\" data-origheight=\"540\"  data-relstop=\"1\" src=\"https:\/\/www.youtube.com\/embed\/HHU9Ic_0ozE?enablejsapi=1&#038;autoplay=0&#038;cc_load_policy=0&#038;cc_lang_pref=&#038;iv_load_policy=3&#038;loop=0&#038;rel=0&#038;fs=1&#038;playsinline=0&#038;autohide=2&#038;theme=dark&#038;color=red&#038;controls=1&#038;disablekb=0&#038;\" class=\"__youtube_prefs__  epyt-is-override  no-lazyload\" title=\"YouTube player\"  allow=\"fullscreen; accelerometer; autoplay; clipboard-write; encrypted-media; gyroscope; picture-in-picture; web-share\" referrerpolicy=\"strict-origin-when-cross-origin\" allowfullscreen data-no-lazy=\"1\" data-skipgform_ajax_framebjll=\"\"><\/iframe>\n<\/div><\/figure>\n\n\n\n<p id=\"block-488371b6-50bf-4c8a-8ac5-f87be975a093\">Rami Elhanan und Bassam Aramin verbindet eine ungew\u00f6hnliche Freundschaft: Rami kommt aus Israel, Bassam aus Pal\u00e4stina. Beide M\u00e4nner haben ihre T\u00f6chter verloren. Ramis Tochter starb bei einem Attentat eines pal\u00e4stinensischen Selbstmordbombers, Bassams Tochter wurde von einem israelischen Grenzpolizisten erschossen.<\/p>\n\n\n\n<p id=\"block-a8bf013e-352d-40e9-abad-2a928eaa06bf\">Apeirogon basiert auf einer wahren Geschichte und stellt den Leser vor die Fragen: Wie leben wir weiter, wenn das Liebste verloren ist? Wie kann der Mensch Frieden finden, mit sich selbst, mit anderen?<\/p>\n","protected":false},"excerpt":{"rendered":"<p>Colum McCann Rami Elhanan und Bassam Aramin verbindet eine ungew\u00f6hnliche Freundschaft: Rami kommt aus Israel, Bassam aus Pal\u00e4stina. Beide M\u00e4nner haben ihre T\u00f6chter verloren. Ramis Tochter starb bei einem Attentat eines pal\u00e4stinensischen Selbstmordbombers, Bassams Tochter wurde von einem israelischen Grenzpolizisten erschossen. Apeirogon basiert auf einer wahren Geschichte und stellt den Leser vor die Fragen: Wie leben wir weiter, wenn das Liebste verloren ist? Wie kann der Mensch Frieden finden, mit sich selbst, mit anderen?<\/p>\n","protected":false},"author":2,"featured_media":0,"parent":0,"menu_order":0,"comment_status":"closed","ping_status":"closed","template":"","meta":{"footnotes":""},"class_list":["post-624","page","type-page","status-publish","hentry"],"yoast_head":"<!-- This site is optimized with the Yoast SEO plugin v27.5 - https:\/\/yoast.com\/product\/yoast-seo-wordpress\/ -->\n<title>Apeirogon - Lieblingsromane<\/title>\n<meta name=\"robots\" content=\"index, follow, max-snippet:-1, max-image-preview:large, max-video-preview:-1\" \/>\n<link rel=\"canonical\" href=\"https:\/\/lieblingsromane-trier.de\/?page_id=624\" \/>\n<meta property=\"og:locale\" content=\"de_DE\" \/>\n<meta property=\"og:type\" content=\"article\" \/>\n<meta property=\"og:title\" content=\"Apeirogon - Lieblingsromane\" \/>\n<meta property=\"og:description\" content=\"Colum McCann Rami Elhanan und Bassam Aramin verbindet eine ungew\u00f6hnliche Freundschaft: Rami kommt aus Israel, Bassam aus Pal\u00e4stina. Beide M\u00e4nner haben ihre T\u00f6chter verloren. Ramis Tochter starb bei einem Attentat eines pal\u00e4stinensischen Selbstmordbombers, Bassams Tochter wurde von einem israelischen Grenzpolizisten erschossen. Apeirogon basiert auf einer wahren Geschichte und stellt den Leser vor die Fragen: Wie leben wir weiter, wenn das Liebste verloren ist? Wie kann der Mensch Frieden finden, mit sich selbst, mit anderen?\" \/>\n<meta property=\"og:url\" content=\"https:\/\/lieblingsromane-trier.de\/?page_id=624\" \/>\n<meta property=\"og:site_name\" content=\"Lieblingsromane\" \/>\n<meta property=\"article:modified_time\" content=\"2021-02-07T20:04:20+00:00\" \/>\n<meta name=\"twitter:card\" content=\"summary_large_image\" \/>\n<meta name=\"twitter:label1\" content=\"Gesch\u00e4tzte Lesezeit\" \/>\n\t<meta name=\"twitter:data1\" content=\"1\u00a0Minute\" \/>\n<script type=\"application\/ld+json\" class=\"yoast-schema-graph\">{\"@context\":\"https:\\\/\\\/schema.org\",\"@graph\":[{\"@type\":\"WebPage\",\"@id\":\"https:\\\/\\\/lieblingsromane-trier.de\\\/?page_id=624\",\"url\":\"https:\\\/\\\/lieblingsromane-trier.de\\\/?page_id=624\",\"name\":\"Apeirogon - Lieblingsromane\",\"isPartOf\":{\"@id\":\"https:\\\/\\\/lieblingsromane-trier.de\\\/#website\"},\"datePublished\":\"2021-01-12T17:14:12+00:00\",\"dateModified\":\"2021-02-07T20:04:20+00:00\",\"breadcrumb\":{\"@id\":\"https:\\\/\\\/lieblingsromane-trier.de\\\/?page_id=624#breadcrumb\"},\"inLanguage\":\"de\",\"potentialAction\":[{\"@type\":\"ReadAction\",\"target\":[\"https:\\\/\\\/lieblingsromane-trier.de\\\/?page_id=624\"]}]},{\"@type\":\"BreadcrumbList\",\"@id\":\"https:\\\/\\\/lieblingsromane-trier.de\\\/?page_id=624#breadcrumb\",\"itemListElement\":[{\"@type\":\"ListItem\",\"position\":1,\"name\":\"Startseite\",\"item\":\"https:\\\/\\\/lieblingsromane-trier.de\\\/\"},{\"@type\":\"ListItem\",\"position\":2,\"name\":\"Apeirogon\"}]},{\"@type\":\"WebSite\",\"@id\":\"https:\\\/\\\/lieblingsromane-trier.de\\\/#website\",\"url\":\"https:\\\/\\\/lieblingsromane-trier.de\\\/\",\"name\":\"Lieblingsromane 2018\",\"description\":\"Eine Veranstaltung der Universit\u00e4t Trier\",\"potentialAction\":[{\"@type\":\"SearchAction\",\"target\":{\"@type\":\"EntryPoint\",\"urlTemplate\":\"https:\\\/\\\/lieblingsromane-trier.de\\\/?s={search_term_string}\"},\"query-input\":{\"@type\":\"PropertyValueSpecification\",\"valueRequired\":true,\"valueName\":\"search_term_string\"}}],\"inLanguage\":\"de\"}]}<\/script>\n<!-- \/ Yoast SEO plugin. -->","yoast_head_json":{"title":"Apeirogon - Lieblingsromane","robots":{"index":"index","follow":"follow","max-snippet":"max-snippet:-1","max-image-preview":"max-image-preview:large","max-video-preview":"max-video-preview:-1"},"canonical":"https:\/\/lieblingsromane-trier.de\/?page_id=624","og_locale":"de_DE","og_type":"article","og_title":"Apeirogon - Lieblingsromane","og_description":"Colum McCann Rami Elhanan und Bassam Aramin verbindet eine ungew\u00f6hnliche Freundschaft: Rami kommt aus Israel, Bassam aus Pal\u00e4stina. Beide M\u00e4nner haben ihre T\u00f6chter verloren. Ramis Tochter starb bei einem Attentat eines pal\u00e4stinensischen Selbstmordbombers, Bassams Tochter wurde von einem israelischen Grenzpolizisten erschossen. Apeirogon basiert auf einer wahren Geschichte und stellt den Leser vor die Fragen: Wie leben wir weiter, wenn das Liebste verloren ist? Wie kann der Mensch Frieden finden, mit sich selbst, mit anderen?","og_url":"https:\/\/lieblingsromane-trier.de\/?page_id=624","og_site_name":"Lieblingsromane","article_modified_time":"2021-02-07T20:04:20+00:00","twitter_card":"summary_large_image","twitter_misc":{"Gesch\u00e4tzte Lesezeit":"1\u00a0Minute"},"schema":{"@context":"https:\/\/schema.org","@graph":[{"@type":"WebPage","@id":"https:\/\/lieblingsromane-trier.de\/?page_id=624","url":"https:\/\/lieblingsromane-trier.de\/?page_id=624","name":"Apeirogon - Lieblingsromane","isPartOf":{"@id":"https:\/\/lieblingsromane-trier.de\/#website"},"datePublished":"2021-01-12T17:14:12+00:00","dateModified":"2021-02-07T20:04:20+00:00","breadcrumb":{"@id":"https:\/\/lieblingsromane-trier.de\/?page_id=624#breadcrumb"},"inLanguage":"de","potentialAction":[{"@type":"ReadAction","target":["https:\/\/lieblingsromane-trier.de\/?page_id=624"]}]},{"@type":"BreadcrumbList","@id":"https:\/\/lieblingsromane-trier.de\/?page_id=624#breadcrumb","itemListElement":[{"@type":"ListItem","position":1,"name":"Startseite","item":"https:\/\/lieblingsromane-trier.de\/"},{"@type":"ListItem","position":2,"name":"Apeirogon"}]},{"@type":"WebSite","@id":"https:\/\/lieblingsromane-trier.de\/#website","url":"https:\/\/lieblingsromane-trier.de\/","name":"Lieblingsromane 2018","description":"Eine Veranstaltung der Universit\u00e4t Trier","potentialAction":[{"@type":"SearchAction","target":{"@type":"EntryPoint","urlTemplate":"https:\/\/lieblingsromane-trier.de\/?s={search_term_string}"},"query-input":{"@type":"PropertyValueSpecification","valueRequired":true,"valueName":"search_term_string"}}],"inLanguage":"de"}]}},"_links":{"self":[{"href":"https:\/\/lieblingsromane-trier.de\/index.php?rest_route=\/wp\/v2\/pages\/624","targetHints":{"allow":["GET"]}}],"collection":[{"href":"https:\/\/lieblingsromane-trier.de\/index.php?rest_route=\/wp\/v2\/pages"}],"about":[{"href":"https:\/\/lieblingsromane-trier.de\/index.php?rest_route=\/wp\/v2\/types\/page"}],"author":[{"embeddable":true,"href":"https:\/\/lieblingsromane-trier.de\/index.php?rest_route=\/wp\/v2\/users\/2"}],"replies":[{"embeddable":true,"href":"https:\/\/lieblingsromane-trier.de\/index.php?rest_route=%2Fwp%2Fv2%2Fcomments&post=624"}],"version-history":[{"count":34,"href":"https:\/\/lieblingsromane-trier.de\/index.php?rest_route=\/wp\/v2\/pages\/624\/revisions"}],"predecessor-version":[{"id":928,"href":"https:\/\/lieblingsromane-trier.de\/index.php?rest_route=\/wp\/v2\/pages\/624\/revisions\/928"}],"wp:attachment":[{"href":"https:\/\/lieblingsromane-trier.de\/index.php?rest_route=%2Fwp%2Fv2%2Fmedia&parent=624"}],"curies":[{"name":"wp","href":"https:\/\/api.w.org\/{rel}","templated":true}]}}