{"id":372,"date":"2019-11-25T18:21:11","date_gmt":"2019-11-25T17:21:11","guid":{"rendered":"http:\/\/lieblingsromane-trier.de\/?page_id=372"},"modified":"2022-01-05T22:38:06","modified_gmt":"2022-01-05T21:38:06","slug":"on-earth-were-briefly-gorgeous","status":"publish","type":"page","link":"https:\/\/lieblingsromane-trier.de\/?page_id=372","title":{"rendered":"Auf Erden sind wir kurz grandios"},"content":{"rendered":"\n<div class=\"wp-block-media-text alignwide is-stacked-on-mobile\" style=\"grid-template-columns:26% auto\"><figure class=\"wp-block-media-text__media\"><img fetchpriority=\"high\" decoding=\"async\" width=\"627\" height=\"1024\" src=\"http:\/\/lieblingsromane-trier.de\/wp-content\/uploads\/2019\/12\/ARTK_CT0_9783446263895_0001-627x1024.jpg\" alt=\"\" class=\"wp-image-397 size-full\" srcset=\"https:\/\/lieblingsromane-trier.de\/wp-content\/uploads\/2019\/12\/ARTK_CT0_9783446263895_0001-627x1024.jpg 627w, https:\/\/lieblingsromane-trier.de\/wp-content\/uploads\/2019\/12\/ARTK_CT0_9783446263895_0001-184x300.jpg 184w, https:\/\/lieblingsromane-trier.de\/wp-content\/uploads\/2019\/12\/ARTK_CT0_9783446263895_0001-768x1254.jpg 768w, https:\/\/lieblingsromane-trier.de\/wp-content\/uploads\/2019\/12\/ARTK_CT0_9783446263895_0001-941x1536.jpg 941w, https:\/\/lieblingsromane-trier.de\/wp-content\/uploads\/2019\/12\/ARTK_CT0_9783446263895_0001-1254x2048.jpg 1254w, https:\/\/lieblingsromane-trier.de\/wp-content\/uploads\/2019\/12\/ARTK_CT0_9783446263895_0001-1140x1862.jpg 1140w, https:\/\/lieblingsromane-trier.de\/wp-content\/uploads\/2019\/12\/ARTK_CT0_9783446263895_0001-scaled.jpg 1568w\" sizes=\"(max-width: 627px) 100vw, 627px\" \/><\/figure><div class=\"wp-block-media-text__content\">\n<p style=\"font-size:14px\">In seinem Deb\u00fctroman verleiht Ocean Vuong einem jungen Mann eine Stimme, der einen \u00e4hnlichen Lebensweg gegangen ist wie der Autor selbst. Little Dog, geboren in Vietnam und mit seiner Mutter in die USA ausgewandert, sucht in einem Brief an seine Mutter, die Analphabetin ist, Antworten auf die Fragen seiner Existenz. Er erz\u00e4hlt von der schwierigen Beziehung zu seiner Mutter, die im Vietnamkrieg als Kind einer Vietnamesin und eines amerikanischen Soldaten geboren wurde und mit ihrem Job in einem Nagelstudio die kleine Familie gerade \u00fcber Wasser h\u00e4lt, von der Suche nach seiner Identit\u00e4t als junger Amerikaner mit asiatischen Wurzeln und von seiner ersten romantischen Begegnung mit Trevor, den er eines Sommers bei einem Job auf einer Tabakfarm kennenlernt. Mit kraftvoller Poesie schreibt Vuong \u00fcber ein Leben, das von Gewalt und Zartheit gleicherma\u00dfen ersch\u00fcttert wird \u2013 und das uns Leser ergreift und nicht mehr losl\u00e4sst.<\/p>\n<\/div><\/div>\n\n\n\n<h3 class=\"has-text-align-center wp-block-heading\">Ocean Vuong<\/h3>\n\n\n\n<p style=\"font-size:14px\">Ocean Vuong wurde 1988 in Vietnam geboren und lebte gerade mal ein Jahr in seiner Heimat, als seine Eltern mit ihm \u00fcber die Philippinen in die USA auswanderten. Bereits in jungen Jahren schrieb er seine ersten Gedichte und ver\u00f6ffentlichte 2010 sein erstes Leseheft <em>Burnings<\/em>. F\u00fcr seine nachfolgenden Werke erhielt Vuong unterschiedlichste Preise wie den Narrative Prize in 2015 und den T.S. Eliot Prize f\u00fcr seine Gedichtssammlung <em>Night Sky with Exit Wounds <\/em>in 2017. Mit seinem neuesten Werk <em>Auf Erden sind wir kurz grandios <\/em>landete er auf der Bestseller-Liste der New York Times.<\/p>\n","protected":false},"excerpt":{"rendered":"<p>In seinem Deb\u00fctroman verleiht Ocean Vuong einem jungen Mann eine Stimme, der einen \u00e4hnlichen Lebensweg gegangen ist wie der Autor selbst. Little Dog, geboren in Vietnam und mit seiner Mutter in die USA ausgewandert, sucht in einem Brief an seine Mutter, die Analphabetin ist, Antworten auf die Fragen seiner Existenz. Er erz\u00e4hlt von der schwierigen Beziehung zu seiner Mutter, die im Vietnamkrieg als Kind einer Vietnamesin und eines amerikanischen Soldaten geboren wurde und mit ihrem Job in einem Nagelstudio die kleine Familie gerade \u00fcber Wasser h\u00e4lt, von der Suche nach seiner Identit\u00e4t als junger Amerikaner mit asiatischen Wurzeln und von seiner ersten romantischen Begegnung mit Trevor, den er eines Sommers bei einem Job auf einer Tabakfarm kennenlernt. Mit kraftvoller Poesie schreibt Vuong \u00fcber ein Leben, das von Gewalt und Zartheit gleicherma\u00dfen ersch\u00fcttert wird \u2013 und das uns Leser ergreift und nicht mehr losl\u00e4sst. Ocean Vuong Ocean Vuong wurde 1988 in Vietnam geboren und lebte gerade mal ein Jahr in seiner Heimat, als seine Eltern mit ihm \u00fcber die Philippinen in die USA auswanderten. Bereits in jungen Jahren schrieb er seine ersten Gedichte und ver\u00f6ffentlichte 2010 sein erstes Leseheft Burnings. F\u00fcr seine nachfolgenden Werke erhielt Vuong unterschiedlichste Preise wie den Narrative Prize in 2015 und den T.S. Eliot Prize f\u00fcr seine Gedichtssammlung Night Sky with Exit Wounds in 2017. Mit seinem neuesten Werk Auf Erden sind wir kurz grandios landete er auf der Bestseller-Liste der New York Times.<\/p>\n","protected":false},"author":1,"featured_media":0,"parent":443,"menu_order":0,"comment_status":"closed","ping_status":"closed","template":"","meta":{"footnotes":""},"class_list":["post-372","page","type-page","status-publish","hentry"],"yoast_head":"<!-- This site is optimized with the Yoast SEO plugin v27.4 - https:\/\/yoast.com\/product\/yoast-seo-wordpress\/ -->\n<title>Auf Erden sind wir kurz grandios - Lieblingsromane<\/title>\n<meta name=\"robots\" content=\"index, follow, max-snippet:-1, max-image-preview:large, max-video-preview:-1\" \/>\n<link rel=\"canonical\" href=\"https:\/\/lieblingsromane-trier.de\/?page_id=372\" \/>\n<meta property=\"og:locale\" content=\"de_DE\" \/>\n<meta property=\"og:type\" content=\"article\" \/>\n<meta property=\"og:title\" content=\"Auf Erden sind wir kurz grandios - Lieblingsromane\" \/>\n<meta property=\"og:description\" content=\"In seinem Deb\u00fctroman verleiht Ocean Vuong einem jungen Mann eine Stimme, der einen \u00e4hnlichen Lebensweg gegangen ist wie der Autor selbst. Little Dog, geboren in Vietnam und mit seiner Mutter in die USA ausgewandert, sucht in einem Brief an seine Mutter, die Analphabetin ist, Antworten auf die Fragen seiner Existenz. Er erz\u00e4hlt von der schwierigen Beziehung zu seiner Mutter, die im Vietnamkrieg als Kind einer Vietnamesin und eines amerikanischen Soldaten geboren wurde und mit ihrem Job in einem Nagelstudio die kleine Familie gerade \u00fcber Wasser h\u00e4lt, von der Suche nach seiner Identit\u00e4t als junger Amerikaner mit asiatischen Wurzeln und von seiner ersten romantischen Begegnung mit Trevor, den er eines Sommers bei einem Job auf einer Tabakfarm kennenlernt. Mit kraftvoller Poesie schreibt Vuong \u00fcber ein Leben, das von Gewalt und Zartheit gleicherma\u00dfen ersch\u00fcttert wird \u2013 und das uns Leser ergreift und nicht mehr losl\u00e4sst. Ocean Vuong Ocean Vuong wurde 1988 in Vietnam geboren und lebte gerade mal ein Jahr in seiner Heimat, als seine Eltern mit ihm \u00fcber die Philippinen in die USA auswanderten. Bereits in jungen Jahren schrieb er seine ersten Gedichte und ver\u00f6ffentlichte 2010 sein erstes Leseheft Burnings. F\u00fcr seine nachfolgenden Werke erhielt Vuong unterschiedlichste Preise wie den Narrative Prize in 2015 und den T.S. Eliot Prize f\u00fcr seine Gedichtssammlung Night Sky with Exit Wounds in 2017. Mit seinem neuesten Werk Auf Erden sind wir kurz grandios landete er auf der Bestseller-Liste der New York Times.\" \/>\n<meta property=\"og:url\" content=\"https:\/\/lieblingsromane-trier.de\/?page_id=372\" \/>\n<meta property=\"og:site_name\" content=\"Lieblingsromane\" \/>\n<meta property=\"article:modified_time\" content=\"2022-01-05T21:38:06+00:00\" \/>\n<meta property=\"og:image\" content=\"http:\/\/lieblingsromane-trier.de\/wp-content\/uploads\/2019\/12\/ARTK_CT0_9783446263895_0001-627x1024.jpg\" \/>\n<meta name=\"twitter:card\" content=\"summary_large_image\" \/>\n<meta name=\"twitter:label1\" content=\"Gesch\u00e4tzte Lesezeit\" \/>\n\t<meta name=\"twitter:data1\" content=\"2\u00a0Minuten\" \/>\n<script type=\"application\/ld+json\" class=\"yoast-schema-graph\">{\"@context\":\"https:\\\/\\\/schema.org\",\"@graph\":[{\"@type\":\"WebPage\",\"@id\":\"https:\\\/\\\/lieblingsromane-trier.de\\\/?page_id=372\",\"url\":\"https:\\\/\\\/lieblingsromane-trier.de\\\/?page_id=372\",\"name\":\"Auf Erden sind wir kurz grandios - Lieblingsromane\",\"isPartOf\":{\"@id\":\"https:\\\/\\\/lieblingsromane-trier.de\\\/#website\"},\"primaryImageOfPage\":{\"@id\":\"https:\\\/\\\/lieblingsromane-trier.de\\\/?page_id=372#primaryimage\"},\"image\":{\"@id\":\"https:\\\/\\\/lieblingsromane-trier.de\\\/?page_id=372#primaryimage\"},\"thumbnailUrl\":\"http:\\\/\\\/lieblingsromane-trier.de\\\/wp-content\\\/uploads\\\/2019\\\/12\\\/ARTK_CT0_9783446263895_0001-627x1024.jpg\",\"datePublished\":\"2019-11-25T17:21:11+00:00\",\"dateModified\":\"2022-01-05T21:38:06+00:00\",\"breadcrumb\":{\"@id\":\"https:\\\/\\\/lieblingsromane-trier.de\\\/?page_id=372#breadcrumb\"},\"inLanguage\":\"de\",\"potentialAction\":[{\"@type\":\"ReadAction\",\"target\":[\"https:\\\/\\\/lieblingsromane-trier.de\\\/?page_id=372\"]}]},{\"@type\":\"ImageObject\",\"inLanguage\":\"de\",\"@id\":\"https:\\\/\\\/lieblingsromane-trier.de\\\/?page_id=372#primaryimage\",\"url\":\"http:\\\/\\\/lieblingsromane-trier.de\\\/wp-content\\\/uploads\\\/2019\\\/12\\\/ARTK_CT0_9783446263895_0001-627x1024.jpg\",\"contentUrl\":\"http:\\\/\\\/lieblingsromane-trier.de\\\/wp-content\\\/uploads\\\/2019\\\/12\\\/ARTK_CT0_9783446263895_0001-627x1024.jpg\"},{\"@type\":\"BreadcrumbList\",\"@id\":\"https:\\\/\\\/lieblingsromane-trier.de\\\/?page_id=372#breadcrumb\",\"itemListElement\":[{\"@type\":\"ListItem\",\"position\":1,\"name\":\"Startseite\",\"item\":\"https:\\\/\\\/lieblingsromane-trier.de\\\/\"},{\"@type\":\"ListItem\",\"position\":2,\"name\":\"Archiv\",\"item\":\"https:\\\/\\\/lieblingsromane-trier.de\\\/?page_id=324\"},{\"@type\":\"ListItem\",\"position\":3,\"name\":\"2020\",\"item\":\"https:\\\/\\\/lieblingsromane-trier.de\\\/?page_id=443\"},{\"@type\":\"ListItem\",\"position\":4,\"name\":\"Auf Erden sind wir kurz grandios\"}]},{\"@type\":\"WebSite\",\"@id\":\"https:\\\/\\\/lieblingsromane-trier.de\\\/#website\",\"url\":\"https:\\\/\\\/lieblingsromane-trier.de\\\/\",\"name\":\"Lieblingsromane 2018\",\"description\":\"Eine Veranstaltung der Universit\u00e4t Trier\",\"potentialAction\":[{\"@type\":\"SearchAction\",\"target\":{\"@type\":\"EntryPoint\",\"urlTemplate\":\"https:\\\/\\\/lieblingsromane-trier.de\\\/?s={search_term_string}\"},\"query-input\":{\"@type\":\"PropertyValueSpecification\",\"valueRequired\":true,\"valueName\":\"search_term_string\"}}],\"inLanguage\":\"de\"}]}<\/script>\n<!-- \/ Yoast SEO plugin. -->","yoast_head_json":{"title":"Auf Erden sind wir kurz grandios - Lieblingsromane","robots":{"index":"index","follow":"follow","max-snippet":"max-snippet:-1","max-image-preview":"max-image-preview:large","max-video-preview":"max-video-preview:-1"},"canonical":"https:\/\/lieblingsromane-trier.de\/?page_id=372","og_locale":"de_DE","og_type":"article","og_title":"Auf Erden sind wir kurz grandios - Lieblingsromane","og_description":"In seinem Deb\u00fctroman verleiht Ocean Vuong einem jungen Mann eine Stimme, der einen \u00e4hnlichen Lebensweg gegangen ist wie der Autor selbst. Little Dog, geboren in Vietnam und mit seiner Mutter in die USA ausgewandert, sucht in einem Brief an seine Mutter, die Analphabetin ist, Antworten auf die Fragen seiner Existenz. Er erz\u00e4hlt von der schwierigen Beziehung zu seiner Mutter, die im Vietnamkrieg als Kind einer Vietnamesin und eines amerikanischen Soldaten geboren wurde und mit ihrem Job in einem Nagelstudio die kleine Familie gerade \u00fcber Wasser h\u00e4lt, von der Suche nach seiner Identit\u00e4t als junger Amerikaner mit asiatischen Wurzeln und von seiner ersten romantischen Begegnung mit Trevor, den er eines Sommers bei einem Job auf einer Tabakfarm kennenlernt. Mit kraftvoller Poesie schreibt Vuong \u00fcber ein Leben, das von Gewalt und Zartheit gleicherma\u00dfen ersch\u00fcttert wird \u2013 und das uns Leser ergreift und nicht mehr losl\u00e4sst. Ocean Vuong Ocean Vuong wurde 1988 in Vietnam geboren und lebte gerade mal ein Jahr in seiner Heimat, als seine Eltern mit ihm \u00fcber die Philippinen in die USA auswanderten. Bereits in jungen Jahren schrieb er seine ersten Gedichte und ver\u00f6ffentlichte 2010 sein erstes Leseheft Burnings. F\u00fcr seine nachfolgenden Werke erhielt Vuong unterschiedlichste Preise wie den Narrative Prize in 2015 und den T.S. Eliot Prize f\u00fcr seine Gedichtssammlung Night Sky with Exit Wounds in 2017. Mit seinem neuesten Werk Auf Erden sind wir kurz grandios landete er auf der Bestseller-Liste der New York Times.","og_url":"https:\/\/lieblingsromane-trier.de\/?page_id=372","og_site_name":"Lieblingsromane","article_modified_time":"2022-01-05T21:38:06+00:00","og_image":[{"url":"http:\/\/lieblingsromane-trier.de\/wp-content\/uploads\/2019\/12\/ARTK_CT0_9783446263895_0001-627x1024.jpg","type":"","width":"","height":""}],"twitter_card":"summary_large_image","twitter_misc":{"Gesch\u00e4tzte Lesezeit":"2\u00a0Minuten"},"schema":{"@context":"https:\/\/schema.org","@graph":[{"@type":"WebPage","@id":"https:\/\/lieblingsromane-trier.de\/?page_id=372","url":"https:\/\/lieblingsromane-trier.de\/?page_id=372","name":"Auf Erden sind wir kurz grandios - Lieblingsromane","isPartOf":{"@id":"https:\/\/lieblingsromane-trier.de\/#website"},"primaryImageOfPage":{"@id":"https:\/\/lieblingsromane-trier.de\/?page_id=372#primaryimage"},"image":{"@id":"https:\/\/lieblingsromane-trier.de\/?page_id=372#primaryimage"},"thumbnailUrl":"http:\/\/lieblingsromane-trier.de\/wp-content\/uploads\/2019\/12\/ARTK_CT0_9783446263895_0001-627x1024.jpg","datePublished":"2019-11-25T17:21:11+00:00","dateModified":"2022-01-05T21:38:06+00:00","breadcrumb":{"@id":"https:\/\/lieblingsromane-trier.de\/?page_id=372#breadcrumb"},"inLanguage":"de","potentialAction":[{"@type":"ReadAction","target":["https:\/\/lieblingsromane-trier.de\/?page_id=372"]}]},{"@type":"ImageObject","inLanguage":"de","@id":"https:\/\/lieblingsromane-trier.de\/?page_id=372#primaryimage","url":"http:\/\/lieblingsromane-trier.de\/wp-content\/uploads\/2019\/12\/ARTK_CT0_9783446263895_0001-627x1024.jpg","contentUrl":"http:\/\/lieblingsromane-trier.de\/wp-content\/uploads\/2019\/12\/ARTK_CT0_9783446263895_0001-627x1024.jpg"},{"@type":"BreadcrumbList","@id":"https:\/\/lieblingsromane-trier.de\/?page_id=372#breadcrumb","itemListElement":[{"@type":"ListItem","position":1,"name":"Startseite","item":"https:\/\/lieblingsromane-trier.de\/"},{"@type":"ListItem","position":2,"name":"Archiv","item":"https:\/\/lieblingsromane-trier.de\/?page_id=324"},{"@type":"ListItem","position":3,"name":"2020","item":"https:\/\/lieblingsromane-trier.de\/?page_id=443"},{"@type":"ListItem","position":4,"name":"Auf Erden sind wir kurz grandios"}]},{"@type":"WebSite","@id":"https:\/\/lieblingsromane-trier.de\/#website","url":"https:\/\/lieblingsromane-trier.de\/","name":"Lieblingsromane 2018","description":"Eine Veranstaltung der Universit\u00e4t Trier","potentialAction":[{"@type":"SearchAction","target":{"@type":"EntryPoint","urlTemplate":"https:\/\/lieblingsromane-trier.de\/?s={search_term_string}"},"query-input":{"@type":"PropertyValueSpecification","valueRequired":true,"valueName":"search_term_string"}}],"inLanguage":"de"}]}},"_links":{"self":[{"href":"https:\/\/lieblingsromane-trier.de\/index.php?rest_route=\/wp\/v2\/pages\/372","targetHints":{"allow":["GET"]}}],"collection":[{"href":"https:\/\/lieblingsromane-trier.de\/index.php?rest_route=\/wp\/v2\/pages"}],"about":[{"href":"https:\/\/lieblingsromane-trier.de\/index.php?rest_route=\/wp\/v2\/types\/page"}],"author":[{"embeddable":true,"href":"https:\/\/lieblingsromane-trier.de\/index.php?rest_route=\/wp\/v2\/users\/1"}],"replies":[{"embeddable":true,"href":"https:\/\/lieblingsromane-trier.de\/index.php?rest_route=%2Fwp%2Fv2%2Fcomments&post=372"}],"version-history":[{"count":7,"href":"https:\/\/lieblingsromane-trier.de\/index.php?rest_route=\/wp\/v2\/pages\/372\/revisions"}],"predecessor-version":[{"id":1103,"href":"https:\/\/lieblingsromane-trier.de\/index.php?rest_route=\/wp\/v2\/pages\/372\/revisions\/1103"}],"up":[{"embeddable":true,"href":"https:\/\/lieblingsromane-trier.de\/index.php?rest_route=\/wp\/v2\/pages\/443"}],"wp:attachment":[{"href":"https:\/\/lieblingsromane-trier.de\/index.php?rest_route=%2Fwp%2Fv2%2Fmedia&parent=372"}],"curies":[{"name":"wp","href":"https:\/\/api.w.org\/{rel}","templated":true}]}}