{"id":368,"date":"2019-11-25T18:15:23","date_gmt":"2019-11-25T17:15:23","guid":{"rendered":"http:\/\/lieblingsromane-trier.de\/?page_id=368"},"modified":"2022-01-05T22:37:45","modified_gmt":"2022-01-05T21:37:45","slug":"the-testaments","status":"publish","type":"page","link":"https:\/\/lieblingsromane-trier.de\/?page_id=368","title":{"rendered":"Die Zeuginnen"},"content":{"rendered":"\n<div class=\"wp-block-media-text alignwide is-stacked-on-mobile\" style=\"grid-template-columns:27% auto\"><figure class=\"wp-block-media-text__media\"><img fetchpriority=\"high\" decoding=\"async\" width=\"643\" height=\"1024\" src=\"http:\/\/lieblingsromane-trier.de\/wp-content\/uploads\/2019\/12\/produkt-10005752-print-643x1024.jpg\" alt=\"\" class=\"wp-image-393 size-full\" srcset=\"https:\/\/lieblingsromane-trier.de\/wp-content\/uploads\/2019\/12\/produkt-10005752-print-643x1024.jpg 643w, https:\/\/lieblingsromane-trier.de\/wp-content\/uploads\/2019\/12\/produkt-10005752-print-188x300.jpg 188w, https:\/\/lieblingsromane-trier.de\/wp-content\/uploads\/2019\/12\/produkt-10005752-print-768x1224.jpg 768w, https:\/\/lieblingsromane-trier.de\/wp-content\/uploads\/2019\/12\/produkt-10005752-print-964x1536.jpg 964w, https:\/\/lieblingsromane-trier.de\/wp-content\/uploads\/2019\/12\/produkt-10005752-print-1285x2048.jpg 1285w, https:\/\/lieblingsromane-trier.de\/wp-content\/uploads\/2019\/12\/produkt-10005752-print-1140x1817.jpg 1140w, https:\/\/lieblingsromane-trier.de\/wp-content\/uploads\/2019\/12\/produkt-10005752-print-scaled.jpg 1606w\" sizes=\"(max-width: 643px) 100vw, 643px\" \/><\/figure><div class=\"wp-block-media-text__content\">\n<p class=\"has-text-align-left\" style=\"font-size:14px\">Nach \u00fcber 30 Jahren nimmt Margaret Atwood uns ein weiteres Mal mit auf eine Reise in den theokratischen Staat Gilead. In <em>Die Zeuginnen<\/em>, dessen Handlung rund f\u00fcnfzehn Jahre nach der des Vorg\u00e4ngerromans <em>Der Report der Magd<\/em> (ver\u00f6ffentlicht 1985) spielt, treffen die Leser auf teils bekannte, teils neue Charaktere, die ihnen die dystopische Realit\u00e4t Gileads aus drei Erz\u00e4hlperspektiven schildern. Eine der drei Frauen, die hier ihre Geschichte erz\u00e4hlt, ist das M\u00e4dchen Agnes, das in Gilead als Tochter eines Kommandanten aufw\u00e4chst und schon bald verheiratet werden soll. Ganz und gar gegens\u00e4tzlich erscheint die Wirklichkeit der in Kanada lebenden Daisy, deren Leben eine unerwartete Wendung nimmt und die junge Frau in ihrem Sein ersch\u00fcttert. Als dritte Hauptfigur vernehmen die Leser die schon vertraute und doch fremde Stimme Tante Lydias, die auf vielf\u00e4ltige Weise \u00fcberrascht. Nachdem die Wege der so unterschiedlichen Protagonistinnen im Laufe der Geschichte schicksalhaft zueinanderfinden ist nichts mehr wie es einmal war. <\/p>\n<\/div><\/div>\n\n\n\n<h3 class=\"has-text-align-center wp-block-heading\">Margaret Atwood<\/h3>\n\n\n\n<p style=\"font-size:14px\">Margaret Atwood wurde 1939 im kanadischen Ottawa geboren und geh\u00f6rt zu den bekanntesten und erfolgreichsten Autorinnen unserer Zeit. Ihre Werke, die in \u00fcber 20 Sprachen \u00fcbersetzt wurden, verhandeln oftmals gesellschaftskritische Themen wie Feminismus, Religion und Politik. Atwood wurde vielfach national und international ausgezeichnet, zuletzt mit dem Booker Prize 2019 f\u00fcr <em>Die Zeuginnen<\/em>. <\/p>\n","protected":false},"excerpt":{"rendered":"<p>Nach \u00fcber 30 Jahren nimmt Margaret Atwood uns ein weiteres Mal mit auf eine Reise in den theokratischen Staat Gilead. In Die Zeuginnen, dessen Handlung rund f\u00fcnfzehn Jahre nach der des Vorg\u00e4ngerromans Der Report der Magd (ver\u00f6ffentlicht 1985) spielt, treffen die Leser auf teils bekannte, teils neue Charaktere, die ihnen die dystopische Realit\u00e4t Gileads aus drei Erz\u00e4hlperspektiven schildern. Eine der drei Frauen, die hier ihre Geschichte erz\u00e4hlt, ist das M\u00e4dchen Agnes, das in Gilead als Tochter eines Kommandanten aufw\u00e4chst und schon bald verheiratet werden soll. Ganz und gar gegens\u00e4tzlich erscheint die Wirklichkeit der in Kanada lebenden Daisy, deren Leben eine unerwartete Wendung nimmt und die junge Frau in ihrem Sein ersch\u00fcttert. Als dritte Hauptfigur vernehmen die Leser die schon vertraute und doch fremde Stimme Tante Lydias, die auf vielf\u00e4ltige Weise \u00fcberrascht. Nachdem die Wege der so unterschiedlichen Protagonistinnen im Laufe der Geschichte schicksalhaft zueinanderfinden ist nichts mehr wie es einmal war. Margaret Atwood Margaret Atwood wurde 1939 im kanadischen Ottawa geboren und geh\u00f6rt zu den bekanntesten und erfolgreichsten Autorinnen unserer Zeit. Ihre Werke, die in \u00fcber 20 Sprachen \u00fcbersetzt wurden, verhandeln oftmals gesellschaftskritische Themen wie Feminismus, Religion und Politik. Atwood wurde vielfach national und international ausgezeichnet, zuletzt mit dem Booker Prize 2019 f\u00fcr Die Zeuginnen.<\/p>\n","protected":false},"author":1,"featured_media":0,"parent":0,"menu_order":0,"comment_status":"closed","ping_status":"closed","template":"","meta":{"footnotes":""},"class_list":["post-368","page","type-page","status-publish","hentry"],"yoast_head":"<!-- This site is optimized with the Yoast SEO plugin v27.5 - https:\/\/yoast.com\/product\/yoast-seo-wordpress\/ -->\n<title>Die Zeuginnen - Lieblingsromane<\/title>\n<meta name=\"robots\" content=\"index, follow, max-snippet:-1, max-image-preview:large, max-video-preview:-1\" \/>\n<link rel=\"canonical\" href=\"https:\/\/lieblingsromane-trier.de\/?page_id=368\" \/>\n<meta property=\"og:locale\" content=\"de_DE\" \/>\n<meta property=\"og:type\" content=\"article\" \/>\n<meta property=\"og:title\" content=\"Die Zeuginnen - Lieblingsromane\" \/>\n<meta property=\"og:description\" content=\"Nach \u00fcber 30 Jahren nimmt Margaret Atwood uns ein weiteres Mal mit auf eine Reise in den theokratischen Staat Gilead. In Die Zeuginnen, dessen Handlung rund f\u00fcnfzehn Jahre nach der des Vorg\u00e4ngerromans Der Report der Magd (ver\u00f6ffentlicht 1985) spielt, treffen die Leser auf teils bekannte, teils neue Charaktere, die ihnen die dystopische Realit\u00e4t Gileads aus drei Erz\u00e4hlperspektiven schildern. Eine der drei Frauen, die hier ihre Geschichte erz\u00e4hlt, ist das M\u00e4dchen Agnes, das in Gilead als Tochter eines Kommandanten aufw\u00e4chst und schon bald verheiratet werden soll. Ganz und gar gegens\u00e4tzlich erscheint die Wirklichkeit der in Kanada lebenden Daisy, deren Leben eine unerwartete Wendung nimmt und die junge Frau in ihrem Sein ersch\u00fcttert. Als dritte Hauptfigur vernehmen die Leser die schon vertraute und doch fremde Stimme Tante Lydias, die auf vielf\u00e4ltige Weise \u00fcberrascht. Nachdem die Wege der so unterschiedlichen Protagonistinnen im Laufe der Geschichte schicksalhaft zueinanderfinden ist nichts mehr wie es einmal war. Margaret Atwood Margaret Atwood wurde 1939 im kanadischen Ottawa geboren und geh\u00f6rt zu den bekanntesten und erfolgreichsten Autorinnen unserer Zeit. Ihre Werke, die in \u00fcber 20 Sprachen \u00fcbersetzt wurden, verhandeln oftmals gesellschaftskritische Themen wie Feminismus, Religion und Politik. Atwood wurde vielfach national und international ausgezeichnet, zuletzt mit dem Booker Prize 2019 f\u00fcr Die Zeuginnen.\" \/>\n<meta property=\"og:url\" content=\"https:\/\/lieblingsromane-trier.de\/?page_id=368\" \/>\n<meta property=\"og:site_name\" content=\"Lieblingsromane\" \/>\n<meta property=\"article:modified_time\" content=\"2022-01-05T21:37:45+00:00\" \/>\n<meta property=\"og:image\" content=\"http:\/\/lieblingsromane-trier.de\/wp-content\/uploads\/2019\/12\/produkt-10005752-print-643x1024.jpg\" \/>\n<meta name=\"twitter:card\" content=\"summary_large_image\" \/>\n<meta name=\"twitter:label1\" content=\"Gesch\u00e4tzte Lesezeit\" \/>\n\t<meta name=\"twitter:data1\" content=\"2\u00a0Minuten\" \/>\n<script type=\"application\/ld+json\" class=\"yoast-schema-graph\">{\"@context\":\"https:\\\/\\\/schema.org\",\"@graph\":[{\"@type\":\"WebPage\",\"@id\":\"https:\\\/\\\/lieblingsromane-trier.de\\\/?page_id=368\",\"url\":\"https:\\\/\\\/lieblingsromane-trier.de\\\/?page_id=368\",\"name\":\"Die Zeuginnen - Lieblingsromane\",\"isPartOf\":{\"@id\":\"https:\\\/\\\/lieblingsromane-trier.de\\\/#website\"},\"primaryImageOfPage\":{\"@id\":\"https:\\\/\\\/lieblingsromane-trier.de\\\/?page_id=368#primaryimage\"},\"image\":{\"@id\":\"https:\\\/\\\/lieblingsromane-trier.de\\\/?page_id=368#primaryimage\"},\"thumbnailUrl\":\"http:\\\/\\\/lieblingsromane-trier.de\\\/wp-content\\\/uploads\\\/2019\\\/12\\\/produkt-10005752-print-643x1024.jpg\",\"datePublished\":\"2019-11-25T17:15:23+00:00\",\"dateModified\":\"2022-01-05T21:37:45+00:00\",\"breadcrumb\":{\"@id\":\"https:\\\/\\\/lieblingsromane-trier.de\\\/?page_id=368#breadcrumb\"},\"inLanguage\":\"de\",\"potentialAction\":[{\"@type\":\"ReadAction\",\"target\":[\"https:\\\/\\\/lieblingsromane-trier.de\\\/?page_id=368\"]}]},{\"@type\":\"ImageObject\",\"inLanguage\":\"de\",\"@id\":\"https:\\\/\\\/lieblingsromane-trier.de\\\/?page_id=368#primaryimage\",\"url\":\"http:\\\/\\\/lieblingsromane-trier.de\\\/wp-content\\\/uploads\\\/2019\\\/12\\\/produkt-10005752-print-643x1024.jpg\",\"contentUrl\":\"http:\\\/\\\/lieblingsromane-trier.de\\\/wp-content\\\/uploads\\\/2019\\\/12\\\/produkt-10005752-print-643x1024.jpg\"},{\"@type\":\"BreadcrumbList\",\"@id\":\"https:\\\/\\\/lieblingsromane-trier.de\\\/?page_id=368#breadcrumb\",\"itemListElement\":[{\"@type\":\"ListItem\",\"position\":1,\"name\":\"Startseite\",\"item\":\"https:\\\/\\\/lieblingsromane-trier.de\\\/\"},{\"@type\":\"ListItem\",\"position\":2,\"name\":\"Die Zeuginnen\"}]},{\"@type\":\"WebSite\",\"@id\":\"https:\\\/\\\/lieblingsromane-trier.de\\\/#website\",\"url\":\"https:\\\/\\\/lieblingsromane-trier.de\\\/\",\"name\":\"Lieblingsromane 2018\",\"description\":\"Eine Veranstaltung der Universit\u00e4t Trier\",\"potentialAction\":[{\"@type\":\"SearchAction\",\"target\":{\"@type\":\"EntryPoint\",\"urlTemplate\":\"https:\\\/\\\/lieblingsromane-trier.de\\\/?s={search_term_string}\"},\"query-input\":{\"@type\":\"PropertyValueSpecification\",\"valueRequired\":true,\"valueName\":\"search_term_string\"}}],\"inLanguage\":\"de\"}]}<\/script>\n<!-- \/ Yoast SEO plugin. -->","yoast_head_json":{"title":"Die Zeuginnen - Lieblingsromane","robots":{"index":"index","follow":"follow","max-snippet":"max-snippet:-1","max-image-preview":"max-image-preview:large","max-video-preview":"max-video-preview:-1"},"canonical":"https:\/\/lieblingsromane-trier.de\/?page_id=368","og_locale":"de_DE","og_type":"article","og_title":"Die Zeuginnen - Lieblingsromane","og_description":"Nach \u00fcber 30 Jahren nimmt Margaret Atwood uns ein weiteres Mal mit auf eine Reise in den theokratischen Staat Gilead. In Die Zeuginnen, dessen Handlung rund f\u00fcnfzehn Jahre nach der des Vorg\u00e4ngerromans Der Report der Magd (ver\u00f6ffentlicht 1985) spielt, treffen die Leser auf teils bekannte, teils neue Charaktere, die ihnen die dystopische Realit\u00e4t Gileads aus drei Erz\u00e4hlperspektiven schildern. Eine der drei Frauen, die hier ihre Geschichte erz\u00e4hlt, ist das M\u00e4dchen Agnes, das in Gilead als Tochter eines Kommandanten aufw\u00e4chst und schon bald verheiratet werden soll. Ganz und gar gegens\u00e4tzlich erscheint die Wirklichkeit der in Kanada lebenden Daisy, deren Leben eine unerwartete Wendung nimmt und die junge Frau in ihrem Sein ersch\u00fcttert. Als dritte Hauptfigur vernehmen die Leser die schon vertraute und doch fremde Stimme Tante Lydias, die auf vielf\u00e4ltige Weise \u00fcberrascht. Nachdem die Wege der so unterschiedlichen Protagonistinnen im Laufe der Geschichte schicksalhaft zueinanderfinden ist nichts mehr wie es einmal war. Margaret Atwood Margaret Atwood wurde 1939 im kanadischen Ottawa geboren und geh\u00f6rt zu den bekanntesten und erfolgreichsten Autorinnen unserer Zeit. Ihre Werke, die in \u00fcber 20 Sprachen \u00fcbersetzt wurden, verhandeln oftmals gesellschaftskritische Themen wie Feminismus, Religion und Politik. Atwood wurde vielfach national und international ausgezeichnet, zuletzt mit dem Booker Prize 2019 f\u00fcr Die Zeuginnen.","og_url":"https:\/\/lieblingsromane-trier.de\/?page_id=368","og_site_name":"Lieblingsromane","article_modified_time":"2022-01-05T21:37:45+00:00","og_image":[{"url":"http:\/\/lieblingsromane-trier.de\/wp-content\/uploads\/2019\/12\/produkt-10005752-print-643x1024.jpg","type":"","width":"","height":""}],"twitter_card":"summary_large_image","twitter_misc":{"Gesch\u00e4tzte Lesezeit":"2\u00a0Minuten"},"schema":{"@context":"https:\/\/schema.org","@graph":[{"@type":"WebPage","@id":"https:\/\/lieblingsromane-trier.de\/?page_id=368","url":"https:\/\/lieblingsromane-trier.de\/?page_id=368","name":"Die Zeuginnen - Lieblingsromane","isPartOf":{"@id":"https:\/\/lieblingsromane-trier.de\/#website"},"primaryImageOfPage":{"@id":"https:\/\/lieblingsromane-trier.de\/?page_id=368#primaryimage"},"image":{"@id":"https:\/\/lieblingsromane-trier.de\/?page_id=368#primaryimage"},"thumbnailUrl":"http:\/\/lieblingsromane-trier.de\/wp-content\/uploads\/2019\/12\/produkt-10005752-print-643x1024.jpg","datePublished":"2019-11-25T17:15:23+00:00","dateModified":"2022-01-05T21:37:45+00:00","breadcrumb":{"@id":"https:\/\/lieblingsromane-trier.de\/?page_id=368#breadcrumb"},"inLanguage":"de","potentialAction":[{"@type":"ReadAction","target":["https:\/\/lieblingsromane-trier.de\/?page_id=368"]}]},{"@type":"ImageObject","inLanguage":"de","@id":"https:\/\/lieblingsromane-trier.de\/?page_id=368#primaryimage","url":"http:\/\/lieblingsromane-trier.de\/wp-content\/uploads\/2019\/12\/produkt-10005752-print-643x1024.jpg","contentUrl":"http:\/\/lieblingsromane-trier.de\/wp-content\/uploads\/2019\/12\/produkt-10005752-print-643x1024.jpg"},{"@type":"BreadcrumbList","@id":"https:\/\/lieblingsromane-trier.de\/?page_id=368#breadcrumb","itemListElement":[{"@type":"ListItem","position":1,"name":"Startseite","item":"https:\/\/lieblingsromane-trier.de\/"},{"@type":"ListItem","position":2,"name":"Die Zeuginnen"}]},{"@type":"WebSite","@id":"https:\/\/lieblingsromane-trier.de\/#website","url":"https:\/\/lieblingsromane-trier.de\/","name":"Lieblingsromane 2018","description":"Eine Veranstaltung der Universit\u00e4t Trier","potentialAction":[{"@type":"SearchAction","target":{"@type":"EntryPoint","urlTemplate":"https:\/\/lieblingsromane-trier.de\/?s={search_term_string}"},"query-input":{"@type":"PropertyValueSpecification","valueRequired":true,"valueName":"search_term_string"}}],"inLanguage":"de"}]}},"_links":{"self":[{"href":"https:\/\/lieblingsromane-trier.de\/index.php?rest_route=\/wp\/v2\/pages\/368","targetHints":{"allow":["GET"]}}],"collection":[{"href":"https:\/\/lieblingsromane-trier.de\/index.php?rest_route=\/wp\/v2\/pages"}],"about":[{"href":"https:\/\/lieblingsromane-trier.de\/index.php?rest_route=\/wp\/v2\/types\/page"}],"author":[{"embeddable":true,"href":"https:\/\/lieblingsromane-trier.de\/index.php?rest_route=\/wp\/v2\/users\/1"}],"replies":[{"embeddable":true,"href":"https:\/\/lieblingsromane-trier.de\/index.php?rest_route=%2Fwp%2Fv2%2Fcomments&post=368"}],"version-history":[{"count":9,"href":"https:\/\/lieblingsromane-trier.de\/index.php?rest_route=\/wp\/v2\/pages\/368\/revisions"}],"predecessor-version":[{"id":1102,"href":"https:\/\/lieblingsromane-trier.de\/index.php?rest_route=\/wp\/v2\/pages\/368\/revisions\/1102"}],"wp:attachment":[{"href":"https:\/\/lieblingsromane-trier.de\/index.php?rest_route=%2Fwp%2Fv2%2Fmedia&parent=368"}],"curies":[{"name":"wp","href":"https:\/\/api.w.org\/{rel}","templated":true}]}}