{"id":362,"date":"2019-11-25T17:59:35","date_gmt":"2019-11-25T16:59:35","guid":{"rendered":"http:\/\/lieblingsromane-trier.de\/?page_id=362"},"modified":"2022-01-05T22:37:22","modified_gmt":"2022-01-05T21:37:22","slug":"machines-like-me","status":"publish","type":"page","link":"https:\/\/lieblingsromane-trier.de\/?page_id=362","title":{"rendered":"Maschinen wie ich"},"content":{"rendered":"\n<div class=\"wp-block-media-text alignwide is-stacked-on-mobile\" style=\"grid-template-columns:27% auto\"><figure class=\"wp-block-media-text__media\"><img fetchpriority=\"high\" decoding=\"async\" width=\"327\" height=\"500\" src=\"https:\/\/lieblingsromane-trier.de\/wp-content\/uploads\/2019\/11\/41T7tD1jgBL.jpg\" alt=\"\" class=\"wp-image-363 size-full\" srcset=\"https:\/\/lieblingsromane-trier.de\/wp-content\/uploads\/2019\/11\/41T7tD1jgBL.jpg 327w, https:\/\/lieblingsromane-trier.de\/wp-content\/uploads\/2019\/11\/41T7tD1jgBL-196x300.jpg 196w\" sizes=\"(max-width: 327px) 100vw, 327px\" \/><\/figure><div class=\"wp-block-media-text__content\">\n<p style=\"font-size:14px\">London, im Jahr 1982. Gro\u00dfbritannien hat den Falklandkrieg gegen Argentinien verloren und die Premierministerin Margaret Thatcher muss um ihre politische Stellung k\u00e4mpfen. Der Wissenschaftler Alan Turing starb nicht und errang in dieser computerisierten und hoch technologisierten Welt einen Durchbruch im Bereich der k\u00fcnstlichen Intelligenz und entwickelte lebensechte Androiden. Die Geschichte beginnt, als Charlie, der Erz\u00e4hler, sein gesamtes Erbe daf\u00fcr verwendet einen der 25 neu entwickelten menschen\u00e4hnlichen Roboter zu kaufen, einen Adam. Mit seiner Nachbarin und zehn Jahre j\u00fcngeren Partnerin Miranda, die ein dunkles Geheimnis verbirgt, und Adam, dem sch\u00f6nen, starken und nahezu perfekten \u201eMenschen\u201c, entwickelt sich schon bald eine Dreiecksgeschichte. Es stellt sich die Frage: kann eine Maschine Moral verstehen, hat sie ein Gewissen und kann sie denken, leiden und lieben?<\/p>\n<\/div><\/div>\n\n\n\n<div style=\"height:20px\" aria-hidden=\"true\" class=\"wp-block-spacer\"><\/div>\n\n\n\n<h3 class=\"has-text-align-center wp-block-heading\">Ian McEwan<\/h3>\n\n\n\n<p style=\"font-size:14px\">Der 1948 in Aldershot geborene Autor von siebzehn B\u00fcchern ist einer der bekanntesten und beliebtesten englischen Schriftsteller unserer Zeit. F\u00fcr viele seiner Werke erhielt er Auszeichnungen, wie 1998 den Booker Preis f\u00fcr seinen Roman <em>Amsterdam<\/em> und 1999 den Shakespeare Preis f\u00fcr sein Gesamtwerk. Seit seinem Welterfolg mit <em>Abbitte<\/em> 2001 war jeder seiner Romane ein Nummer-Eins-Bestseller und die meisten seiner Werke wurden verfilmt. <\/p>\n","protected":false},"excerpt":{"rendered":"<p>London, im Jahr 1982. Gro\u00dfbritannien hat den Falklandkrieg gegen Argentinien verloren und die Premierministerin Margaret Thatcher muss um ihre politische Stellung k\u00e4mpfen. Der Wissenschaftler Alan Turing starb nicht und errang in dieser computerisierten und hoch technologisierten Welt einen Durchbruch im Bereich der k\u00fcnstlichen Intelligenz und entwickelte lebensechte Androiden. Die Geschichte beginnt, als Charlie, der Erz\u00e4hler, sein gesamtes Erbe daf\u00fcr verwendet einen der 25 neu entwickelten menschen\u00e4hnlichen Roboter zu kaufen, einen Adam. Mit seiner Nachbarin und zehn Jahre j\u00fcngeren Partnerin Miranda, die ein dunkles Geheimnis verbirgt, und Adam, dem sch\u00f6nen, starken und nahezu perfekten \u201eMenschen\u201c, entwickelt sich schon bald eine Dreiecksgeschichte. Es stellt sich die Frage: kann eine Maschine Moral verstehen, hat sie ein Gewissen und kann sie denken, leiden und lieben? Ian McEwan Der 1948 in Aldershot geborene Autor von siebzehn B\u00fcchern ist einer der bekanntesten und beliebtesten englischen Schriftsteller unserer Zeit. F\u00fcr viele seiner Werke erhielt er Auszeichnungen, wie 1998 den Booker Preis f\u00fcr seinen Roman Amsterdam und 1999 den Shakespeare Preis f\u00fcr sein Gesamtwerk. Seit seinem Welterfolg mit Abbitte 2001 war jeder seiner Romane ein Nummer-Eins-Bestseller und die meisten seiner Werke wurden verfilmt.<\/p>\n","protected":false},"author":1,"featured_media":0,"parent":0,"menu_order":0,"comment_status":"closed","ping_status":"closed","template":"","meta":{"footnotes":""},"class_list":["post-362","page","type-page","status-publish","hentry"],"yoast_head":"<!-- This site is optimized with the Yoast SEO plugin v27.4 - https:\/\/yoast.com\/product\/yoast-seo-wordpress\/ -->\n<title>Maschinen wie ich - Lieblingsromane<\/title>\n<meta name=\"robots\" content=\"index, follow, max-snippet:-1, max-image-preview:large, max-video-preview:-1\" \/>\n<link rel=\"canonical\" href=\"https:\/\/lieblingsromane-trier.de\/?page_id=362\" \/>\n<meta property=\"og:locale\" content=\"de_DE\" \/>\n<meta property=\"og:type\" content=\"article\" \/>\n<meta property=\"og:title\" content=\"Maschinen wie ich - Lieblingsromane\" \/>\n<meta property=\"og:description\" content=\"London, im Jahr 1982. Gro\u00dfbritannien hat den Falklandkrieg gegen Argentinien verloren und die Premierministerin Margaret Thatcher muss um ihre politische Stellung k\u00e4mpfen. Der Wissenschaftler Alan Turing starb nicht und errang in dieser computerisierten und hoch technologisierten Welt einen Durchbruch im Bereich der k\u00fcnstlichen Intelligenz und entwickelte lebensechte Androiden. Die Geschichte beginnt, als Charlie, der Erz\u00e4hler, sein gesamtes Erbe daf\u00fcr verwendet einen der 25 neu entwickelten menschen\u00e4hnlichen Roboter zu kaufen, einen Adam. Mit seiner Nachbarin und zehn Jahre j\u00fcngeren Partnerin Miranda, die ein dunkles Geheimnis verbirgt, und Adam, dem sch\u00f6nen, starken und nahezu perfekten \u201eMenschen\u201c, entwickelt sich schon bald eine Dreiecksgeschichte. Es stellt sich die Frage: kann eine Maschine Moral verstehen, hat sie ein Gewissen und kann sie denken, leiden und lieben? Ian McEwan Der 1948 in Aldershot geborene Autor von siebzehn B\u00fcchern ist einer der bekanntesten und beliebtesten englischen Schriftsteller unserer Zeit. F\u00fcr viele seiner Werke erhielt er Auszeichnungen, wie 1998 den Booker Preis f\u00fcr seinen Roman Amsterdam und 1999 den Shakespeare Preis f\u00fcr sein Gesamtwerk. Seit seinem Welterfolg mit Abbitte 2001 war jeder seiner Romane ein Nummer-Eins-Bestseller und die meisten seiner Werke wurden verfilmt.\" \/>\n<meta property=\"og:url\" content=\"https:\/\/lieblingsromane-trier.de\/?page_id=362\" \/>\n<meta property=\"og:site_name\" content=\"Lieblingsromane\" \/>\n<meta property=\"article:modified_time\" content=\"2022-01-05T21:37:22+00:00\" \/>\n<meta property=\"og:image\" content=\"https:\/\/lieblingsromane-trier.de\/wp-content\/uploads\/2019\/11\/41T7tD1jgBL.jpg\" \/>\n<meta name=\"twitter:card\" content=\"summary_large_image\" \/>\n<meta name=\"twitter:label1\" content=\"Gesch\u00e4tzte Lesezeit\" \/>\n\t<meta name=\"twitter:data1\" content=\"2\u00a0Minuten\" \/>\n<script type=\"application\/ld+json\" class=\"yoast-schema-graph\">{\"@context\":\"https:\\\/\\\/schema.org\",\"@graph\":[{\"@type\":\"WebPage\",\"@id\":\"https:\\\/\\\/lieblingsromane-trier.de\\\/?page_id=362\",\"url\":\"https:\\\/\\\/lieblingsromane-trier.de\\\/?page_id=362\",\"name\":\"Maschinen wie ich - Lieblingsromane\",\"isPartOf\":{\"@id\":\"https:\\\/\\\/lieblingsromane-trier.de\\\/#website\"},\"primaryImageOfPage\":{\"@id\":\"https:\\\/\\\/lieblingsromane-trier.de\\\/?page_id=362#primaryimage\"},\"image\":{\"@id\":\"https:\\\/\\\/lieblingsromane-trier.de\\\/?page_id=362#primaryimage\"},\"thumbnailUrl\":\"https:\\\/\\\/lieblingsromane-trier.de\\\/wp-content\\\/uploads\\\/2019\\\/11\\\/41T7tD1jgBL.jpg\",\"datePublished\":\"2019-11-25T16:59:35+00:00\",\"dateModified\":\"2022-01-05T21:37:22+00:00\",\"breadcrumb\":{\"@id\":\"https:\\\/\\\/lieblingsromane-trier.de\\\/?page_id=362#breadcrumb\"},\"inLanguage\":\"de\",\"potentialAction\":[{\"@type\":\"ReadAction\",\"target\":[\"https:\\\/\\\/lieblingsromane-trier.de\\\/?page_id=362\"]}]},{\"@type\":\"ImageObject\",\"inLanguage\":\"de\",\"@id\":\"https:\\\/\\\/lieblingsromane-trier.de\\\/?page_id=362#primaryimage\",\"url\":\"https:\\\/\\\/lieblingsromane-trier.de\\\/wp-content\\\/uploads\\\/2019\\\/11\\\/41T7tD1jgBL.jpg\",\"contentUrl\":\"https:\\\/\\\/lieblingsromane-trier.de\\\/wp-content\\\/uploads\\\/2019\\\/11\\\/41T7tD1jgBL.jpg\",\"width\":327,\"height\":500},{\"@type\":\"BreadcrumbList\",\"@id\":\"https:\\\/\\\/lieblingsromane-trier.de\\\/?page_id=362#breadcrumb\",\"itemListElement\":[{\"@type\":\"ListItem\",\"position\":1,\"name\":\"Startseite\",\"item\":\"https:\\\/\\\/lieblingsromane-trier.de\\\/\"},{\"@type\":\"ListItem\",\"position\":2,\"name\":\"Maschinen wie ich\"}]},{\"@type\":\"WebSite\",\"@id\":\"https:\\\/\\\/lieblingsromane-trier.de\\\/#website\",\"url\":\"https:\\\/\\\/lieblingsromane-trier.de\\\/\",\"name\":\"Lieblingsromane 2018\",\"description\":\"Eine Veranstaltung der Universit\u00e4t Trier\",\"potentialAction\":[{\"@type\":\"SearchAction\",\"target\":{\"@type\":\"EntryPoint\",\"urlTemplate\":\"https:\\\/\\\/lieblingsromane-trier.de\\\/?s={search_term_string}\"},\"query-input\":{\"@type\":\"PropertyValueSpecification\",\"valueRequired\":true,\"valueName\":\"search_term_string\"}}],\"inLanguage\":\"de\"}]}<\/script>\n<!-- \/ Yoast SEO plugin. -->","yoast_head_json":{"title":"Maschinen wie ich - Lieblingsromane","robots":{"index":"index","follow":"follow","max-snippet":"max-snippet:-1","max-image-preview":"max-image-preview:large","max-video-preview":"max-video-preview:-1"},"canonical":"https:\/\/lieblingsromane-trier.de\/?page_id=362","og_locale":"de_DE","og_type":"article","og_title":"Maschinen wie ich - Lieblingsromane","og_description":"London, im Jahr 1982. Gro\u00dfbritannien hat den Falklandkrieg gegen Argentinien verloren und die Premierministerin Margaret Thatcher muss um ihre politische Stellung k\u00e4mpfen. Der Wissenschaftler Alan Turing starb nicht und errang in dieser computerisierten und hoch technologisierten Welt einen Durchbruch im Bereich der k\u00fcnstlichen Intelligenz und entwickelte lebensechte Androiden. Die Geschichte beginnt, als Charlie, der Erz\u00e4hler, sein gesamtes Erbe daf\u00fcr verwendet einen der 25 neu entwickelten menschen\u00e4hnlichen Roboter zu kaufen, einen Adam. Mit seiner Nachbarin und zehn Jahre j\u00fcngeren Partnerin Miranda, die ein dunkles Geheimnis verbirgt, und Adam, dem sch\u00f6nen, starken und nahezu perfekten \u201eMenschen\u201c, entwickelt sich schon bald eine Dreiecksgeschichte. Es stellt sich die Frage: kann eine Maschine Moral verstehen, hat sie ein Gewissen und kann sie denken, leiden und lieben? Ian McEwan Der 1948 in Aldershot geborene Autor von siebzehn B\u00fcchern ist einer der bekanntesten und beliebtesten englischen Schriftsteller unserer Zeit. F\u00fcr viele seiner Werke erhielt er Auszeichnungen, wie 1998 den Booker Preis f\u00fcr seinen Roman Amsterdam und 1999 den Shakespeare Preis f\u00fcr sein Gesamtwerk. Seit seinem Welterfolg mit Abbitte 2001 war jeder seiner Romane ein Nummer-Eins-Bestseller und die meisten seiner Werke wurden verfilmt.","og_url":"https:\/\/lieblingsromane-trier.de\/?page_id=362","og_site_name":"Lieblingsromane","article_modified_time":"2022-01-05T21:37:22+00:00","og_image":[{"url":"https:\/\/lieblingsromane-trier.de\/wp-content\/uploads\/2019\/11\/41T7tD1jgBL.jpg","type":"","width":"","height":""}],"twitter_card":"summary_large_image","twitter_misc":{"Gesch\u00e4tzte Lesezeit":"2\u00a0Minuten"},"schema":{"@context":"https:\/\/schema.org","@graph":[{"@type":"WebPage","@id":"https:\/\/lieblingsromane-trier.de\/?page_id=362","url":"https:\/\/lieblingsromane-trier.de\/?page_id=362","name":"Maschinen wie ich - Lieblingsromane","isPartOf":{"@id":"https:\/\/lieblingsromane-trier.de\/#website"},"primaryImageOfPage":{"@id":"https:\/\/lieblingsromane-trier.de\/?page_id=362#primaryimage"},"image":{"@id":"https:\/\/lieblingsromane-trier.de\/?page_id=362#primaryimage"},"thumbnailUrl":"https:\/\/lieblingsromane-trier.de\/wp-content\/uploads\/2019\/11\/41T7tD1jgBL.jpg","datePublished":"2019-11-25T16:59:35+00:00","dateModified":"2022-01-05T21:37:22+00:00","breadcrumb":{"@id":"https:\/\/lieblingsromane-trier.de\/?page_id=362#breadcrumb"},"inLanguage":"de","potentialAction":[{"@type":"ReadAction","target":["https:\/\/lieblingsromane-trier.de\/?page_id=362"]}]},{"@type":"ImageObject","inLanguage":"de","@id":"https:\/\/lieblingsromane-trier.de\/?page_id=362#primaryimage","url":"https:\/\/lieblingsromane-trier.de\/wp-content\/uploads\/2019\/11\/41T7tD1jgBL.jpg","contentUrl":"https:\/\/lieblingsromane-trier.de\/wp-content\/uploads\/2019\/11\/41T7tD1jgBL.jpg","width":327,"height":500},{"@type":"BreadcrumbList","@id":"https:\/\/lieblingsromane-trier.de\/?page_id=362#breadcrumb","itemListElement":[{"@type":"ListItem","position":1,"name":"Startseite","item":"https:\/\/lieblingsromane-trier.de\/"},{"@type":"ListItem","position":2,"name":"Maschinen wie ich"}]},{"@type":"WebSite","@id":"https:\/\/lieblingsromane-trier.de\/#website","url":"https:\/\/lieblingsromane-trier.de\/","name":"Lieblingsromane 2018","description":"Eine Veranstaltung der Universit\u00e4t Trier","potentialAction":[{"@type":"SearchAction","target":{"@type":"EntryPoint","urlTemplate":"https:\/\/lieblingsromane-trier.de\/?s={search_term_string}"},"query-input":{"@type":"PropertyValueSpecification","valueRequired":true,"valueName":"search_term_string"}}],"inLanguage":"de"}]}},"_links":{"self":[{"href":"https:\/\/lieblingsromane-trier.de\/index.php?rest_route=\/wp\/v2\/pages\/362","targetHints":{"allow":["GET"]}}],"collection":[{"href":"https:\/\/lieblingsromane-trier.de\/index.php?rest_route=\/wp\/v2\/pages"}],"about":[{"href":"https:\/\/lieblingsromane-trier.de\/index.php?rest_route=\/wp\/v2\/types\/page"}],"author":[{"embeddable":true,"href":"https:\/\/lieblingsromane-trier.de\/index.php?rest_route=\/wp\/v2\/users\/1"}],"replies":[{"embeddable":true,"href":"https:\/\/lieblingsromane-trier.de\/index.php?rest_route=%2Fwp%2Fv2%2Fcomments&post=362"}],"version-history":[{"count":7,"href":"https:\/\/lieblingsromane-trier.de\/index.php?rest_route=\/wp\/v2\/pages\/362\/revisions"}],"predecessor-version":[{"id":1101,"href":"https:\/\/lieblingsromane-trier.de\/index.php?rest_route=\/wp\/v2\/pages\/362\/revisions\/1101"}],"wp:attachment":[{"href":"https:\/\/lieblingsromane-trier.de\/index.php?rest_route=%2Fwp%2Fv2%2Fmedia&parent=362"}],"curies":[{"name":"wp","href":"https:\/\/api.w.org\/{rel}","templated":true}]}}