{"id":250,"date":"2019-01-03T15:56:12","date_gmt":"2019-01-03T14:56:12","guid":{"rendered":"http:\/\/lieblingsromane-trier.de\/?page_id=250"},"modified":"2026-01-20T12:50:29","modified_gmt":"2026-01-20T11:50:29","slug":"martin-genetsch-2","status":"publish","type":"page","link":"https:\/\/lieblingsromane-trier.de\/?page_id=250","title":{"rendered":"Martin Genetsch"},"content":{"rendered":"\n<p><\/p>\n\n\n\n<p>Jahrgang 1973, verheiratet, zwei Kinder. Studium der Anglistik, Germanistik, Medienkommunikation und des Schulmanagements an der Universit\u00e4t Trier, der University of Essex und an der TU Kaiserslautern. Promotion mit einer von der Studienstiftung des Deutschen Volkes gef\u00f6rderten binational betreuten Dissertation zur postkolonialen anglophonen Literatur Kanadas. 2007-2024 Fachleiter f\u00fcr Englisch f\u00fcr das Lehramt an Gymnasien am Staatlichen Studienseminar in Trier. Seit 2010 Mitglied der Klett-Akademie f\u00fcr Fremdsprachendidaktik. Seit 2024 stellvertretender Seminarleiter am Studienseminar Trier. Neben literaturdidaktischen Veranstaltungen auch literaturwissenschaftlich ausgerichtete Lehrauftr\u00e4ge an der Universit\u00e4t Trier zur britischen Literatur. Rufe auf Literaturdidaktik-Lehrst\u00fchle an der Universit\u00e4t Duisburg-Essen und der Westf\u00e4lischen Wilhelms-Universit\u00e4t M\u00fcnster. Vertretungsprofessur an der Justus-von-Liebig-Universit\u00e4t Gie\u00dfen im Bereich der anglistischen Fachdidaktik.<\/p>\n","protected":false},"excerpt":{"rendered":"<p>Jahrgang 1973, verheiratet, zwei Kinder. Studium der Anglistik, Germanistik, Medienkommunikation und des Schulmanagements an der Universit\u00e4t Trier, der University of Essex und an der TU Kaiserslautern. Promotion mit einer von der Studienstiftung des Deutschen Volkes gef\u00f6rderten binational betreuten Dissertation zur postkolonialen anglophonen Literatur Kanadas. 2007-2024 Fachleiter f\u00fcr Englisch f\u00fcr das Lehramt an Gymnasien am Staatlichen Studienseminar in Trier. Seit 2010 Mitglied der Klett-Akademie f\u00fcr Fremdsprachendidaktik. Seit 2024 stellvertretender Seminarleiter am Studienseminar Trier. Neben literaturdidaktischen Veranstaltungen auch literaturwissenschaftlich ausgerichtete Lehrauftr\u00e4ge an der Universit\u00e4t Trier zur britischen Literatur. Rufe auf Literaturdidaktik-Lehrst\u00fchle an der Universit\u00e4t Duisburg-Essen und der Westf\u00e4lischen Wilhelms-Universit\u00e4t M\u00fcnster. Vertretungsprofessur an der Justus-von-Liebig-Universit\u00e4t Gie\u00dfen im Bereich der anglistischen Fachdidaktik.<\/p>\n","protected":false},"author":1,"featured_media":0,"parent":0,"menu_order":0,"comment_status":"closed","ping_status":"closed","template":"","meta":{"footnotes":""},"class_list":["post-250","page","type-page","status-publish","hentry"],"yoast_head":"<!-- This site is optimized with the Yoast SEO plugin v27.4 - https:\/\/yoast.com\/product\/yoast-seo-wordpress\/ -->\n<title>Martin Genetsch - Lieblingsromane<\/title>\n<meta name=\"robots\" content=\"index, follow, max-snippet:-1, max-image-preview:large, max-video-preview:-1\" \/>\n<link rel=\"canonical\" href=\"https:\/\/lieblingsromane-trier.de\/?page_id=250\" \/>\n<meta property=\"og:locale\" content=\"de_DE\" \/>\n<meta property=\"og:type\" content=\"article\" \/>\n<meta property=\"og:title\" content=\"Martin Genetsch - Lieblingsromane\" \/>\n<meta property=\"og:description\" content=\"Jahrgang 1973, verheiratet, zwei Kinder. Studium der Anglistik, Germanistik, Medienkommunikation und des Schulmanagements an der Universit\u00e4t Trier, der University of Essex und an der TU Kaiserslautern. Promotion mit einer von der Studienstiftung des Deutschen Volkes gef\u00f6rderten binational betreuten Dissertation zur postkolonialen anglophonen Literatur Kanadas. 2007-2024 Fachleiter f\u00fcr Englisch f\u00fcr das Lehramt an Gymnasien am Staatlichen Studienseminar in Trier. Seit 2010 Mitglied der Klett-Akademie f\u00fcr Fremdsprachendidaktik. Seit 2024 stellvertretender Seminarleiter am Studienseminar Trier. Neben literaturdidaktischen Veranstaltungen auch literaturwissenschaftlich ausgerichtete Lehrauftr\u00e4ge an der Universit\u00e4t Trier zur britischen Literatur. Rufe auf Literaturdidaktik-Lehrst\u00fchle an der Universit\u00e4t Duisburg-Essen und der Westf\u00e4lischen Wilhelms-Universit\u00e4t M\u00fcnster. Vertretungsprofessur an der Justus-von-Liebig-Universit\u00e4t Gie\u00dfen im Bereich der anglistischen Fachdidaktik.\" \/>\n<meta property=\"og:url\" content=\"https:\/\/lieblingsromane-trier.de\/?page_id=250\" \/>\n<meta property=\"og:site_name\" content=\"Lieblingsromane\" \/>\n<meta property=\"article:modified_time\" content=\"2026-01-20T11:50:29+00:00\" \/>\n<meta name=\"twitter:card\" content=\"summary_large_image\" \/>\n<meta name=\"twitter:label1\" content=\"Gesch\u00e4tzte Lesezeit\" \/>\n\t<meta name=\"twitter:data1\" content=\"1\u00a0Minute\" \/>\n<script type=\"application\/ld+json\" class=\"yoast-schema-graph\">{\"@context\":\"https:\\\/\\\/schema.org\",\"@graph\":[{\"@type\":\"WebPage\",\"@id\":\"https:\\\/\\\/lieblingsromane-trier.de\\\/?page_id=250\",\"url\":\"https:\\\/\\\/lieblingsromane-trier.de\\\/?page_id=250\",\"name\":\"Martin Genetsch - Lieblingsromane\",\"isPartOf\":{\"@id\":\"https:\\\/\\\/lieblingsromane-trier.de\\\/#website\"},\"datePublished\":\"2019-01-03T14:56:12+00:00\",\"dateModified\":\"2026-01-20T11:50:29+00:00\",\"breadcrumb\":{\"@id\":\"https:\\\/\\\/lieblingsromane-trier.de\\\/?page_id=250#breadcrumb\"},\"inLanguage\":\"de\",\"potentialAction\":[{\"@type\":\"ReadAction\",\"target\":[\"https:\\\/\\\/lieblingsromane-trier.de\\\/?page_id=250\"]}]},{\"@type\":\"BreadcrumbList\",\"@id\":\"https:\\\/\\\/lieblingsromane-trier.de\\\/?page_id=250#breadcrumb\",\"itemListElement\":[{\"@type\":\"ListItem\",\"position\":1,\"name\":\"Startseite\",\"item\":\"https:\\\/\\\/lieblingsromane-trier.de\\\/\"},{\"@type\":\"ListItem\",\"position\":2,\"name\":\"Martin Genetsch\"}]},{\"@type\":\"WebSite\",\"@id\":\"https:\\\/\\\/lieblingsromane-trier.de\\\/#website\",\"url\":\"https:\\\/\\\/lieblingsromane-trier.de\\\/\",\"name\":\"Lieblingsromane 2018\",\"description\":\"Eine Veranstaltung der Universit\u00e4t Trier\",\"potentialAction\":[{\"@type\":\"SearchAction\",\"target\":{\"@type\":\"EntryPoint\",\"urlTemplate\":\"https:\\\/\\\/lieblingsromane-trier.de\\\/?s={search_term_string}\"},\"query-input\":{\"@type\":\"PropertyValueSpecification\",\"valueRequired\":true,\"valueName\":\"search_term_string\"}}],\"inLanguage\":\"de\"}]}<\/script>\n<!-- \/ Yoast SEO plugin. -->","yoast_head_json":{"title":"Martin Genetsch - Lieblingsromane","robots":{"index":"index","follow":"follow","max-snippet":"max-snippet:-1","max-image-preview":"max-image-preview:large","max-video-preview":"max-video-preview:-1"},"canonical":"https:\/\/lieblingsromane-trier.de\/?page_id=250","og_locale":"de_DE","og_type":"article","og_title":"Martin Genetsch - Lieblingsromane","og_description":"Jahrgang 1973, verheiratet, zwei Kinder. Studium der Anglistik, Germanistik, Medienkommunikation und des Schulmanagements an der Universit\u00e4t Trier, der University of Essex und an der TU Kaiserslautern. Promotion mit einer von der Studienstiftung des Deutschen Volkes gef\u00f6rderten binational betreuten Dissertation zur postkolonialen anglophonen Literatur Kanadas. 2007-2024 Fachleiter f\u00fcr Englisch f\u00fcr das Lehramt an Gymnasien am Staatlichen Studienseminar in Trier. Seit 2010 Mitglied der Klett-Akademie f\u00fcr Fremdsprachendidaktik. Seit 2024 stellvertretender Seminarleiter am Studienseminar Trier. Neben literaturdidaktischen Veranstaltungen auch literaturwissenschaftlich ausgerichtete Lehrauftr\u00e4ge an der Universit\u00e4t Trier zur britischen Literatur. Rufe auf Literaturdidaktik-Lehrst\u00fchle an der Universit\u00e4t Duisburg-Essen und der Westf\u00e4lischen Wilhelms-Universit\u00e4t M\u00fcnster. Vertretungsprofessur an der Justus-von-Liebig-Universit\u00e4t Gie\u00dfen im Bereich der anglistischen Fachdidaktik.","og_url":"https:\/\/lieblingsromane-trier.de\/?page_id=250","og_site_name":"Lieblingsromane","article_modified_time":"2026-01-20T11:50:29+00:00","twitter_card":"summary_large_image","twitter_misc":{"Gesch\u00e4tzte Lesezeit":"1\u00a0Minute"},"schema":{"@context":"https:\/\/schema.org","@graph":[{"@type":"WebPage","@id":"https:\/\/lieblingsromane-trier.de\/?page_id=250","url":"https:\/\/lieblingsromane-trier.de\/?page_id=250","name":"Martin Genetsch - Lieblingsromane","isPartOf":{"@id":"https:\/\/lieblingsromane-trier.de\/#website"},"datePublished":"2019-01-03T14:56:12+00:00","dateModified":"2026-01-20T11:50:29+00:00","breadcrumb":{"@id":"https:\/\/lieblingsromane-trier.de\/?page_id=250#breadcrumb"},"inLanguage":"de","potentialAction":[{"@type":"ReadAction","target":["https:\/\/lieblingsromane-trier.de\/?page_id=250"]}]},{"@type":"BreadcrumbList","@id":"https:\/\/lieblingsromane-trier.de\/?page_id=250#breadcrumb","itemListElement":[{"@type":"ListItem","position":1,"name":"Startseite","item":"https:\/\/lieblingsromane-trier.de\/"},{"@type":"ListItem","position":2,"name":"Martin Genetsch"}]},{"@type":"WebSite","@id":"https:\/\/lieblingsromane-trier.de\/#website","url":"https:\/\/lieblingsromane-trier.de\/","name":"Lieblingsromane 2018","description":"Eine Veranstaltung der Universit\u00e4t Trier","potentialAction":[{"@type":"SearchAction","target":{"@type":"EntryPoint","urlTemplate":"https:\/\/lieblingsromane-trier.de\/?s={search_term_string}"},"query-input":{"@type":"PropertyValueSpecification","valueRequired":true,"valueName":"search_term_string"}}],"inLanguage":"de"}]}},"_links":{"self":[{"href":"https:\/\/lieblingsromane-trier.de\/index.php?rest_route=\/wp\/v2\/pages\/250","targetHints":{"allow":["GET"]}}],"collection":[{"href":"https:\/\/lieblingsromane-trier.de\/index.php?rest_route=\/wp\/v2\/pages"}],"about":[{"href":"https:\/\/lieblingsromane-trier.de\/index.php?rest_route=\/wp\/v2\/types\/page"}],"author":[{"embeddable":true,"href":"https:\/\/lieblingsromane-trier.de\/index.php?rest_route=\/wp\/v2\/users\/1"}],"replies":[{"embeddable":true,"href":"https:\/\/lieblingsromane-trier.de\/index.php?rest_route=%2Fwp%2Fv2%2Fcomments&post=250"}],"version-history":[{"count":3,"href":"https:\/\/lieblingsromane-trier.de\/index.php?rest_route=\/wp\/v2\/pages\/250\/revisions"}],"predecessor-version":[{"id":1486,"href":"https:\/\/lieblingsromane-trier.de\/index.php?rest_route=\/wp\/v2\/pages\/250\/revisions\/1486"}],"wp:attachment":[{"href":"https:\/\/lieblingsromane-trier.de\/index.php?rest_route=%2Fwp%2Fv2%2Fmedia&parent=250"}],"curies":[{"name":"wp","href":"https:\/\/api.w.org\/{rel}","templated":true}]}}