{"id":185,"date":"2018-12-15T21:12:10","date_gmt":"2018-12-15T20:12:10","guid":{"rendered":"http:\/\/lieblingsromane-trier.de\/?page_id=185"},"modified":"2021-03-27T21:23:18","modified_gmt":"2021-03-27T20:23:18","slug":"impressum","status":"publish","type":"page","link":"https:\/\/lieblingsromane-trier.de\/?page_id=185","title":{"rendered":"Impressum"},"content":{"rendered":"\n<div class=\"wp-block-columns is-layout-flex wp-container-core-columns-is-layout-28f84493 wp-block-columns-is-layout-flex\">\n<div class=\"wp-block-column is-layout-flow wp-block-column-is-layout-flow\" style=\"flex-basis:100%\">\n<p><em>Englische Lieblingsromane <\/em>ist eine studentische Veranstaltung der Universit\u00e4t Trier unter Leitung von Ralf Hertel.<\/p>\n<\/div>\n<\/div>\n\n\n\n<div style=\"height:34px\" aria-hidden=\"true\" class=\"wp-block-spacer\"><\/div>\n\n\n\n<div class=\"wp-block-columns is-layout-flex wp-container-core-columns-is-layout-28f84493 wp-block-columns-is-layout-flex\">\n<div class=\"wp-block-column is-layout-flow wp-block-column-is-layout-flow\" style=\"flex-basis:100%\">\n<p>Prof. Dr. Ralf Hertel<br>Universit\u00e4t Trier, FB II, Anglistik<br>Universit\u00e4tsring 15 <br>54296 Trier<br>Tel.: 0651-201 2291<br>E-Mail: <a href=\"hertel@uni-trier.de\" rel=\"nofollow\">hertel@uni-trier.de<\/a><br><a href=\"http:\/\/www.uni-trier.de\">www.uni-trier.de<\/a><\/p>\n<\/div>\n<\/div>\n","protected":false},"excerpt":{"rendered":"<p>Englische Lieblingsromane ist eine studentische Veranstaltung der Universit\u00e4t Trier unter Leitung von Ralf Hertel. Prof. Dr. Ralf HertelUniversit\u00e4t Trier, FB II, AnglistikUniversit\u00e4tsring 15 54296 TrierTel.: 0651-201 2291E-Mail: hertel@uni-trier.dewww.uni-trier.de<\/p>\n","protected":false},"author":1,"featured_media":0,"parent":0,"menu_order":0,"comment_status":"closed","ping_status":"closed","template":"","meta":{"footnotes":""},"class_list":["post-185","page","type-page","status-publish","hentry"],"yoast_head":"<!-- This site is optimized with the Yoast SEO plugin v27.4 - https:\/\/yoast.com\/product\/yoast-seo-wordpress\/ -->\n<title>Impressum - Lieblingsromane<\/title>\n<meta name=\"robots\" content=\"index, follow, max-snippet:-1, max-image-preview:large, max-video-preview:-1\" \/>\n<link rel=\"canonical\" href=\"https:\/\/lieblingsromane-trier.de\/?page_id=185\" \/>\n<meta property=\"og:locale\" content=\"de_DE\" \/>\n<meta property=\"og:type\" content=\"article\" \/>\n<meta property=\"og:title\" content=\"Impressum - Lieblingsromane\" \/>\n<meta property=\"og:description\" content=\"Englische Lieblingsromane ist eine studentische Veranstaltung der Universit\u00e4t Trier unter Leitung von Ralf Hertel. Prof. Dr. Ralf HertelUniversit\u00e4t Trier, FB II, AnglistikUniversit\u00e4tsring 15 54296 TrierTel.: 0651-201 2291E-Mail: hertel@uni-trier.dewww.uni-trier.de\" \/>\n<meta property=\"og:url\" content=\"https:\/\/lieblingsromane-trier.de\/?page_id=185\" \/>\n<meta property=\"og:site_name\" content=\"Lieblingsromane\" \/>\n<meta property=\"article:modified_time\" content=\"2021-03-27T20:23:18+00:00\" \/>\n<meta name=\"twitter:card\" content=\"summary_large_image\" \/>\n<meta name=\"twitter:label1\" content=\"Gesch\u00e4tzte Lesezeit\" \/>\n\t<meta name=\"twitter:data1\" content=\"1\u00a0Minute\" \/>\n<script type=\"application\/ld+json\" class=\"yoast-schema-graph\">{\"@context\":\"https:\\\/\\\/schema.org\",\"@graph\":[{\"@type\":\"WebPage\",\"@id\":\"https:\\\/\\\/lieblingsromane-trier.de\\\/?page_id=185\",\"url\":\"https:\\\/\\\/lieblingsromane-trier.de\\\/?page_id=185\",\"name\":\"Impressum - Lieblingsromane\",\"isPartOf\":{\"@id\":\"https:\\\/\\\/lieblingsromane-trier.de\\\/#website\"},\"datePublished\":\"2018-12-15T20:12:10+00:00\",\"dateModified\":\"2021-03-27T20:23:18+00:00\",\"breadcrumb\":{\"@id\":\"https:\\\/\\\/lieblingsromane-trier.de\\\/?page_id=185#breadcrumb\"},\"inLanguage\":\"de\",\"potentialAction\":[{\"@type\":\"ReadAction\",\"target\":[\"https:\\\/\\\/lieblingsromane-trier.de\\\/?page_id=185\"]}]},{\"@type\":\"BreadcrumbList\",\"@id\":\"https:\\\/\\\/lieblingsromane-trier.de\\\/?page_id=185#breadcrumb\",\"itemListElement\":[{\"@type\":\"ListItem\",\"position\":1,\"name\":\"Startseite\",\"item\":\"https:\\\/\\\/lieblingsromane-trier.de\\\/\"},{\"@type\":\"ListItem\",\"position\":2,\"name\":\"Impressum\"}]},{\"@type\":\"WebSite\",\"@id\":\"https:\\\/\\\/lieblingsromane-trier.de\\\/#website\",\"url\":\"https:\\\/\\\/lieblingsromane-trier.de\\\/\",\"name\":\"Lieblingsromane 2018\",\"description\":\"Eine Veranstaltung der Universit\u00e4t Trier\",\"potentialAction\":[{\"@type\":\"SearchAction\",\"target\":{\"@type\":\"EntryPoint\",\"urlTemplate\":\"https:\\\/\\\/lieblingsromane-trier.de\\\/?s={search_term_string}\"},\"query-input\":{\"@type\":\"PropertyValueSpecification\",\"valueRequired\":true,\"valueName\":\"search_term_string\"}}],\"inLanguage\":\"de\"}]}<\/script>\n<!-- \/ Yoast SEO plugin. -->","yoast_head_json":{"title":"Impressum - Lieblingsromane","robots":{"index":"index","follow":"follow","max-snippet":"max-snippet:-1","max-image-preview":"max-image-preview:large","max-video-preview":"max-video-preview:-1"},"canonical":"https:\/\/lieblingsromane-trier.de\/?page_id=185","og_locale":"de_DE","og_type":"article","og_title":"Impressum - Lieblingsromane","og_description":"Englische Lieblingsromane ist eine studentische Veranstaltung der Universit\u00e4t Trier unter Leitung von Ralf Hertel. Prof. Dr. Ralf HertelUniversit\u00e4t Trier, FB II, AnglistikUniversit\u00e4tsring 15 54296 TrierTel.: 0651-201 2291E-Mail: hertel@uni-trier.dewww.uni-trier.de","og_url":"https:\/\/lieblingsromane-trier.de\/?page_id=185","og_site_name":"Lieblingsromane","article_modified_time":"2021-03-27T20:23:18+00:00","twitter_card":"summary_large_image","twitter_misc":{"Gesch\u00e4tzte Lesezeit":"1\u00a0Minute"},"schema":{"@context":"https:\/\/schema.org","@graph":[{"@type":"WebPage","@id":"https:\/\/lieblingsromane-trier.de\/?page_id=185","url":"https:\/\/lieblingsromane-trier.de\/?page_id=185","name":"Impressum - Lieblingsromane","isPartOf":{"@id":"https:\/\/lieblingsromane-trier.de\/#website"},"datePublished":"2018-12-15T20:12:10+00:00","dateModified":"2021-03-27T20:23:18+00:00","breadcrumb":{"@id":"https:\/\/lieblingsromane-trier.de\/?page_id=185#breadcrumb"},"inLanguage":"de","potentialAction":[{"@type":"ReadAction","target":["https:\/\/lieblingsromane-trier.de\/?page_id=185"]}]},{"@type":"BreadcrumbList","@id":"https:\/\/lieblingsromane-trier.de\/?page_id=185#breadcrumb","itemListElement":[{"@type":"ListItem","position":1,"name":"Startseite","item":"https:\/\/lieblingsromane-trier.de\/"},{"@type":"ListItem","position":2,"name":"Impressum"}]},{"@type":"WebSite","@id":"https:\/\/lieblingsromane-trier.de\/#website","url":"https:\/\/lieblingsromane-trier.de\/","name":"Lieblingsromane 2018","description":"Eine Veranstaltung der Universit\u00e4t Trier","potentialAction":[{"@type":"SearchAction","target":{"@type":"EntryPoint","urlTemplate":"https:\/\/lieblingsromane-trier.de\/?s={search_term_string}"},"query-input":{"@type":"PropertyValueSpecification","valueRequired":true,"valueName":"search_term_string"}}],"inLanguage":"de"}]}},"_links":{"self":[{"href":"https:\/\/lieblingsromane-trier.de\/index.php?rest_route=\/wp\/v2\/pages\/185","targetHints":{"allow":["GET"]}}],"collection":[{"href":"https:\/\/lieblingsromane-trier.de\/index.php?rest_route=\/wp\/v2\/pages"}],"about":[{"href":"https:\/\/lieblingsromane-trier.de\/index.php?rest_route=\/wp\/v2\/types\/page"}],"author":[{"embeddable":true,"href":"https:\/\/lieblingsromane-trier.de\/index.php?rest_route=\/wp\/v2\/users\/1"}],"replies":[{"embeddable":true,"href":"https:\/\/lieblingsromane-trier.de\/index.php?rest_route=%2Fwp%2Fv2%2Fcomments&post=185"}],"version-history":[{"count":24,"href":"https:\/\/lieblingsromane-trier.de\/index.php?rest_route=\/wp\/v2\/pages\/185\/revisions"}],"predecessor-version":[{"id":867,"href":"https:\/\/lieblingsromane-trier.de\/index.php?rest_route=\/wp\/v2\/pages\/185\/revisions\/867"}],"wp:attachment":[{"href":"https:\/\/lieblingsromane-trier.de\/index.php?rest_route=%2Fwp%2Fv2%2Fmedia&parent=185"}],"curies":[{"name":"wp","href":"https:\/\/api.w.org\/{rel}","templated":true}]}}