{"id":1331,"date":"2024-11-29T11:37:04","date_gmt":"2024-11-29T10:37:04","guid":{"rendered":"https:\/\/lieblingsromane-trier.de\/?page_id=1331"},"modified":"2025-01-15T10:51:31","modified_gmt":"2025-01-15T09:51:31","slug":"yellowface","status":"publish","type":"page","link":"https:\/\/lieblingsromane-trier.de\/?page_id=1331","title":{"rendered":"Yellowface"},"content":{"rendered":"\n<h3 class=\"wp-block-heading has-text-align-center\">Rebecca F. Kuang<\/h3>\n\n\n\n<div style=\"height:38px\" aria-hidden=\"true\" class=\"wp-block-spacer\"><\/div>\n\n\n\n<figure class=\"wp-block-video\"><video controls src=\"http:\/\/lieblingsromane-trier.de\/wp-content\/uploads\/2025\/01\/Screencast-Kuang-480.mov\"><\/video><\/figure>\n\n\n\n<p class=\"has-text-align-center\">Als ihre Freundin Athena stirbt, verkauft Juniper deren Manuskript als ihr eigenes &#8211; und wird mit einem Schlag ber\u00fchmt f\u00fcr den besten Roman von und \u00fcber Asian Americans. Der Haken dabei? Anders als Athena ist Juniper gar keine Asiatin, sondern wei\u00df. Eine kluge Auseinandersetzung mit kultureller Aneignung.<\/p>\n","protected":false},"excerpt":{"rendered":"<p>Rebecca F. Kuang Als ihre Freundin Athena stirbt, verkauft Juniper deren Manuskript als ihr eigenes &#8211; und wird mit einem Schlag ber\u00fchmt f\u00fcr den besten Roman von und \u00fcber Asian Americans. Der Haken dabei? Anders als Athena ist Juniper gar keine Asiatin, sondern wei\u00df. Eine kluge Auseinandersetzung mit kultureller Aneignung.<\/p>\n","protected":false},"author":1,"featured_media":0,"parent":0,"menu_order":0,"comment_status":"closed","ping_status":"closed","template":"","meta":{"footnotes":""},"class_list":["post-1331","page","type-page","status-publish","hentry"],"yoast_head":"<!-- This site is optimized with the Yoast SEO plugin v27.5 - https:\/\/yoast.com\/product\/yoast-seo-wordpress\/ -->\n<title>Yellowface - Lieblingsromane<\/title>\n<meta name=\"robots\" content=\"index, follow, max-snippet:-1, max-image-preview:large, max-video-preview:-1\" \/>\n<link rel=\"canonical\" href=\"https:\/\/lieblingsromane-trier.de\/?page_id=1331\" \/>\n<meta property=\"og:locale\" content=\"de_DE\" \/>\n<meta property=\"og:type\" content=\"article\" \/>\n<meta property=\"og:title\" content=\"Yellowface - Lieblingsromane\" \/>\n<meta property=\"og:description\" content=\"Rebecca F. Kuang Als ihre Freundin Athena stirbt, verkauft Juniper deren Manuskript als ihr eigenes &#8211; und wird mit einem Schlag ber\u00fchmt f\u00fcr den besten Roman von und \u00fcber Asian Americans. Der Haken dabei? Anders als Athena ist Juniper gar keine Asiatin, sondern wei\u00df. Eine kluge Auseinandersetzung mit kultureller Aneignung.\" \/>\n<meta property=\"og:url\" content=\"https:\/\/lieblingsromane-trier.de\/?page_id=1331\" \/>\n<meta property=\"og:site_name\" content=\"Lieblingsromane\" \/>\n<meta property=\"article:modified_time\" content=\"2025-01-15T09:51:31+00:00\" \/>\n<meta name=\"twitter:card\" content=\"summary_large_image\" \/>\n<meta name=\"twitter:label1\" content=\"Gesch\u00e4tzte Lesezeit\" \/>\n\t<meta name=\"twitter:data1\" content=\"1\u00a0Minute\" \/>\n<script type=\"application\/ld+json\" class=\"yoast-schema-graph\">{\"@context\":\"https:\\\/\\\/schema.org\",\"@graph\":[{\"@type\":\"WebPage\",\"@id\":\"https:\\\/\\\/lieblingsromane-trier.de\\\/?page_id=1331\",\"url\":\"https:\\\/\\\/lieblingsromane-trier.de\\\/?page_id=1331\",\"name\":\"Yellowface - Lieblingsromane\",\"isPartOf\":{\"@id\":\"https:\\\/\\\/lieblingsromane-trier.de\\\/#website\"},\"datePublished\":\"2024-11-29T10:37:04+00:00\",\"dateModified\":\"2025-01-15T09:51:31+00:00\",\"breadcrumb\":{\"@id\":\"https:\\\/\\\/lieblingsromane-trier.de\\\/?page_id=1331#breadcrumb\"},\"inLanguage\":\"de\",\"potentialAction\":[{\"@type\":\"ReadAction\",\"target\":[\"https:\\\/\\\/lieblingsromane-trier.de\\\/?page_id=1331\"]}]},{\"@type\":\"BreadcrumbList\",\"@id\":\"https:\\\/\\\/lieblingsromane-trier.de\\\/?page_id=1331#breadcrumb\",\"itemListElement\":[{\"@type\":\"ListItem\",\"position\":1,\"name\":\"Startseite\",\"item\":\"https:\\\/\\\/lieblingsromane-trier.de\\\/\"},{\"@type\":\"ListItem\",\"position\":2,\"name\":\"Yellowface\"}]},{\"@type\":\"WebSite\",\"@id\":\"https:\\\/\\\/lieblingsromane-trier.de\\\/#website\",\"url\":\"https:\\\/\\\/lieblingsromane-trier.de\\\/\",\"name\":\"Lieblingsromane 2018\",\"description\":\"Eine Veranstaltung der Universit\u00e4t Trier\",\"potentialAction\":[{\"@type\":\"SearchAction\",\"target\":{\"@type\":\"EntryPoint\",\"urlTemplate\":\"https:\\\/\\\/lieblingsromane-trier.de\\\/?s={search_term_string}\"},\"query-input\":{\"@type\":\"PropertyValueSpecification\",\"valueRequired\":true,\"valueName\":\"search_term_string\"}}],\"inLanguage\":\"de\"}]}<\/script>\n<!-- \/ Yoast SEO plugin. -->","yoast_head_json":{"title":"Yellowface - Lieblingsromane","robots":{"index":"index","follow":"follow","max-snippet":"max-snippet:-1","max-image-preview":"max-image-preview:large","max-video-preview":"max-video-preview:-1"},"canonical":"https:\/\/lieblingsromane-trier.de\/?page_id=1331","og_locale":"de_DE","og_type":"article","og_title":"Yellowface - Lieblingsromane","og_description":"Rebecca F. Kuang Als ihre Freundin Athena stirbt, verkauft Juniper deren Manuskript als ihr eigenes &#8211; und wird mit einem Schlag ber\u00fchmt f\u00fcr den besten Roman von und \u00fcber Asian Americans. Der Haken dabei? Anders als Athena ist Juniper gar keine Asiatin, sondern wei\u00df. Eine kluge Auseinandersetzung mit kultureller Aneignung.","og_url":"https:\/\/lieblingsromane-trier.de\/?page_id=1331","og_site_name":"Lieblingsromane","article_modified_time":"2025-01-15T09:51:31+00:00","twitter_card":"summary_large_image","twitter_misc":{"Gesch\u00e4tzte Lesezeit":"1\u00a0Minute"},"schema":{"@context":"https:\/\/schema.org","@graph":[{"@type":"WebPage","@id":"https:\/\/lieblingsromane-trier.de\/?page_id=1331","url":"https:\/\/lieblingsromane-trier.de\/?page_id=1331","name":"Yellowface - Lieblingsromane","isPartOf":{"@id":"https:\/\/lieblingsromane-trier.de\/#website"},"datePublished":"2024-11-29T10:37:04+00:00","dateModified":"2025-01-15T09:51:31+00:00","breadcrumb":{"@id":"https:\/\/lieblingsromane-trier.de\/?page_id=1331#breadcrumb"},"inLanguage":"de","potentialAction":[{"@type":"ReadAction","target":["https:\/\/lieblingsromane-trier.de\/?page_id=1331"]}]},{"@type":"BreadcrumbList","@id":"https:\/\/lieblingsromane-trier.de\/?page_id=1331#breadcrumb","itemListElement":[{"@type":"ListItem","position":1,"name":"Startseite","item":"https:\/\/lieblingsromane-trier.de\/"},{"@type":"ListItem","position":2,"name":"Yellowface"}]},{"@type":"WebSite","@id":"https:\/\/lieblingsromane-trier.de\/#website","url":"https:\/\/lieblingsromane-trier.de\/","name":"Lieblingsromane 2018","description":"Eine Veranstaltung der Universit\u00e4t Trier","potentialAction":[{"@type":"SearchAction","target":{"@type":"EntryPoint","urlTemplate":"https:\/\/lieblingsromane-trier.de\/?s={search_term_string}"},"query-input":{"@type":"PropertyValueSpecification","valueRequired":true,"valueName":"search_term_string"}}],"inLanguage":"de"}]}},"_links":{"self":[{"href":"https:\/\/lieblingsromane-trier.de\/index.php?rest_route=\/wp\/v2\/pages\/1331","targetHints":{"allow":["GET"]}}],"collection":[{"href":"https:\/\/lieblingsromane-trier.de\/index.php?rest_route=\/wp\/v2\/pages"}],"about":[{"href":"https:\/\/lieblingsromane-trier.de\/index.php?rest_route=\/wp\/v2\/types\/page"}],"author":[{"embeddable":true,"href":"https:\/\/lieblingsromane-trier.de\/index.php?rest_route=\/wp\/v2\/users\/1"}],"replies":[{"embeddable":true,"href":"https:\/\/lieblingsromane-trier.de\/index.php?rest_route=%2Fwp%2Fv2%2Fcomments&post=1331"}],"version-history":[{"count":7,"href":"https:\/\/lieblingsromane-trier.de\/index.php?rest_route=\/wp\/v2\/pages\/1331\/revisions"}],"predecessor-version":[{"id":1408,"href":"https:\/\/lieblingsromane-trier.de\/index.php?rest_route=\/wp\/v2\/pages\/1331\/revisions\/1408"}],"wp:attachment":[{"href":"https:\/\/lieblingsromane-trier.de\/index.php?rest_route=%2Fwp%2Fv2%2Fmedia&parent=1331"}],"curies":[{"name":"wp","href":"https:\/\/api.w.org\/{rel}","templated":true}]}}