{"id":1322,"date":"2024-11-21T08:25:58","date_gmt":"2024-11-21T07:25:58","guid":{"rendered":"https:\/\/lieblingsromane-trier.de\/?page_id=1322"},"modified":"2024-11-21T08:26:26","modified_gmt":"2024-11-21T07:26:26","slug":"nele-sawallisch","status":"publish","type":"page","link":"https:\/\/lieblingsromane-trier.de\/?page_id=1322","title":{"rendered":"Nele Sawallisch"},"content":{"rendered":"\n<p><br>Nele Sawallisch studierte zun\u00e4chst Englisch, Franz\u00f6sisch und Bildungswissenschaften im trinationalen Lehramtsstudiengang der Johannes Gutenberg-Universit\u00e4t Mainz, der sie nach Frankreich und die Provinz Qu\u00e9bec f\u00fchrte. Nach dem 1. Staatsexamen und dem Magisterabschluss in Mainz promovierte sie 2017 dort in der Amerikanistik. Ihre erste Monografie erschien unter dem Titel\u00a0<em>Fugitive Borders: Black Canadian Cross-Border Literature at Mid-Nineteenth Century<\/em>\u00a0(transcript, 2019). In ihrer Forschung interessiert sie sich ganz allgemein f\u00fcr Nordamerika, afro-amerikanische und afro-kanadische Literaturen und Literaturgeschichten, Life Writing, und f\u00fcr die Comedy und Humor Studies. In diesem Bereich ist 2024 ein Sonderheft zu\u00a0<em>Funny Women: Women in \/ and the Comedy Scene<\/em>\u00a0erschienen (<em>EJAS<\/em>\u00a03\/2024, open access). Nach einer Station als Akad. R\u00e4tin an der KU Eichst\u00e4tt-Ingolstadt ist sie seit dem Oktober 2021 Juniorprofessorin f\u00fcr amerik. Literatur und Kultur an der Universit\u00e4t Trier. Seit 2024 leitet sie dort auch das Trier Center for American Studies.<\/p>\n","protected":false},"excerpt":{"rendered":"<p>Nele Sawallisch studierte zun\u00e4chst Englisch, Franz\u00f6sisch und Bildungswissenschaften im trinationalen Lehramtsstudiengang der Johannes Gutenberg-Universit\u00e4t Mainz, der sie nach Frankreich und die Provinz Qu\u00e9bec f\u00fchrte. Nach dem 1. Staatsexamen und dem Magisterabschluss in Mainz promovierte sie 2017 dort in der Amerikanistik. Ihre erste Monografie erschien unter dem Titel\u00a0Fugitive Borders: Black Canadian Cross-Border Literature at Mid-Nineteenth Century\u00a0(transcript, 2019). In ihrer Forschung interessiert sie sich ganz allgemein f\u00fcr Nordamerika, afro-amerikanische und afro-kanadische Literaturen und Literaturgeschichten, Life Writing, und f\u00fcr die Comedy und Humor Studies. In diesem Bereich ist 2024 ein Sonderheft zu\u00a0Funny Women: Women in \/ and the Comedy Scene\u00a0erschienen (EJAS\u00a03\/2024, open access). Nach einer Station als Akad. R\u00e4tin an der KU Eichst\u00e4tt-Ingolstadt ist sie seit dem Oktober 2021 Juniorprofessorin f\u00fcr amerik. Literatur und Kultur an der Universit\u00e4t Trier. Seit 2024 leitet sie dort auch das Trier Center for American Studies.<\/p>\n","protected":false},"author":1,"featured_media":0,"parent":0,"menu_order":0,"comment_status":"closed","ping_status":"closed","template":"","meta":{"footnotes":""},"class_list":["post-1322","page","type-page","status-publish","hentry"],"yoast_head":"<!-- This site is optimized with the Yoast SEO plugin v27.5 - https:\/\/yoast.com\/product\/yoast-seo-wordpress\/ -->\n<title>Nele Sawallisch - Lieblingsromane<\/title>\n<meta name=\"robots\" content=\"index, follow, max-snippet:-1, max-image-preview:large, max-video-preview:-1\" \/>\n<link rel=\"canonical\" href=\"https:\/\/lieblingsromane-trier.de\/?page_id=1322\" \/>\n<meta property=\"og:locale\" content=\"de_DE\" \/>\n<meta property=\"og:type\" content=\"article\" \/>\n<meta property=\"og:title\" content=\"Nele Sawallisch - Lieblingsromane\" \/>\n<meta property=\"og:description\" content=\"Nele Sawallisch studierte zun\u00e4chst Englisch, Franz\u00f6sisch und Bildungswissenschaften im trinationalen Lehramtsstudiengang der Johannes Gutenberg-Universit\u00e4t Mainz, der sie nach Frankreich und die Provinz Qu\u00e9bec f\u00fchrte. Nach dem 1. Staatsexamen und dem Magisterabschluss in Mainz promovierte sie 2017 dort in der Amerikanistik. Ihre erste Monografie erschien unter dem Titel\u00a0Fugitive Borders: Black Canadian Cross-Border Literature at Mid-Nineteenth Century\u00a0(transcript, 2019). In ihrer Forschung interessiert sie sich ganz allgemein f\u00fcr Nordamerika, afro-amerikanische und afro-kanadische Literaturen und Literaturgeschichten, Life Writing, und f\u00fcr die Comedy und Humor Studies. In diesem Bereich ist 2024 ein Sonderheft zu\u00a0Funny Women: Women in \/ and the Comedy Scene\u00a0erschienen (EJAS\u00a03\/2024, open access). Nach einer Station als Akad. R\u00e4tin an der KU Eichst\u00e4tt-Ingolstadt ist sie seit dem Oktober 2021 Juniorprofessorin f\u00fcr amerik. Literatur und Kultur an der Universit\u00e4t Trier. Seit 2024 leitet sie dort auch das Trier Center for American Studies.\" \/>\n<meta property=\"og:url\" content=\"https:\/\/lieblingsromane-trier.de\/?page_id=1322\" \/>\n<meta property=\"og:site_name\" content=\"Lieblingsromane\" \/>\n<meta property=\"article:modified_time\" content=\"2024-11-21T07:26:26+00:00\" \/>\n<meta name=\"twitter:card\" content=\"summary_large_image\" \/>\n<meta name=\"twitter:label1\" content=\"Gesch\u00e4tzte Lesezeit\" \/>\n\t<meta name=\"twitter:data1\" content=\"1\u00a0Minute\" \/>\n<script type=\"application\/ld+json\" class=\"yoast-schema-graph\">{\"@context\":\"https:\\\/\\\/schema.org\",\"@graph\":[{\"@type\":\"WebPage\",\"@id\":\"https:\\\/\\\/lieblingsromane-trier.de\\\/?page_id=1322\",\"url\":\"https:\\\/\\\/lieblingsromane-trier.de\\\/?page_id=1322\",\"name\":\"Nele Sawallisch - Lieblingsromane\",\"isPartOf\":{\"@id\":\"https:\\\/\\\/lieblingsromane-trier.de\\\/#website\"},\"datePublished\":\"2024-11-21T07:25:58+00:00\",\"dateModified\":\"2024-11-21T07:26:26+00:00\",\"breadcrumb\":{\"@id\":\"https:\\\/\\\/lieblingsromane-trier.de\\\/?page_id=1322#breadcrumb\"},\"inLanguage\":\"de\",\"potentialAction\":[{\"@type\":\"ReadAction\",\"target\":[\"https:\\\/\\\/lieblingsromane-trier.de\\\/?page_id=1322\"]}]},{\"@type\":\"BreadcrumbList\",\"@id\":\"https:\\\/\\\/lieblingsromane-trier.de\\\/?page_id=1322#breadcrumb\",\"itemListElement\":[{\"@type\":\"ListItem\",\"position\":1,\"name\":\"Startseite\",\"item\":\"https:\\\/\\\/lieblingsromane-trier.de\\\/\"},{\"@type\":\"ListItem\",\"position\":2,\"name\":\"Nele Sawallisch\"}]},{\"@type\":\"WebSite\",\"@id\":\"https:\\\/\\\/lieblingsromane-trier.de\\\/#website\",\"url\":\"https:\\\/\\\/lieblingsromane-trier.de\\\/\",\"name\":\"Lieblingsromane 2018\",\"description\":\"Eine Veranstaltung der Universit\u00e4t Trier\",\"potentialAction\":[{\"@type\":\"SearchAction\",\"target\":{\"@type\":\"EntryPoint\",\"urlTemplate\":\"https:\\\/\\\/lieblingsromane-trier.de\\\/?s={search_term_string}\"},\"query-input\":{\"@type\":\"PropertyValueSpecification\",\"valueRequired\":true,\"valueName\":\"search_term_string\"}}],\"inLanguage\":\"de\"}]}<\/script>\n<!-- \/ Yoast SEO plugin. -->","yoast_head_json":{"title":"Nele Sawallisch - Lieblingsromane","robots":{"index":"index","follow":"follow","max-snippet":"max-snippet:-1","max-image-preview":"max-image-preview:large","max-video-preview":"max-video-preview:-1"},"canonical":"https:\/\/lieblingsromane-trier.de\/?page_id=1322","og_locale":"de_DE","og_type":"article","og_title":"Nele Sawallisch - Lieblingsromane","og_description":"Nele Sawallisch studierte zun\u00e4chst Englisch, Franz\u00f6sisch und Bildungswissenschaften im trinationalen Lehramtsstudiengang der Johannes Gutenberg-Universit\u00e4t Mainz, der sie nach Frankreich und die Provinz Qu\u00e9bec f\u00fchrte. Nach dem 1. Staatsexamen und dem Magisterabschluss in Mainz promovierte sie 2017 dort in der Amerikanistik. Ihre erste Monografie erschien unter dem Titel\u00a0Fugitive Borders: Black Canadian Cross-Border Literature at Mid-Nineteenth Century\u00a0(transcript, 2019). In ihrer Forschung interessiert sie sich ganz allgemein f\u00fcr Nordamerika, afro-amerikanische und afro-kanadische Literaturen und Literaturgeschichten, Life Writing, und f\u00fcr die Comedy und Humor Studies. In diesem Bereich ist 2024 ein Sonderheft zu\u00a0Funny Women: Women in \/ and the Comedy Scene\u00a0erschienen (EJAS\u00a03\/2024, open access). Nach einer Station als Akad. R\u00e4tin an der KU Eichst\u00e4tt-Ingolstadt ist sie seit dem Oktober 2021 Juniorprofessorin f\u00fcr amerik. Literatur und Kultur an der Universit\u00e4t Trier. Seit 2024 leitet sie dort auch das Trier Center for American Studies.","og_url":"https:\/\/lieblingsromane-trier.de\/?page_id=1322","og_site_name":"Lieblingsromane","article_modified_time":"2024-11-21T07:26:26+00:00","twitter_card":"summary_large_image","twitter_misc":{"Gesch\u00e4tzte Lesezeit":"1\u00a0Minute"},"schema":{"@context":"https:\/\/schema.org","@graph":[{"@type":"WebPage","@id":"https:\/\/lieblingsromane-trier.de\/?page_id=1322","url":"https:\/\/lieblingsromane-trier.de\/?page_id=1322","name":"Nele Sawallisch - Lieblingsromane","isPartOf":{"@id":"https:\/\/lieblingsromane-trier.de\/#website"},"datePublished":"2024-11-21T07:25:58+00:00","dateModified":"2024-11-21T07:26:26+00:00","breadcrumb":{"@id":"https:\/\/lieblingsromane-trier.de\/?page_id=1322#breadcrumb"},"inLanguage":"de","potentialAction":[{"@type":"ReadAction","target":["https:\/\/lieblingsromane-trier.de\/?page_id=1322"]}]},{"@type":"BreadcrumbList","@id":"https:\/\/lieblingsromane-trier.de\/?page_id=1322#breadcrumb","itemListElement":[{"@type":"ListItem","position":1,"name":"Startseite","item":"https:\/\/lieblingsromane-trier.de\/"},{"@type":"ListItem","position":2,"name":"Nele Sawallisch"}]},{"@type":"WebSite","@id":"https:\/\/lieblingsromane-trier.de\/#website","url":"https:\/\/lieblingsromane-trier.de\/","name":"Lieblingsromane 2018","description":"Eine Veranstaltung der Universit\u00e4t Trier","potentialAction":[{"@type":"SearchAction","target":{"@type":"EntryPoint","urlTemplate":"https:\/\/lieblingsromane-trier.de\/?s={search_term_string}"},"query-input":{"@type":"PropertyValueSpecification","valueRequired":true,"valueName":"search_term_string"}}],"inLanguage":"de"}]}},"_links":{"self":[{"href":"https:\/\/lieblingsromane-trier.de\/index.php?rest_route=\/wp\/v2\/pages\/1322","targetHints":{"allow":["GET"]}}],"collection":[{"href":"https:\/\/lieblingsromane-trier.de\/index.php?rest_route=\/wp\/v2\/pages"}],"about":[{"href":"https:\/\/lieblingsromane-trier.de\/index.php?rest_route=\/wp\/v2\/types\/page"}],"author":[{"embeddable":true,"href":"https:\/\/lieblingsromane-trier.de\/index.php?rest_route=\/wp\/v2\/users\/1"}],"replies":[{"embeddable":true,"href":"https:\/\/lieblingsromane-trier.de\/index.php?rest_route=%2Fwp%2Fv2%2Fcomments&post=1322"}],"version-history":[{"count":2,"href":"https:\/\/lieblingsromane-trier.de\/index.php?rest_route=\/wp\/v2\/pages\/1322\/revisions"}],"predecessor-version":[{"id":1325,"href":"https:\/\/lieblingsromane-trier.de\/index.php?rest_route=\/wp\/v2\/pages\/1322\/revisions\/1325"}],"wp:attachment":[{"href":"https:\/\/lieblingsromane-trier.de\/index.php?rest_route=%2Fwp%2Fv2%2Fmedia&parent=1322"}],"curies":[{"name":"wp","href":"https:\/\/api.w.org\/{rel}","templated":true}]}}