{"id":1235,"date":"2023-06-08T07:39:00","date_gmt":"2023-06-08T06:39:00","guid":{"rendered":"https:\/\/lieblingsromane-trier.de\/?page_id=1235"},"modified":"2023-06-15T16:54:55","modified_gmt":"2023-06-15T15:54:55","slug":"der-passagier","status":"publish","type":"page","link":"https:\/\/lieblingsromane-trier.de\/?page_id=1235","title":{"rendered":"Der Passagier"},"content":{"rendered":"\n<figure class=\"wp-block-image size-large is-resized\"><img fetchpriority=\"high\" decoding=\"async\" src=\"https:\/\/lieblingsromane-trier.de\/wp-content\/uploads\/2023\/05\/3371-666x1024.jpg\" alt=\"\" class=\"wp-image-1271\" width=\"257\" height=\"395\" srcset=\"https:\/\/lieblingsromane-trier.de\/wp-content\/uploads\/2023\/05\/3371-666x1024.jpg 666w, https:\/\/lieblingsromane-trier.de\/wp-content\/uploads\/2023\/05\/3371-195x300.jpg 195w, https:\/\/lieblingsromane-trier.de\/wp-content\/uploads\/2023\/05\/3371-768x1180.jpg 768w, https:\/\/lieblingsromane-trier.de\/wp-content\/uploads\/2023\/05\/3371.jpg 833w\" sizes=\"(max-width: 257px) 100vw, 257px\" \/><\/figure>\n\n\n\n<p><\/p>\n\n\n\n<p><em>Der Passagier <\/em>handelt von einem Geschwisterpaar, Alicia und Robert Western. Der Bergungstaucher wird zu dem Wrack eines Flugzeugs gerufen, das ins Meer gest\u00fcrzt ist. Schnell wird jedoch klar, dass zus\u00e4tzlich zu dem Flugschreiber noch etwas Au\u00dfergew\u00f6hnlicheres fehlt: der zehnte Passagier. Neben der Verfolgung durch zwielichtige M\u00e4nner mit Dienstausweisen, die mehr \u00fcber den Flugzeugabsturz erfahren wollen, plagt Bobby zus\u00e4tzlich die Trauer um seine verstorbene Schwester, die zu Lebzeiten von mysteri\u00f6sen Halluzinationen geplagt wurde und zu der er eine inzestu\u00f6se Beziehung pflegte. Der Roman gibt tiefe Einsichten in die Verstrickungen von Moral, Wissenschaft und Schuld in das menschliche Bewusstsein und den schmalen Grad zwischen Vernunft und Wahnsinn.<\/p>\n\n\n\n<p><strong>Cormac McCarthy: <\/strong>Cormac MacCarthy wurde am 20. Juli 1933 in Providence, Rhode Island, geboren und gilt als einer der bedeutendsten zeitgen\u00f6ssischen amerikanischen Schriftsteller. Nachdem er als Student vier Jahre in der United States Air Force war, verbrachte er die darauffolgenden Jahre mit diversen Stipendien und Gelegenheitsjobs. Der ganz gro\u00dfe Durchbruch gelang ihm 1985 mit seinem Roman\u00a0 \u201eDie Abendr\u00f6te im Westen\u201c,\u00a0 der als einer der bedeutungsvollsten Romane der amerikanischen Literatur des 20. Jahrhunderts gilt. McCarthy verstarb im Juni 2023 im Alter von 89. Seine Werken zeichnen sich besonders durch bildhafte Naturbeschreibungen, realit\u00e4tsnahe Dialoge und mystifizierende Elemente aus. Neben zahlreichen weiteren Auszeichnungen erhielt er f\u00fcr seinen 2006 erschienen Roman \u201eDie Stra\u00dfe\u201c den Pulitzer-Preis.<\/p>\n\n\n\n<p><\/p>\n","protected":false},"excerpt":{"rendered":"<p>Der Passagier handelt von einem Geschwisterpaar, Alicia und Robert Western. Der Bergungstaucher wird zu dem Wrack eines Flugzeugs gerufen, das ins Meer gest\u00fcrzt ist. Schnell wird jedoch klar, dass zus\u00e4tzlich zu dem Flugschreiber noch etwas Au\u00dfergew\u00f6hnlicheres fehlt: der zehnte Passagier. Neben der Verfolgung durch zwielichtige M\u00e4nner mit Dienstausweisen, die mehr \u00fcber den Flugzeugabsturz erfahren wollen, plagt Bobby zus\u00e4tzlich die Trauer um seine verstorbene Schwester, die zu Lebzeiten von mysteri\u00f6sen Halluzinationen geplagt wurde und zu der er eine inzestu\u00f6se Beziehung pflegte. Der Roman gibt tiefe Einsichten in die Verstrickungen von Moral, Wissenschaft und Schuld in das menschliche Bewusstsein und den schmalen Grad zwischen Vernunft und Wahnsinn. Cormac McCarthy: Cormac MacCarthy wurde am 20. Juli 1933 in Providence, Rhode Island, geboren und gilt als einer der bedeutendsten zeitgen\u00f6ssischen amerikanischen Schriftsteller. Nachdem er als Student vier Jahre in der United States Air Force war, verbrachte er die darauffolgenden Jahre mit diversen Stipendien und Gelegenheitsjobs. Der ganz gro\u00dfe Durchbruch gelang ihm 1985 mit seinem Roman\u00a0 \u201eDie Abendr\u00f6te im Westen\u201c,\u00a0 der als einer der bedeutungsvollsten Romane der amerikanischen Literatur des 20. Jahrhunderts gilt. McCarthy verstarb im Juni 2023 im Alter von 89. Seine Werken zeichnen sich besonders durch bildhafte Naturbeschreibungen, realit\u00e4tsnahe Dialoge und mystifizierende Elemente aus. Neben zahlreichen weiteren Auszeichnungen erhielt er f\u00fcr seinen 2006 erschienen Roman \u201eDie Stra\u00dfe\u201c den Pulitzer-Preis.<\/p>\n","protected":false},"author":1,"featured_media":0,"parent":0,"menu_order":0,"comment_status":"closed","ping_status":"closed","template":"","meta":{"footnotes":""},"class_list":["post-1235","page","type-page","status-publish","hentry"],"yoast_head":"<!-- This site is optimized with the Yoast SEO plugin v27.4 - https:\/\/yoast.com\/product\/yoast-seo-wordpress\/ -->\n<title>Der Passagier - Lieblingsromane<\/title>\n<meta name=\"robots\" content=\"index, follow, max-snippet:-1, max-image-preview:large, max-video-preview:-1\" \/>\n<link rel=\"canonical\" href=\"https:\/\/lieblingsromane-trier.de\/?page_id=1235\" \/>\n<meta property=\"og:locale\" content=\"de_DE\" \/>\n<meta property=\"og:type\" content=\"article\" \/>\n<meta property=\"og:title\" content=\"Der Passagier - Lieblingsromane\" \/>\n<meta property=\"og:description\" content=\"Der Passagier handelt von einem Geschwisterpaar, Alicia und Robert Western. Der Bergungstaucher wird zu dem Wrack eines Flugzeugs gerufen, das ins Meer gest\u00fcrzt ist. Schnell wird jedoch klar, dass zus\u00e4tzlich zu dem Flugschreiber noch etwas Au\u00dfergew\u00f6hnlicheres fehlt: der zehnte Passagier. Neben der Verfolgung durch zwielichtige M\u00e4nner mit Dienstausweisen, die mehr \u00fcber den Flugzeugabsturz erfahren wollen, plagt Bobby zus\u00e4tzlich die Trauer um seine verstorbene Schwester, die zu Lebzeiten von mysteri\u00f6sen Halluzinationen geplagt wurde und zu der er eine inzestu\u00f6se Beziehung pflegte. Der Roman gibt tiefe Einsichten in die Verstrickungen von Moral, Wissenschaft und Schuld in das menschliche Bewusstsein und den schmalen Grad zwischen Vernunft und Wahnsinn. Cormac McCarthy: Cormac MacCarthy wurde am 20. Juli 1933 in Providence, Rhode Island, geboren und gilt als einer der bedeutendsten zeitgen\u00f6ssischen amerikanischen Schriftsteller. Nachdem er als Student vier Jahre in der United States Air Force war, verbrachte er die darauffolgenden Jahre mit diversen Stipendien und Gelegenheitsjobs. Der ganz gro\u00dfe Durchbruch gelang ihm 1985 mit seinem Roman\u00a0 \u201eDie Abendr\u00f6te im Westen\u201c,\u00a0 der als einer der bedeutungsvollsten Romane der amerikanischen Literatur des 20. Jahrhunderts gilt. McCarthy verstarb im Juni 2023 im Alter von 89. Seine Werken zeichnen sich besonders durch bildhafte Naturbeschreibungen, realit\u00e4tsnahe Dialoge und mystifizierende Elemente aus. Neben zahlreichen weiteren Auszeichnungen erhielt er f\u00fcr seinen 2006 erschienen Roman \u201eDie Stra\u00dfe\u201c den Pulitzer-Preis.\" \/>\n<meta property=\"og:url\" content=\"https:\/\/lieblingsromane-trier.de\/?page_id=1235\" \/>\n<meta property=\"og:site_name\" content=\"Lieblingsromane\" \/>\n<meta property=\"article:modified_time\" content=\"2023-06-15T15:54:55+00:00\" \/>\n<meta property=\"og:image\" content=\"https:\/\/lieblingsromane-trier.de\/wp-content\/uploads\/2023\/05\/3371-666x1024.jpg\" \/>\n<meta name=\"twitter:card\" content=\"summary_large_image\" \/>\n<meta name=\"twitter:label1\" content=\"Gesch\u00e4tzte Lesezeit\" \/>\n\t<meta name=\"twitter:data1\" content=\"2\u00a0Minuten\" \/>\n<script type=\"application\/ld+json\" class=\"yoast-schema-graph\">{\"@context\":\"https:\\\/\\\/schema.org\",\"@graph\":[{\"@type\":\"WebPage\",\"@id\":\"https:\\\/\\\/lieblingsromane-trier.de\\\/?page_id=1235\",\"url\":\"https:\\\/\\\/lieblingsromane-trier.de\\\/?page_id=1235\",\"name\":\"Der Passagier - Lieblingsromane\",\"isPartOf\":{\"@id\":\"https:\\\/\\\/lieblingsromane-trier.de\\\/#website\"},\"primaryImageOfPage\":{\"@id\":\"https:\\\/\\\/lieblingsromane-trier.de\\\/?page_id=1235#primaryimage\"},\"image\":{\"@id\":\"https:\\\/\\\/lieblingsromane-trier.de\\\/?page_id=1235#primaryimage\"},\"thumbnailUrl\":\"https:\\\/\\\/lieblingsromane-trier.de\\\/wp-content\\\/uploads\\\/2023\\\/05\\\/3371-666x1024.jpg\",\"datePublished\":\"2023-06-08T06:39:00+00:00\",\"dateModified\":\"2023-06-15T15:54:55+00:00\",\"breadcrumb\":{\"@id\":\"https:\\\/\\\/lieblingsromane-trier.de\\\/?page_id=1235#breadcrumb\"},\"inLanguage\":\"de\",\"potentialAction\":[{\"@type\":\"ReadAction\",\"target\":[\"https:\\\/\\\/lieblingsromane-trier.de\\\/?page_id=1235\"]}]},{\"@type\":\"ImageObject\",\"inLanguage\":\"de\",\"@id\":\"https:\\\/\\\/lieblingsromane-trier.de\\\/?page_id=1235#primaryimage\",\"url\":\"https:\\\/\\\/lieblingsromane-trier.de\\\/wp-content\\\/uploads\\\/2023\\\/05\\\/3371-666x1024.jpg\",\"contentUrl\":\"https:\\\/\\\/lieblingsromane-trier.de\\\/wp-content\\\/uploads\\\/2023\\\/05\\\/3371-666x1024.jpg\"},{\"@type\":\"BreadcrumbList\",\"@id\":\"https:\\\/\\\/lieblingsromane-trier.de\\\/?page_id=1235#breadcrumb\",\"itemListElement\":[{\"@type\":\"ListItem\",\"position\":1,\"name\":\"Startseite\",\"item\":\"https:\\\/\\\/lieblingsromane-trier.de\\\/\"},{\"@type\":\"ListItem\",\"position\":2,\"name\":\"Der Passagier\"}]},{\"@type\":\"WebSite\",\"@id\":\"https:\\\/\\\/lieblingsromane-trier.de\\\/#website\",\"url\":\"https:\\\/\\\/lieblingsromane-trier.de\\\/\",\"name\":\"Lieblingsromane 2018\",\"description\":\"Eine Veranstaltung der Universit\u00e4t Trier\",\"potentialAction\":[{\"@type\":\"SearchAction\",\"target\":{\"@type\":\"EntryPoint\",\"urlTemplate\":\"https:\\\/\\\/lieblingsromane-trier.de\\\/?s={search_term_string}\"},\"query-input\":{\"@type\":\"PropertyValueSpecification\",\"valueRequired\":true,\"valueName\":\"search_term_string\"}}],\"inLanguage\":\"de\"}]}<\/script>\n<!-- \/ Yoast SEO plugin. -->","yoast_head_json":{"title":"Der Passagier - Lieblingsromane","robots":{"index":"index","follow":"follow","max-snippet":"max-snippet:-1","max-image-preview":"max-image-preview:large","max-video-preview":"max-video-preview:-1"},"canonical":"https:\/\/lieblingsromane-trier.de\/?page_id=1235","og_locale":"de_DE","og_type":"article","og_title":"Der Passagier - Lieblingsromane","og_description":"Der Passagier handelt von einem Geschwisterpaar, Alicia und Robert Western. Der Bergungstaucher wird zu dem Wrack eines Flugzeugs gerufen, das ins Meer gest\u00fcrzt ist. Schnell wird jedoch klar, dass zus\u00e4tzlich zu dem Flugschreiber noch etwas Au\u00dfergew\u00f6hnlicheres fehlt: der zehnte Passagier. Neben der Verfolgung durch zwielichtige M\u00e4nner mit Dienstausweisen, die mehr \u00fcber den Flugzeugabsturz erfahren wollen, plagt Bobby zus\u00e4tzlich die Trauer um seine verstorbene Schwester, die zu Lebzeiten von mysteri\u00f6sen Halluzinationen geplagt wurde und zu der er eine inzestu\u00f6se Beziehung pflegte. Der Roman gibt tiefe Einsichten in die Verstrickungen von Moral, Wissenschaft und Schuld in das menschliche Bewusstsein und den schmalen Grad zwischen Vernunft und Wahnsinn. Cormac McCarthy: Cormac MacCarthy wurde am 20. Juli 1933 in Providence, Rhode Island, geboren und gilt als einer der bedeutendsten zeitgen\u00f6ssischen amerikanischen Schriftsteller. Nachdem er als Student vier Jahre in der United States Air Force war, verbrachte er die darauffolgenden Jahre mit diversen Stipendien und Gelegenheitsjobs. Der ganz gro\u00dfe Durchbruch gelang ihm 1985 mit seinem Roman\u00a0 \u201eDie Abendr\u00f6te im Westen\u201c,\u00a0 der als einer der bedeutungsvollsten Romane der amerikanischen Literatur des 20. Jahrhunderts gilt. McCarthy verstarb im Juni 2023 im Alter von 89. Seine Werken zeichnen sich besonders durch bildhafte Naturbeschreibungen, realit\u00e4tsnahe Dialoge und mystifizierende Elemente aus. Neben zahlreichen weiteren Auszeichnungen erhielt er f\u00fcr seinen 2006 erschienen Roman \u201eDie Stra\u00dfe\u201c den Pulitzer-Preis.","og_url":"https:\/\/lieblingsromane-trier.de\/?page_id=1235","og_site_name":"Lieblingsromane","article_modified_time":"2023-06-15T15:54:55+00:00","og_image":[{"url":"https:\/\/lieblingsromane-trier.de\/wp-content\/uploads\/2023\/05\/3371-666x1024.jpg","type":"","width":"","height":""}],"twitter_card":"summary_large_image","twitter_misc":{"Gesch\u00e4tzte Lesezeit":"2\u00a0Minuten"},"schema":{"@context":"https:\/\/schema.org","@graph":[{"@type":"WebPage","@id":"https:\/\/lieblingsromane-trier.de\/?page_id=1235","url":"https:\/\/lieblingsromane-trier.de\/?page_id=1235","name":"Der Passagier - Lieblingsromane","isPartOf":{"@id":"https:\/\/lieblingsromane-trier.de\/#website"},"primaryImageOfPage":{"@id":"https:\/\/lieblingsromane-trier.de\/?page_id=1235#primaryimage"},"image":{"@id":"https:\/\/lieblingsromane-trier.de\/?page_id=1235#primaryimage"},"thumbnailUrl":"https:\/\/lieblingsromane-trier.de\/wp-content\/uploads\/2023\/05\/3371-666x1024.jpg","datePublished":"2023-06-08T06:39:00+00:00","dateModified":"2023-06-15T15:54:55+00:00","breadcrumb":{"@id":"https:\/\/lieblingsromane-trier.de\/?page_id=1235#breadcrumb"},"inLanguage":"de","potentialAction":[{"@type":"ReadAction","target":["https:\/\/lieblingsromane-trier.de\/?page_id=1235"]}]},{"@type":"ImageObject","inLanguage":"de","@id":"https:\/\/lieblingsromane-trier.de\/?page_id=1235#primaryimage","url":"https:\/\/lieblingsromane-trier.de\/wp-content\/uploads\/2023\/05\/3371-666x1024.jpg","contentUrl":"https:\/\/lieblingsromane-trier.de\/wp-content\/uploads\/2023\/05\/3371-666x1024.jpg"},{"@type":"BreadcrumbList","@id":"https:\/\/lieblingsromane-trier.de\/?page_id=1235#breadcrumb","itemListElement":[{"@type":"ListItem","position":1,"name":"Startseite","item":"https:\/\/lieblingsromane-trier.de\/"},{"@type":"ListItem","position":2,"name":"Der Passagier"}]},{"@type":"WebSite","@id":"https:\/\/lieblingsromane-trier.de\/#website","url":"https:\/\/lieblingsromane-trier.de\/","name":"Lieblingsromane 2018","description":"Eine Veranstaltung der Universit\u00e4t Trier","potentialAction":[{"@type":"SearchAction","target":{"@type":"EntryPoint","urlTemplate":"https:\/\/lieblingsromane-trier.de\/?s={search_term_string}"},"query-input":{"@type":"PropertyValueSpecification","valueRequired":true,"valueName":"search_term_string"}}],"inLanguage":"de"}]}},"_links":{"self":[{"href":"https:\/\/lieblingsromane-trier.de\/index.php?rest_route=\/wp\/v2\/pages\/1235","targetHints":{"allow":["GET"]}}],"collection":[{"href":"https:\/\/lieblingsromane-trier.de\/index.php?rest_route=\/wp\/v2\/pages"}],"about":[{"href":"https:\/\/lieblingsromane-trier.de\/index.php?rest_route=\/wp\/v2\/types\/page"}],"author":[{"embeddable":true,"href":"https:\/\/lieblingsromane-trier.de\/index.php?rest_route=\/wp\/v2\/users\/1"}],"replies":[{"embeddable":true,"href":"https:\/\/lieblingsromane-trier.de\/index.php?rest_route=%2Fwp%2Fv2%2Fcomments&post=1235"}],"version-history":[{"count":4,"href":"https:\/\/lieblingsromane-trier.de\/index.php?rest_route=\/wp\/v2\/pages\/1235\/revisions"}],"predecessor-version":[{"id":1285,"href":"https:\/\/lieblingsromane-trier.de\/index.php?rest_route=\/wp\/v2\/pages\/1235\/revisions\/1285"}],"wp:attachment":[{"href":"https:\/\/lieblingsromane-trier.de\/index.php?rest_route=%2Fwp%2Fv2%2Fmedia&parent=1235"}],"curies":[{"name":"wp","href":"https:\/\/api.w.org\/{rel}","templated":true}]}}