{"id":1129,"date":"2022-01-08T18:10:34","date_gmt":"2022-01-08T17:10:34","guid":{"rendered":"https:\/\/lieblingsromane-trier.de\/?page_id=1129"},"modified":"2026-02-02T09:03:17","modified_gmt":"2026-02-02T08:03:17","slug":"auf-eine-neues-2022","status":"publish","type":"page","link":"https:\/\/lieblingsromane-trier.de\/","title":{"rendered":"Lieblingsromane 2027"},"content":{"rendered":"\n<div style=\"height:38px\" aria-hidden=\"true\" class=\"wp-block-spacer\"><\/div>\n\n\n\n<p class=\"has-text-align-left\"><strong>Liebe Literatur-Begeisterte,<\/strong><\/p>\n\n\n\n<p>unsere letzte Veranstaltung fand am 30. Januar, 19h, im Bisch\u00f6flichen Priesterseminar (Aula) (Jesuitenstra\u00dfe 13, Trier) statt. Es diskutierten Martin Genetsch, Ralf Hertel, Nele Sawallisch und Hubert Spiegel Katherena Vermettes &#8222;Die Frauen der Familie&#8220;, Joyce Carol Oates &#8222;Der Schl\u00e4chter&#8220; und Ian McEwans &#8222;Was wir wissen k\u00f6nnen&#8220;.<\/p>\n\n\n\n<p>Unsere n\u00e4chste Veranstaltung findet voraussichtlich Ende Januar \/ Anfang Februar 2027 statt. Mehr Informationen dazu Ende 2026 hier. <\/p>\n\n\n\n<p>Ralf Hertel und das studentische Team von Lieblingsromane.<\/p>\n\n\n\n<div class=\"wp-block-columns are-vertically-aligned-top is-layout-flex wp-container-core-columns-is-layout-28f84493 wp-block-columns-is-layout-flex\">\n<div class=\"wp-block-column is-vertically-aligned-top is-layout-flow wp-block-column-is-layout-flow\" style=\"flex-basis:100%\"><div class=\"wp-block-image\">\n<figure class=\"aligncenter size-full\"><img fetchpriority=\"high\" decoding=\"async\" width=\"1810\" height=\"2560\" src=\"https:\/\/lieblingsromane-trier.de\/wp-content\/uploads\/2026\/01\/Englische_Lieblingsromane-2026-Rediuziert-scaled.jpg\" alt=\"\" class=\"wp-image-1480\" style=\"object-fit:cover\" srcset=\"https:\/\/lieblingsromane-trier.de\/wp-content\/uploads\/2026\/01\/Englische_Lieblingsromane-2026-Rediuziert-scaled.jpg 1810w, https:\/\/lieblingsromane-trier.de\/wp-content\/uploads\/2026\/01\/Englische_Lieblingsromane-2026-Rediuziert-212x300.jpg 212w, https:\/\/lieblingsromane-trier.de\/wp-content\/uploads\/2026\/01\/Englische_Lieblingsromane-2026-Rediuziert-724x1024.jpg 724w, https:\/\/lieblingsromane-trier.de\/wp-content\/uploads\/2026\/01\/Englische_Lieblingsromane-2026-Rediuziert-768x1086.jpg 768w, https:\/\/lieblingsromane-trier.de\/wp-content\/uploads\/2026\/01\/Englische_Lieblingsromane-2026-Rediuziert-1086x1536.jpg 1086w, https:\/\/lieblingsromane-trier.de\/wp-content\/uploads\/2026\/01\/Englische_Lieblingsromane-2026-Rediuziert-1448x2048.jpg 1448w, https:\/\/lieblingsromane-trier.de\/wp-content\/uploads\/2026\/01\/Englische_Lieblingsromane-2026-Rediuziert-1140x1613.jpg 1140w\" sizes=\"(max-width: 1810px) 100vw, 1810px\" \/><\/figure><\/div><\/div>\n<\/div>\n","protected":false},"excerpt":{"rendered":"<p>Liebe Literatur-Begeisterte, unsere letzte Veranstaltung fand am 30. Januar, 19h, im Bisch\u00f6flichen Priesterseminar (Aula) (Jesuitenstra\u00dfe 13, Trier) statt. Es diskutierten Martin Genetsch, Ralf Hertel, Nele Sawallisch und Hubert Spiegel Katherena Vermettes &#8222;Die Frauen der Familie&#8220;, Joyce Carol Oates &#8222;Der Schl\u00e4chter&#8220; und Ian McEwans &#8222;Was wir wissen k\u00f6nnen&#8220;. Unsere n\u00e4chste Veranstaltung findet voraussichtlich Ende Januar \/ Anfang Februar 2027 statt. Mehr Informationen dazu Ende 2026 hier. Ralf Hertel und das studentische Team von Lieblingsromane.<\/p>\n","protected":false},"author":1,"featured_media":0,"parent":0,"menu_order":0,"comment_status":"closed","ping_status":"closed","template":"","meta":{"footnotes":""},"class_list":["post-1129","page","type-page","status-publish","hentry"],"yoast_head":"<!-- This site is optimized with the Yoast SEO plugin v27.4 - https:\/\/yoast.com\/product\/yoast-seo-wordpress\/ -->\n<title>Lieblingsromane 2027 - Lieblingsromane<\/title>\n<meta name=\"robots\" content=\"index, follow, max-snippet:-1, max-image-preview:large, max-video-preview:-1\" \/>\n<link rel=\"canonical\" href=\"https:\/\/lieblingsromane-trier.de\/\" \/>\n<meta property=\"og:locale\" content=\"de_DE\" \/>\n<meta property=\"og:type\" content=\"article\" \/>\n<meta property=\"og:title\" content=\"Lieblingsromane 2027 - Lieblingsromane\" \/>\n<meta property=\"og:description\" content=\"Liebe Literatur-Begeisterte, unsere letzte Veranstaltung fand am 30. Januar, 19h, im Bisch\u00f6flichen Priesterseminar (Aula) (Jesuitenstra\u00dfe 13, Trier) statt. Es diskutierten Martin Genetsch, Ralf Hertel, Nele Sawallisch und Hubert Spiegel Katherena Vermettes &#8222;Die Frauen der Familie&#8220;, Joyce Carol Oates &#8222;Der Schl\u00e4chter&#8220; und Ian McEwans &#8222;Was wir wissen k\u00f6nnen&#8220;. Unsere n\u00e4chste Veranstaltung findet voraussichtlich Ende Januar \/ Anfang Februar 2027 statt. Mehr Informationen dazu Ende 2026 hier. Ralf Hertel und das studentische Team von Lieblingsromane.\" \/>\n<meta property=\"og:url\" content=\"https:\/\/lieblingsromane-trier.de\/\" \/>\n<meta property=\"og:site_name\" content=\"Lieblingsromane\" \/>\n<meta property=\"article:modified_time\" content=\"2026-02-02T08:03:17+00:00\" \/>\n<meta property=\"og:image\" content=\"https:\/\/lieblingsromane-trier.de\/wp-content\/uploads\/2026\/01\/Englische_Lieblingsromane-2026-Rediuziert-scaled.jpg\" \/>\n\t<meta property=\"og:image:width\" content=\"1810\" \/>\n\t<meta property=\"og:image:height\" content=\"2560\" \/>\n\t<meta property=\"og:image:type\" content=\"image\/jpeg\" \/>\n<meta name=\"twitter:card\" content=\"summary_large_image\" \/>\n<meta name=\"twitter:label1\" content=\"Gesch\u00e4tzte Lesezeit\" \/>\n\t<meta name=\"twitter:data1\" content=\"1\u00a0Minute\" \/>\n<script type=\"application\/ld+json\" class=\"yoast-schema-graph\">{\"@context\":\"https:\\\/\\\/schema.org\",\"@graph\":[{\"@type\":\"WebPage\",\"@id\":\"https:\\\/\\\/lieblingsromane-trier.de\\\/\",\"url\":\"https:\\\/\\\/lieblingsromane-trier.de\\\/\",\"name\":\"Lieblingsromane 2027 - Lieblingsromane\",\"isPartOf\":{\"@id\":\"https:\\\/\\\/lieblingsromane-trier.de\\\/#website\"},\"primaryImageOfPage\":{\"@id\":\"https:\\\/\\\/lieblingsromane-trier.de\\\/#primaryimage\"},\"image\":{\"@id\":\"https:\\\/\\\/lieblingsromane-trier.de\\\/#primaryimage\"},\"thumbnailUrl\":\"https:\\\/\\\/lieblingsromane-trier.de\\\/wp-content\\\/uploads\\\/2026\\\/01\\\/Englische_Lieblingsromane-2026-Rediuziert-scaled.jpg\",\"datePublished\":\"2022-01-08T17:10:34+00:00\",\"dateModified\":\"2026-02-02T08:03:17+00:00\",\"breadcrumb\":{\"@id\":\"https:\\\/\\\/lieblingsromane-trier.de\\\/#breadcrumb\"},\"inLanguage\":\"de\",\"potentialAction\":[{\"@type\":\"ReadAction\",\"target\":[\"https:\\\/\\\/lieblingsromane-trier.de\\\/\"]}]},{\"@type\":\"ImageObject\",\"inLanguage\":\"de\",\"@id\":\"https:\\\/\\\/lieblingsromane-trier.de\\\/#primaryimage\",\"url\":\"https:\\\/\\\/lieblingsromane-trier.de\\\/wp-content\\\/uploads\\\/2026\\\/01\\\/Englische_Lieblingsromane-2026-Rediuziert-scaled.jpg\",\"contentUrl\":\"https:\\\/\\\/lieblingsromane-trier.de\\\/wp-content\\\/uploads\\\/2026\\\/01\\\/Englische_Lieblingsromane-2026-Rediuziert-scaled.jpg\",\"width\":1810,\"height\":2560},{\"@type\":\"BreadcrumbList\",\"@id\":\"https:\\\/\\\/lieblingsromane-trier.de\\\/#breadcrumb\",\"itemListElement\":[{\"@type\":\"ListItem\",\"position\":1,\"name\":\"Startseite\",\"item\":\"https:\\\/\\\/lieblingsromane-trier.de\\\/\"},{\"@type\":\"ListItem\",\"position\":2,\"name\":\"Lieblingsromane 2027\"}]},{\"@type\":\"WebSite\",\"@id\":\"https:\\\/\\\/lieblingsromane-trier.de\\\/#website\",\"url\":\"https:\\\/\\\/lieblingsromane-trier.de\\\/\",\"name\":\"Lieblingsromane 2018\",\"description\":\"Eine Veranstaltung der Universit\u00e4t Trier\",\"potentialAction\":[{\"@type\":\"SearchAction\",\"target\":{\"@type\":\"EntryPoint\",\"urlTemplate\":\"https:\\\/\\\/lieblingsromane-trier.de\\\/?s={search_term_string}\"},\"query-input\":{\"@type\":\"PropertyValueSpecification\",\"valueRequired\":true,\"valueName\":\"search_term_string\"}}],\"inLanguage\":\"de\"}]}<\/script>\n<!-- \/ Yoast SEO plugin. -->","yoast_head_json":{"title":"Lieblingsromane 2027 - Lieblingsromane","robots":{"index":"index","follow":"follow","max-snippet":"max-snippet:-1","max-image-preview":"max-image-preview:large","max-video-preview":"max-video-preview:-1"},"canonical":"https:\/\/lieblingsromane-trier.de\/","og_locale":"de_DE","og_type":"article","og_title":"Lieblingsromane 2027 - Lieblingsromane","og_description":"Liebe Literatur-Begeisterte, unsere letzte Veranstaltung fand am 30. Januar, 19h, im Bisch\u00f6flichen Priesterseminar (Aula) (Jesuitenstra\u00dfe 13, Trier) statt. Es diskutierten Martin Genetsch, Ralf Hertel, Nele Sawallisch und Hubert Spiegel Katherena Vermettes &#8222;Die Frauen der Familie&#8220;, Joyce Carol Oates &#8222;Der Schl\u00e4chter&#8220; und Ian McEwans &#8222;Was wir wissen k\u00f6nnen&#8220;. Unsere n\u00e4chste Veranstaltung findet voraussichtlich Ende Januar \/ Anfang Februar 2027 statt. Mehr Informationen dazu Ende 2026 hier. Ralf Hertel und das studentische Team von Lieblingsromane.","og_url":"https:\/\/lieblingsromane-trier.de\/","og_site_name":"Lieblingsromane","article_modified_time":"2026-02-02T08:03:17+00:00","og_image":[{"width":1810,"height":2560,"url":"https:\/\/lieblingsromane-trier.de\/wp-content\/uploads\/2026\/01\/Englische_Lieblingsromane-2026-Rediuziert-scaled.jpg","type":"image\/jpeg"}],"twitter_card":"summary_large_image","twitter_misc":{"Gesch\u00e4tzte Lesezeit":"1\u00a0Minute"},"schema":{"@context":"https:\/\/schema.org","@graph":[{"@type":"WebPage","@id":"https:\/\/lieblingsromane-trier.de\/","url":"https:\/\/lieblingsromane-trier.de\/","name":"Lieblingsromane 2027 - Lieblingsromane","isPartOf":{"@id":"https:\/\/lieblingsromane-trier.de\/#website"},"primaryImageOfPage":{"@id":"https:\/\/lieblingsromane-trier.de\/#primaryimage"},"image":{"@id":"https:\/\/lieblingsromane-trier.de\/#primaryimage"},"thumbnailUrl":"https:\/\/lieblingsromane-trier.de\/wp-content\/uploads\/2026\/01\/Englische_Lieblingsromane-2026-Rediuziert-scaled.jpg","datePublished":"2022-01-08T17:10:34+00:00","dateModified":"2026-02-02T08:03:17+00:00","breadcrumb":{"@id":"https:\/\/lieblingsromane-trier.de\/#breadcrumb"},"inLanguage":"de","potentialAction":[{"@type":"ReadAction","target":["https:\/\/lieblingsromane-trier.de\/"]}]},{"@type":"ImageObject","inLanguage":"de","@id":"https:\/\/lieblingsromane-trier.de\/#primaryimage","url":"https:\/\/lieblingsromane-trier.de\/wp-content\/uploads\/2026\/01\/Englische_Lieblingsromane-2026-Rediuziert-scaled.jpg","contentUrl":"https:\/\/lieblingsromane-trier.de\/wp-content\/uploads\/2026\/01\/Englische_Lieblingsromane-2026-Rediuziert-scaled.jpg","width":1810,"height":2560},{"@type":"BreadcrumbList","@id":"https:\/\/lieblingsromane-trier.de\/#breadcrumb","itemListElement":[{"@type":"ListItem","position":1,"name":"Startseite","item":"https:\/\/lieblingsromane-trier.de\/"},{"@type":"ListItem","position":2,"name":"Lieblingsromane 2027"}]},{"@type":"WebSite","@id":"https:\/\/lieblingsromane-trier.de\/#website","url":"https:\/\/lieblingsromane-trier.de\/","name":"Lieblingsromane 2018","description":"Eine Veranstaltung der Universit\u00e4t Trier","potentialAction":[{"@type":"SearchAction","target":{"@type":"EntryPoint","urlTemplate":"https:\/\/lieblingsromane-trier.de\/?s={search_term_string}"},"query-input":{"@type":"PropertyValueSpecification","valueRequired":true,"valueName":"search_term_string"}}],"inLanguage":"de"}]}},"_links":{"self":[{"href":"https:\/\/lieblingsromane-trier.de\/index.php?rest_route=\/wp\/v2\/pages\/1129","targetHints":{"allow":["GET"]}}],"collection":[{"href":"https:\/\/lieblingsromane-trier.de\/index.php?rest_route=\/wp\/v2\/pages"}],"about":[{"href":"https:\/\/lieblingsromane-trier.de\/index.php?rest_route=\/wp\/v2\/types\/page"}],"author":[{"embeddable":true,"href":"https:\/\/lieblingsromane-trier.de\/index.php?rest_route=\/wp\/v2\/users\/1"}],"replies":[{"embeddable":true,"href":"https:\/\/lieblingsromane-trier.de\/index.php?rest_route=%2Fwp%2Fv2%2Fcomments&post=1129"}],"version-history":[{"count":74,"href":"https:\/\/lieblingsromane-trier.de\/index.php?rest_route=\/wp\/v2\/pages\/1129\/revisions"}],"predecessor-version":[{"id":1498,"href":"https:\/\/lieblingsromane-trier.de\/index.php?rest_route=\/wp\/v2\/pages\/1129\/revisions\/1498"}],"wp:attachment":[{"href":"https:\/\/lieblingsromane-trier.de\/index.php?rest_route=%2Fwp%2Fv2%2Fmedia&parent=1129"}],"curies":[{"name":"wp","href":"https:\/\/api.w.org\/{rel}","templated":true}]}}