{"id":108,"date":"2018-12-13T16:08:38","date_gmt":"2018-12-13T16:08:38","guid":{"rendered":"http:\/\/lieblingsromane-trier.de\/?page_id=108"},"modified":"2022-01-05T22:34:14","modified_gmt":"2022-01-05T21:34:14","slug":"suesser-ernst","status":"publish","type":"page","link":"https:\/\/lieblingsromane-trier.de\/?page_id=108","title":{"rendered":"S\u00fc\u00dfer Ernst"},"content":{"rendered":"\n<div class=\"wp-block-media-text alignwide is-stacked-on-mobile\" style=\"grid-template-columns:33% auto\"><figure class=\"wp-block-media-text__media\"><img fetchpriority=\"high\" decoding=\"async\" width=\"697\" height=\"1024\" src=\"https:\/\/lieblingsromane-trier.de\/wp-content\/uploads\/2019\/01\/IMG_5332-2-697x1024.jpg\" alt=\"\" class=\"wp-image-285 size-full\" srcset=\"https:\/\/lieblingsromane-trier.de\/wp-content\/uploads\/2019\/01\/IMG_5332-2-697x1024.jpg 697w, https:\/\/lieblingsromane-trier.de\/wp-content\/uploads\/2019\/01\/IMG_5332-2-204x300.jpg 204w, https:\/\/lieblingsromane-trier.de\/wp-content\/uploads\/2019\/01\/IMG_5332-2-768x1128.jpg 768w, https:\/\/lieblingsromane-trier.de\/wp-content\/uploads\/2019\/01\/IMG_5332-2-1140x1675.jpg 1140w, https:\/\/lieblingsromane-trier.de\/wp-content\/uploads\/2019\/01\/IMG_5332-2.jpg 2046w\" sizes=\"(max-width: 697px) 100vw, 697px\" \/><\/figure><div class=\"wp-block-media-text__content\">\n<p style=\"font-size:14px\">\n\nLondon, der 10. April des Jahres 2015. Der 59-j\u00e4hrige britische Regierungsbeamte Jon Sigurdsson und die 45-j\u00e4hrige B\u00fcroangestellte Margaret Williams beabsichtigen, sich an diesem Tag zu treffen, um sich n\u00e4her kennenzulernen und ihre Gef\u00fchle f\u00fcreinander zu erforschen. \u00dcber eine Kontaktanzeige, in welcher Jon Frauen anbietet, ihnen gegen Geld einf\u00fchlsame Liebesbriefe zu schreiben, macht die trockene Alkoholikerin Margaret, im Roman vorgestellt als Meg, Bekanntschaft mit dem zu diesem Zeitpunkt noch unter einem Decknamen in Anonymit\u00e4t verharrenden Jon und entwickelt tiefere Gef\u00fchle f\u00fcr diesen. Sie m\u00f6chte den Mann, der ihr diese gef\u00fchlvollen und tr\u00f6stenden Worte schreibt, welche wie Balsam f\u00fcr ihre verletzte Seele sind, endlich n\u00e4her kennenlernen und macht ihn an der Postfiliale ausfindig. Die Beiden vereinbaren ein Treffen am 10. April \u2013 an Megs Geburtstag. Doch dem lang ersehnten Treffen scheinen noch einige Komplikationen entgegenzustehen\u2026 \n\n<\/p>\n<\/div><\/div>\n\n\n\n<div style=\"height:32px\" aria-hidden=\"true\" class=\"wp-block-spacer\"><\/div>\n\n\n\n<blockquote class=\"wp-block-quote is-layout-flow wp-block-quote-is-layout-flow\"><p><em>S\u00fc\u00dfer Ernst<\/em> ist ein komplexer, gro\u00dfartiger Roman voll schr\u00e4ger Typen und skurriler Situationen, mit bitterb\u00f6ser Komik und einem Hauch von Agentengeschichte. Ein Roman \u00fcber Liebe und Politik, \u00fcber den Schmerz und das Gl\u00fcck von Beziehungen, von Menschen, die heilen und geheilt werden wollen. Fast schmerzhaft folgt man Jon und Meg, die erst nach einem langen, langen Tag endlich zusammenfinden.                                  <\/p><cite>Britta Schmeis, SPIEGEL ONLINE <\/cite><\/blockquote>\n\n\n\n<div style=\"height:20px\" aria-hidden=\"true\" class=\"wp-block-spacer\"><\/div>\n\n\n\n<blockquote class=\"wp-block-quote is-layout-flow wp-block-quote-is-layout-flow\"><p>Wieder geht A. L. Kennedy mitten in den Schmerz ihrer Figuren. Die Unsicherheit Jons und die Depression Megs, wehrlos gegen die Zumutungen der Medizin, peinigen in ihrer Intensit\u00e4t: &#8222;Dir ist bewusst, dass du schluchzt, dass immer noch etwas mit dir passiert, auch wenn sie aufgeh\u00f6rt haben, in dir herumzufummeln, dich \u00fcberall anzufassen.&#8220; Es geht um Respekt. Und auf einmal wird die Geschichte der Liebe von Meg und Jon zu einer Neubestimmung des Verh\u00e4ltnisses von Frau und Mann. [\u2026] Kennedy, bekannt als herbe Desillusionistin, feiert die Zartheit der unm\u00f6glichen Beziehung der beiden. Es geht um sch\u00fcchterne gro\u00dfe Gef\u00fchle zweier anst\u00e4ndiger Menschen mit erheblichen Schwierigkeiten.                                  <\/p><cite>Hans-Peter Kunisch, ZEIT ONLINE <\/cite><\/blockquote>\n\n\n\n<div style=\"height:39px\" aria-hidden=\"true\" class=\"wp-block-spacer\"><\/div>\n\n\n\n<h3 class=\"has-text-align-center wp-block-heading\">A. L. Kennedy<\/h3>\n\n\n\n<p style=\"font-size:14px\">Die britische Schriftstellerin A. L. Kennedy, geboren 1965 in Dundee, Schottland, ist ein wahres \u201eMedien-Multitalent\u201c. Neben dem Schreiben von Romanen, Kurzgeschichten, Sachb\u00fcchern sowie Kinderb\u00fcchern arbeitet sie&nbsp;f\u00fcr Radio, Film und Fernsehen und tritt gelegentlich sogar als Stand-up Comedian auf. Zudem unterrichtete sie bereits an verschiedenen Universit\u00e4ten. A. L. Kennedy feierte&nbsp;nicht nur national sondern auch international bereits&nbsp;viele Erfolge. Sie wurde mit zahlreichen Preisen ausgezeichnet, darunter der \u00d6sterreichische Staatspreis f\u00fcr Europ\u00e4ische Literatur (2007) und der Heine-Preis (2016). 2017 wurde sie dar\u00fcber hinaus in die Berliner Akademie der K\u00fcnste aufgenommen.<\/p>\n","protected":false},"excerpt":{"rendered":"<p>London, der 10. April des Jahres 2015. Der 59-j\u00e4hrige britische Regierungsbeamte Jon Sigurdsson und die 45-j\u00e4hrige B\u00fcroangestellte Margaret Williams beabsichtigen, sich an diesem Tag zu treffen, um sich n\u00e4her kennenzulernen und ihre Gef\u00fchle f\u00fcreinander zu erforschen. \u00dcber eine Kontaktanzeige, in welcher Jon Frauen anbietet, ihnen gegen Geld einf\u00fchlsame Liebesbriefe zu schreiben, macht die trockene Alkoholikerin Margaret, im Roman vorgestellt als Meg, Bekanntschaft mit dem zu diesem Zeitpunkt noch unter einem Decknamen in Anonymit\u00e4t verharrenden Jon und entwickelt tiefere Gef\u00fchle f\u00fcr diesen. Sie m\u00f6chte den Mann, der ihr diese gef\u00fchlvollen und tr\u00f6stenden Worte schreibt, welche wie Balsam f\u00fcr ihre verletzte Seele sind, endlich n\u00e4her kennenlernen und macht ihn an der Postfiliale ausfindig. Die Beiden vereinbaren ein Treffen am 10. April \u2013 an Megs Geburtstag. Doch dem lang ersehnten Treffen scheinen noch einige Komplikationen entgegenzustehen\u2026 S\u00fc\u00dfer Ernst ist ein komplexer, gro\u00dfartiger Roman voll schr\u00e4ger Typen und skurriler Situationen, mit bitterb\u00f6ser Komik und einem Hauch von Agentengeschichte. Ein Roman \u00fcber Liebe und Politik, \u00fcber den Schmerz und das Gl\u00fcck von Beziehungen, von Menschen, die heilen und geheilt werden wollen. Fast schmerzhaft folgt man Jon und Meg, die erst nach einem langen, langen Tag endlich zusammenfinden. Britta Schmeis, SPIEGEL ONLINE Wieder geht A. L. Kennedy mitten in den Schmerz ihrer Figuren. Die Unsicherheit Jons und die Depression Megs, wehrlos gegen die Zumutungen der Medizin, peinigen in ihrer Intensit\u00e4t: &#8222;Dir ist bewusst, dass du schluchzt, dass immer noch etwas mit dir passiert, auch wenn sie aufgeh\u00f6rt haben, in dir herumzufummeln, dich \u00fcberall anzufassen.&#8220; Es geht um Respekt. Und auf einmal wird die Geschichte der Liebe von Meg und Jon zu einer Neubestimmung des Verh\u00e4ltnisses von Frau und Mann. [\u2026] Kennedy, bekannt als herbe Desillusionistin, feiert die Zartheit der unm\u00f6glichen Beziehung der beiden. Es geht um sch\u00fcchterne gro\u00dfe Gef\u00fchle zweier anst\u00e4ndiger Menschen mit erheblichen Schwierigkeiten. Hans-Peter Kunisch, ZEIT ONLINE A. L. Kennedy Die britische Schriftstellerin A. L. Kennedy, geboren 1965 in Dundee, Schottland, ist ein wahres \u201eMedien-Multitalent\u201c. Neben dem Schreiben von Romanen, Kurzgeschichten, Sachb\u00fcchern sowie Kinderb\u00fcchern arbeitet sie&nbsp;f\u00fcr Radio, Film und Fernsehen und tritt gelegentlich sogar als Stand-up Comedian auf. Zudem unterrichtete sie bereits an verschiedenen Universit\u00e4ten. A. L. Kennedy feierte&nbsp;nicht nur national sondern auch international bereits&nbsp;viele Erfolge. Sie wurde mit zahlreichen Preisen ausgezeichnet, darunter der \u00d6sterreichische Staatspreis f\u00fcr Europ\u00e4ische Literatur (2007) und der Heine-Preis (2016). 2017 wurde sie dar\u00fcber hinaus in die Berliner Akademie der K\u00fcnste aufgenommen.<\/p>\n","protected":false},"author":1,"featured_media":0,"parent":0,"menu_order":0,"comment_status":"closed","ping_status":"closed","template":"","meta":{"footnotes":""},"class_list":["post-108","page","type-page","status-publish","hentry"],"yoast_head":"<!-- This site is optimized with the Yoast SEO plugin v27.5 - https:\/\/yoast.com\/product\/yoast-seo-wordpress\/ -->\n<title>S\u00fc\u00dfer Ernst - Lieblingsromane<\/title>\n<meta name=\"robots\" content=\"index, follow, max-snippet:-1, max-image-preview:large, max-video-preview:-1\" \/>\n<link rel=\"canonical\" href=\"https:\/\/lieblingsromane-trier.de\/?page_id=108\" \/>\n<meta property=\"og:locale\" content=\"de_DE\" \/>\n<meta property=\"og:type\" content=\"article\" \/>\n<meta property=\"og:title\" content=\"S\u00fc\u00dfer Ernst - Lieblingsromane\" \/>\n<meta property=\"og:description\" content=\"London, der 10. April des Jahres 2015. Der 59-j\u00e4hrige britische Regierungsbeamte Jon Sigurdsson und die 45-j\u00e4hrige B\u00fcroangestellte Margaret Williams beabsichtigen, sich an diesem Tag zu treffen, um sich n\u00e4her kennenzulernen und ihre Gef\u00fchle f\u00fcreinander zu erforschen. \u00dcber eine Kontaktanzeige, in welcher Jon Frauen anbietet, ihnen gegen Geld einf\u00fchlsame Liebesbriefe zu schreiben, macht die trockene Alkoholikerin Margaret, im Roman vorgestellt als Meg, Bekanntschaft mit dem zu diesem Zeitpunkt noch unter einem Decknamen in Anonymit\u00e4t verharrenden Jon und entwickelt tiefere Gef\u00fchle f\u00fcr diesen. Sie m\u00f6chte den Mann, der ihr diese gef\u00fchlvollen und tr\u00f6stenden Worte schreibt, welche wie Balsam f\u00fcr ihre verletzte Seele sind, endlich n\u00e4her kennenlernen und macht ihn an der Postfiliale ausfindig. Die Beiden vereinbaren ein Treffen am 10. April \u2013 an Megs Geburtstag. Doch dem lang ersehnten Treffen scheinen noch einige Komplikationen entgegenzustehen\u2026 S\u00fc\u00dfer Ernst ist ein komplexer, gro\u00dfartiger Roman voll schr\u00e4ger Typen und skurriler Situationen, mit bitterb\u00f6ser Komik und einem Hauch von Agentengeschichte. Ein Roman \u00fcber Liebe und Politik, \u00fcber den Schmerz und das Gl\u00fcck von Beziehungen, von Menschen, die heilen und geheilt werden wollen. Fast schmerzhaft folgt man Jon und Meg, die erst nach einem langen, langen Tag endlich zusammenfinden. Britta Schmeis, SPIEGEL ONLINE Wieder geht A. L. Kennedy mitten in den Schmerz ihrer Figuren. Die Unsicherheit Jons und die Depression Megs, wehrlos gegen die Zumutungen der Medizin, peinigen in ihrer Intensit\u00e4t: &#8222;Dir ist bewusst, dass du schluchzt, dass immer noch etwas mit dir passiert, auch wenn sie aufgeh\u00f6rt haben, in dir herumzufummeln, dich \u00fcberall anzufassen.&#8220; Es geht um Respekt. Und auf einmal wird die Geschichte der Liebe von Meg und Jon zu einer Neubestimmung des Verh\u00e4ltnisses von Frau und Mann. [\u2026] Kennedy, bekannt als herbe Desillusionistin, feiert die Zartheit der unm\u00f6glichen Beziehung der beiden. Es geht um sch\u00fcchterne gro\u00dfe Gef\u00fchle zweier anst\u00e4ndiger Menschen mit erheblichen Schwierigkeiten. Hans-Peter Kunisch, ZEIT ONLINE A. L. Kennedy Die britische Schriftstellerin A. L. Kennedy, geboren 1965 in Dundee, Schottland, ist ein wahres \u201eMedien-Multitalent\u201c. Neben dem Schreiben von Romanen, Kurzgeschichten, Sachb\u00fcchern sowie Kinderb\u00fcchern arbeitet sie&nbsp;f\u00fcr Radio, Film und Fernsehen und tritt gelegentlich sogar als Stand-up Comedian auf. Zudem unterrichtete sie bereits an verschiedenen Universit\u00e4ten. A. L. Kennedy feierte&nbsp;nicht nur national sondern auch international bereits&nbsp;viele Erfolge. Sie wurde mit zahlreichen Preisen ausgezeichnet, darunter der \u00d6sterreichische Staatspreis f\u00fcr Europ\u00e4ische Literatur (2007) und der Heine-Preis (2016). 2017 wurde sie dar\u00fcber hinaus in die Berliner Akademie der K\u00fcnste aufgenommen.\" \/>\n<meta property=\"og:url\" content=\"https:\/\/lieblingsromane-trier.de\/?page_id=108\" \/>\n<meta property=\"og:site_name\" content=\"Lieblingsromane\" \/>\n<meta property=\"article:modified_time\" content=\"2022-01-05T21:34:14+00:00\" \/>\n<meta property=\"og:image\" content=\"https:\/\/lieblingsromane-trier.de\/wp-content\/uploads\/2019\/01\/IMG_5332-2-697x1024.jpg\" \/>\n<meta name=\"twitter:card\" content=\"summary_large_image\" \/>\n<meta name=\"twitter:label1\" content=\"Gesch\u00e4tzte Lesezeit\" \/>\n\t<meta name=\"twitter:data1\" content=\"3\u00a0Minuten\" \/>\n<script type=\"application\/ld+json\" class=\"yoast-schema-graph\">{\"@context\":\"https:\\\/\\\/schema.org\",\"@graph\":[{\"@type\":\"WebPage\",\"@id\":\"https:\\\/\\\/lieblingsromane-trier.de\\\/?page_id=108\",\"url\":\"https:\\\/\\\/lieblingsromane-trier.de\\\/?page_id=108\",\"name\":\"S\u00fc\u00dfer Ernst - Lieblingsromane\",\"isPartOf\":{\"@id\":\"https:\\\/\\\/lieblingsromane-trier.de\\\/#website\"},\"primaryImageOfPage\":{\"@id\":\"https:\\\/\\\/lieblingsromane-trier.de\\\/?page_id=108#primaryimage\"},\"image\":{\"@id\":\"https:\\\/\\\/lieblingsromane-trier.de\\\/?page_id=108#primaryimage\"},\"thumbnailUrl\":\"https:\\\/\\\/lieblingsromane-trier.de\\\/wp-content\\\/uploads\\\/2019\\\/01\\\/IMG_5332-2-697x1024.jpg\",\"datePublished\":\"2018-12-13T16:08:38+00:00\",\"dateModified\":\"2022-01-05T21:34:14+00:00\",\"breadcrumb\":{\"@id\":\"https:\\\/\\\/lieblingsromane-trier.de\\\/?page_id=108#breadcrumb\"},\"inLanguage\":\"de\",\"potentialAction\":[{\"@type\":\"ReadAction\",\"target\":[\"https:\\\/\\\/lieblingsromane-trier.de\\\/?page_id=108\"]}]},{\"@type\":\"ImageObject\",\"inLanguage\":\"de\",\"@id\":\"https:\\\/\\\/lieblingsromane-trier.de\\\/?page_id=108#primaryimage\",\"url\":\"https:\\\/\\\/lieblingsromane-trier.de\\\/wp-content\\\/uploads\\\/2019\\\/01\\\/IMG_5332-2.jpg\",\"contentUrl\":\"https:\\\/\\\/lieblingsromane-trier.de\\\/wp-content\\\/uploads\\\/2019\\\/01\\\/IMG_5332-2.jpg\",\"width\":2046,\"height\":3006},{\"@type\":\"BreadcrumbList\",\"@id\":\"https:\\\/\\\/lieblingsromane-trier.de\\\/?page_id=108#breadcrumb\",\"itemListElement\":[{\"@type\":\"ListItem\",\"position\":1,\"name\":\"Startseite\",\"item\":\"https:\\\/\\\/lieblingsromane-trier.de\\\/\"},{\"@type\":\"ListItem\",\"position\":2,\"name\":\"S\u00fc\u00dfer Ernst\"}]},{\"@type\":\"WebSite\",\"@id\":\"https:\\\/\\\/lieblingsromane-trier.de\\\/#website\",\"url\":\"https:\\\/\\\/lieblingsromane-trier.de\\\/\",\"name\":\"Lieblingsromane 2018\",\"description\":\"Eine Veranstaltung der Universit\u00e4t Trier\",\"potentialAction\":[{\"@type\":\"SearchAction\",\"target\":{\"@type\":\"EntryPoint\",\"urlTemplate\":\"https:\\\/\\\/lieblingsromane-trier.de\\\/?s={search_term_string}\"},\"query-input\":{\"@type\":\"PropertyValueSpecification\",\"valueRequired\":true,\"valueName\":\"search_term_string\"}}],\"inLanguage\":\"de\"}]}<\/script>\n<!-- \/ Yoast SEO plugin. -->","yoast_head_json":{"title":"S\u00fc\u00dfer Ernst - Lieblingsromane","robots":{"index":"index","follow":"follow","max-snippet":"max-snippet:-1","max-image-preview":"max-image-preview:large","max-video-preview":"max-video-preview:-1"},"canonical":"https:\/\/lieblingsromane-trier.de\/?page_id=108","og_locale":"de_DE","og_type":"article","og_title":"S\u00fc\u00dfer Ernst - Lieblingsromane","og_description":"London, der 10. April des Jahres 2015. Der 59-j\u00e4hrige britische Regierungsbeamte Jon Sigurdsson und die 45-j\u00e4hrige B\u00fcroangestellte Margaret Williams beabsichtigen, sich an diesem Tag zu treffen, um sich n\u00e4her kennenzulernen und ihre Gef\u00fchle f\u00fcreinander zu erforschen. \u00dcber eine Kontaktanzeige, in welcher Jon Frauen anbietet, ihnen gegen Geld einf\u00fchlsame Liebesbriefe zu schreiben, macht die trockene Alkoholikerin Margaret, im Roman vorgestellt als Meg, Bekanntschaft mit dem zu diesem Zeitpunkt noch unter einem Decknamen in Anonymit\u00e4t verharrenden Jon und entwickelt tiefere Gef\u00fchle f\u00fcr diesen. Sie m\u00f6chte den Mann, der ihr diese gef\u00fchlvollen und tr\u00f6stenden Worte schreibt, welche wie Balsam f\u00fcr ihre verletzte Seele sind, endlich n\u00e4her kennenlernen und macht ihn an der Postfiliale ausfindig. Die Beiden vereinbaren ein Treffen am 10. April \u2013 an Megs Geburtstag. Doch dem lang ersehnten Treffen scheinen noch einige Komplikationen entgegenzustehen\u2026 S\u00fc\u00dfer Ernst ist ein komplexer, gro\u00dfartiger Roman voll schr\u00e4ger Typen und skurriler Situationen, mit bitterb\u00f6ser Komik und einem Hauch von Agentengeschichte. Ein Roman \u00fcber Liebe und Politik, \u00fcber den Schmerz und das Gl\u00fcck von Beziehungen, von Menschen, die heilen und geheilt werden wollen. Fast schmerzhaft folgt man Jon und Meg, die erst nach einem langen, langen Tag endlich zusammenfinden. Britta Schmeis, SPIEGEL ONLINE Wieder geht A. L. Kennedy mitten in den Schmerz ihrer Figuren. Die Unsicherheit Jons und die Depression Megs, wehrlos gegen die Zumutungen der Medizin, peinigen in ihrer Intensit\u00e4t: &#8222;Dir ist bewusst, dass du schluchzt, dass immer noch etwas mit dir passiert, auch wenn sie aufgeh\u00f6rt haben, in dir herumzufummeln, dich \u00fcberall anzufassen.&#8220; Es geht um Respekt. Und auf einmal wird die Geschichte der Liebe von Meg und Jon zu einer Neubestimmung des Verh\u00e4ltnisses von Frau und Mann. [\u2026] Kennedy, bekannt als herbe Desillusionistin, feiert die Zartheit der unm\u00f6glichen Beziehung der beiden. Es geht um sch\u00fcchterne gro\u00dfe Gef\u00fchle zweier anst\u00e4ndiger Menschen mit erheblichen Schwierigkeiten. Hans-Peter Kunisch, ZEIT ONLINE A. L. Kennedy Die britische Schriftstellerin A. L. Kennedy, geboren 1965 in Dundee, Schottland, ist ein wahres \u201eMedien-Multitalent\u201c. Neben dem Schreiben von Romanen, Kurzgeschichten, Sachb\u00fcchern sowie Kinderb\u00fcchern arbeitet sie&nbsp;f\u00fcr Radio, Film und Fernsehen und tritt gelegentlich sogar als Stand-up Comedian auf. Zudem unterrichtete sie bereits an verschiedenen Universit\u00e4ten. A. L. Kennedy feierte&nbsp;nicht nur national sondern auch international bereits&nbsp;viele Erfolge. Sie wurde mit zahlreichen Preisen ausgezeichnet, darunter der \u00d6sterreichische Staatspreis f\u00fcr Europ\u00e4ische Literatur (2007) und der Heine-Preis (2016). 2017 wurde sie dar\u00fcber hinaus in die Berliner Akademie der K\u00fcnste aufgenommen.","og_url":"https:\/\/lieblingsromane-trier.de\/?page_id=108","og_site_name":"Lieblingsromane","article_modified_time":"2022-01-05T21:34:14+00:00","og_image":[{"url":"https:\/\/lieblingsromane-trier.de\/wp-content\/uploads\/2019\/01\/IMG_5332-2-697x1024.jpg","type":"","width":"","height":""}],"twitter_card":"summary_large_image","twitter_misc":{"Gesch\u00e4tzte Lesezeit":"3\u00a0Minuten"},"schema":{"@context":"https:\/\/schema.org","@graph":[{"@type":"WebPage","@id":"https:\/\/lieblingsromane-trier.de\/?page_id=108","url":"https:\/\/lieblingsromane-trier.de\/?page_id=108","name":"S\u00fc\u00dfer Ernst - Lieblingsromane","isPartOf":{"@id":"https:\/\/lieblingsromane-trier.de\/#website"},"primaryImageOfPage":{"@id":"https:\/\/lieblingsromane-trier.de\/?page_id=108#primaryimage"},"image":{"@id":"https:\/\/lieblingsromane-trier.de\/?page_id=108#primaryimage"},"thumbnailUrl":"https:\/\/lieblingsromane-trier.de\/wp-content\/uploads\/2019\/01\/IMG_5332-2-697x1024.jpg","datePublished":"2018-12-13T16:08:38+00:00","dateModified":"2022-01-05T21:34:14+00:00","breadcrumb":{"@id":"https:\/\/lieblingsromane-trier.de\/?page_id=108#breadcrumb"},"inLanguage":"de","potentialAction":[{"@type":"ReadAction","target":["https:\/\/lieblingsromane-trier.de\/?page_id=108"]}]},{"@type":"ImageObject","inLanguage":"de","@id":"https:\/\/lieblingsromane-trier.de\/?page_id=108#primaryimage","url":"https:\/\/lieblingsromane-trier.de\/wp-content\/uploads\/2019\/01\/IMG_5332-2.jpg","contentUrl":"https:\/\/lieblingsromane-trier.de\/wp-content\/uploads\/2019\/01\/IMG_5332-2.jpg","width":2046,"height":3006},{"@type":"BreadcrumbList","@id":"https:\/\/lieblingsromane-trier.de\/?page_id=108#breadcrumb","itemListElement":[{"@type":"ListItem","position":1,"name":"Startseite","item":"https:\/\/lieblingsromane-trier.de\/"},{"@type":"ListItem","position":2,"name":"S\u00fc\u00dfer Ernst"}]},{"@type":"WebSite","@id":"https:\/\/lieblingsromane-trier.de\/#website","url":"https:\/\/lieblingsromane-trier.de\/","name":"Lieblingsromane 2018","description":"Eine Veranstaltung der Universit\u00e4t Trier","potentialAction":[{"@type":"SearchAction","target":{"@type":"EntryPoint","urlTemplate":"https:\/\/lieblingsromane-trier.de\/?s={search_term_string}"},"query-input":{"@type":"PropertyValueSpecification","valueRequired":true,"valueName":"search_term_string"}}],"inLanguage":"de"}]}},"_links":{"self":[{"href":"https:\/\/lieblingsromane-trier.de\/index.php?rest_route=\/wp\/v2\/pages\/108","targetHints":{"allow":["GET"]}}],"collection":[{"href":"https:\/\/lieblingsromane-trier.de\/index.php?rest_route=\/wp\/v2\/pages"}],"about":[{"href":"https:\/\/lieblingsromane-trier.de\/index.php?rest_route=\/wp\/v2\/types\/page"}],"author":[{"embeddable":true,"href":"https:\/\/lieblingsromane-trier.de\/index.php?rest_route=\/wp\/v2\/users\/1"}],"replies":[{"embeddable":true,"href":"https:\/\/lieblingsromane-trier.de\/index.php?rest_route=%2Fwp%2Fv2%2Fcomments&post=108"}],"version-history":[{"count":22,"href":"https:\/\/lieblingsromane-trier.de\/index.php?rest_route=\/wp\/v2\/pages\/108\/revisions"}],"predecessor-version":[{"id":1099,"href":"https:\/\/lieblingsromane-trier.de\/index.php?rest_route=\/wp\/v2\/pages\/108\/revisions\/1099"}],"wp:attachment":[{"href":"https:\/\/lieblingsromane-trier.de\/index.php?rest_route=%2Fwp%2Fv2%2Fmedia&parent=108"}],"curies":[{"name":"wp","href":"https:\/\/api.w.org\/{rel}","templated":true}]}}