{"id":103,"date":"2018-12-13T15:54:49","date_gmt":"2018-12-13T15:54:49","guid":{"rendered":"http:\/\/lieblingsromane-trier.de\/?page_id=103"},"modified":"2022-01-05T22:36:05","modified_gmt":"2022-01-05T21:36:05","slug":"slade-house","status":"publish","type":"page","link":"https:\/\/lieblingsromane-trier.de\/?page_id=103","title":{"rendered":"Slade House"},"content":{"rendered":"\n<div class=\"wp-block-media-text alignwide is-stacked-on-mobile\" style=\"grid-template-columns:19% auto\"><figure class=\"wp-block-media-text__media\"><img fetchpriority=\"high\" decoding=\"async\" width=\"688\" height=\"1024\" src=\"https:\/\/lieblingsromane-trier.de\/wp-content\/uploads\/2019\/01\/IMG_5338-2-688x1024.jpg\" alt=\"\" class=\"wp-image-295 size-full\" srcset=\"https:\/\/lieblingsromane-trier.de\/wp-content\/uploads\/2019\/01\/IMG_5338-2-688x1024.jpg 688w, https:\/\/lieblingsromane-trier.de\/wp-content\/uploads\/2019\/01\/IMG_5338-2-202x300.jpg 202w, https:\/\/lieblingsromane-trier.de\/wp-content\/uploads\/2019\/01\/IMG_5338-2-768x1143.jpg 768w, https:\/\/lieblingsromane-trier.de\/wp-content\/uploads\/2019\/01\/IMG_5338-2-1140x1696.jpg 1140w\" sizes=\"(max-width: 688px) 100vw, 688px\" \/><\/figure><div class=\"wp-block-media-text__content\">\n<p style=\"font-size:14px\">\n\nDavid Mitchells neuster Roman&nbsp;<em>Slade House (2015)<\/em>&nbsp;handelt von einem unsterblichen Zwillingspaar, welches unwissende Menschen alle neun Jahre in ein Geisterhaus in die Londoner Slade Alley hineinlockt. In insgesamt f\u00fcnf miteinander verbunden Kurzgeschichten verschwinden zwischen den Jahren 1979 und 2015 am letzten Tag im Oktober jeweils ein Teenager, ein Kommissar, eine Gruppe von Studenten, eine junge Journalistin und eine Psychiaterin und fallen den Zwillingen zum Opfer. Ein schauriger Lesegenuss, der besonders aufgrund seines unheimlichen und mysteri\u00f6sen Charakters zum Nachdenken anregt.&nbsp;\n\n<\/p>\n<\/div><\/div>\n\n\n\n<div style=\"height:38px\" aria-hidden=\"true\" class=\"wp-block-spacer\"><\/div>\n\n\n\n<h3 class=\"has-text-align-center wp-block-heading\">David Mitchell<\/h3>\n\n\n\n<p style=\"font-size:14px\">David Stephen Mitchell, geboren am 12. Januar in Southport, England, hatte schon immer eine ganz spezielle Beziehung zum Thema &#8222;Sprache&#8220;. Sein Stottern, welches er schon in fr\u00fchester Kindheit entwickelte, gestaltete es ihm schwierig sich verbal auszudr\u00fccken. Nichtsdestotrotz bezeichnet er sich selbst als &#8222;word-nerd&#8220;, immer auf der Suche nach den perfekten S\u00e4tzen. Mitchell verwandelte seine Schw\u00e4che in seine gr\u00f6\u00dfte St\u00e4rke &#8211; das Spiel mit Worten und sein umfangreiches Vokabular sind nur einige seiner Markenzeichen. Kaum einem anderen Autor gelingt es so spielerisch die Schicksale einzelner Charaktere zu Romanen zusammenzuf\u00fcgen, und dadurch Meisterwerke zu erschaffen wie <em>Ghostwritten<\/em> (1999), <em>Cloud Atlas<\/em> (2004) und <em>Slade House<\/em> (2015) &#8211; der neuesten Erg\u00e4nzung zu seinem komplexen Universum aus Charakteren und Geschichten.&nbsp; &nbsp;<\/p>\n","protected":false},"excerpt":{"rendered":"<p>David Mitchells neuster Roman&nbsp;Slade House (2015)&nbsp;handelt von einem unsterblichen Zwillingspaar, welches unwissende Menschen alle neun Jahre in ein Geisterhaus in die Londoner Slade Alley hineinlockt. In insgesamt f\u00fcnf miteinander verbunden Kurzgeschichten verschwinden zwischen den Jahren 1979 und 2015 am letzten Tag im Oktober jeweils ein Teenager, ein Kommissar, eine Gruppe von Studenten, eine junge Journalistin und eine Psychiaterin und fallen den Zwillingen zum Opfer. Ein schauriger Lesegenuss, der besonders aufgrund seines unheimlichen und mysteri\u00f6sen Charakters zum Nachdenken anregt.&nbsp; David Mitchell David Stephen Mitchell, geboren am 12. Januar in Southport, England, hatte schon immer eine ganz spezielle Beziehung zum Thema &#8222;Sprache&#8220;. Sein Stottern, welches er schon in fr\u00fchester Kindheit entwickelte, gestaltete es ihm schwierig sich verbal auszudr\u00fccken. Nichtsdestotrotz bezeichnet er sich selbst als &#8222;word-nerd&#8220;, immer auf der Suche nach den perfekten S\u00e4tzen. Mitchell verwandelte seine Schw\u00e4che in seine gr\u00f6\u00dfte St\u00e4rke &#8211; das Spiel mit Worten und sein umfangreiches Vokabular sind nur einige seiner Markenzeichen. Kaum einem anderen Autor gelingt es so spielerisch die Schicksale einzelner Charaktere zu Romanen zusammenzuf\u00fcgen, und dadurch Meisterwerke zu erschaffen wie Ghostwritten (1999), Cloud Atlas (2004) und Slade House (2015) &#8211; der neuesten Erg\u00e4nzung zu seinem komplexen Universum aus Charakteren und Geschichten.&nbsp; &nbsp;<\/p>\n","protected":false},"author":1,"featured_media":0,"parent":0,"menu_order":0,"comment_status":"closed","ping_status":"closed","template":"","meta":{"footnotes":""},"class_list":["post-103","page","type-page","status-publish","hentry"],"yoast_head":"<!-- This site is optimized with the Yoast SEO plugin v27.5 - https:\/\/yoast.com\/product\/yoast-seo-wordpress\/ -->\n<title>Slade House - Lieblingsromane<\/title>\n<meta name=\"robots\" content=\"index, follow, max-snippet:-1, max-image-preview:large, max-video-preview:-1\" \/>\n<link rel=\"canonical\" href=\"https:\/\/lieblingsromane-trier.de\/?page_id=103\" \/>\n<meta property=\"og:locale\" content=\"de_DE\" \/>\n<meta property=\"og:type\" content=\"article\" \/>\n<meta property=\"og:title\" content=\"Slade House - Lieblingsromane\" \/>\n<meta property=\"og:description\" content=\"David Mitchells neuster Roman&nbsp;Slade House (2015)&nbsp;handelt von einem unsterblichen Zwillingspaar, welches unwissende Menschen alle neun Jahre in ein Geisterhaus in die Londoner Slade Alley hineinlockt. In insgesamt f\u00fcnf miteinander verbunden Kurzgeschichten verschwinden zwischen den Jahren 1979 und 2015 am letzten Tag im Oktober jeweils ein Teenager, ein Kommissar, eine Gruppe von Studenten, eine junge Journalistin und eine Psychiaterin und fallen den Zwillingen zum Opfer. Ein schauriger Lesegenuss, der besonders aufgrund seines unheimlichen und mysteri\u00f6sen Charakters zum Nachdenken anregt.&nbsp; David Mitchell David Stephen Mitchell, geboren am 12. Januar in Southport, England, hatte schon immer eine ganz spezielle Beziehung zum Thema &#8222;Sprache&#8220;. Sein Stottern, welches er schon in fr\u00fchester Kindheit entwickelte, gestaltete es ihm schwierig sich verbal auszudr\u00fccken. Nichtsdestotrotz bezeichnet er sich selbst als &#8222;word-nerd&#8220;, immer auf der Suche nach den perfekten S\u00e4tzen. Mitchell verwandelte seine Schw\u00e4che in seine gr\u00f6\u00dfte St\u00e4rke &#8211; das Spiel mit Worten und sein umfangreiches Vokabular sind nur einige seiner Markenzeichen. Kaum einem anderen Autor gelingt es so spielerisch die Schicksale einzelner Charaktere zu Romanen zusammenzuf\u00fcgen, und dadurch Meisterwerke zu erschaffen wie Ghostwritten (1999), Cloud Atlas (2004) und Slade House (2015) &#8211; der neuesten Erg\u00e4nzung zu seinem komplexen Universum aus Charakteren und Geschichten.&nbsp; &nbsp;\" \/>\n<meta property=\"og:url\" content=\"https:\/\/lieblingsromane-trier.de\/?page_id=103\" \/>\n<meta property=\"og:site_name\" content=\"Lieblingsromane\" \/>\n<meta property=\"article:modified_time\" content=\"2022-01-05T21:36:05+00:00\" \/>\n<meta property=\"og:image\" content=\"https:\/\/lieblingsromane-trier.de\/wp-content\/uploads\/2019\/01\/IMG_5338-2-688x1024.jpg\" \/>\n<meta name=\"twitter:card\" content=\"summary_large_image\" \/>\n<meta name=\"twitter:label1\" content=\"Gesch\u00e4tzte Lesezeit\" \/>\n\t<meta name=\"twitter:data1\" content=\"2\u00a0Minuten\" \/>\n<script type=\"application\/ld+json\" class=\"yoast-schema-graph\">{\"@context\":\"https:\\\/\\\/schema.org\",\"@graph\":[{\"@type\":\"WebPage\",\"@id\":\"https:\\\/\\\/lieblingsromane-trier.de\\\/?page_id=103\",\"url\":\"https:\\\/\\\/lieblingsromane-trier.de\\\/?page_id=103\",\"name\":\"Slade House - Lieblingsromane\",\"isPartOf\":{\"@id\":\"https:\\\/\\\/lieblingsromane-trier.de\\\/#website\"},\"primaryImageOfPage\":{\"@id\":\"https:\\\/\\\/lieblingsromane-trier.de\\\/?page_id=103#primaryimage\"},\"image\":{\"@id\":\"https:\\\/\\\/lieblingsromane-trier.de\\\/?page_id=103#primaryimage\"},\"thumbnailUrl\":\"https:\\\/\\\/lieblingsromane-trier.de\\\/wp-content\\\/uploads\\\/2019\\\/01\\\/IMG_5338-2-688x1024.jpg\",\"datePublished\":\"2018-12-13T15:54:49+00:00\",\"dateModified\":\"2022-01-05T21:36:05+00:00\",\"breadcrumb\":{\"@id\":\"https:\\\/\\\/lieblingsromane-trier.de\\\/?page_id=103#breadcrumb\"},\"inLanguage\":\"de\",\"potentialAction\":[{\"@type\":\"ReadAction\",\"target\":[\"https:\\\/\\\/lieblingsromane-trier.de\\\/?page_id=103\"]}]},{\"@type\":\"ImageObject\",\"inLanguage\":\"de\",\"@id\":\"https:\\\/\\\/lieblingsromane-trier.de\\\/?page_id=103#primaryimage\",\"url\":\"https:\\\/\\\/lieblingsromane-trier.de\\\/wp-content\\\/uploads\\\/2019\\\/01\\\/IMG_5338-2-688x1024.jpg\",\"contentUrl\":\"https:\\\/\\\/lieblingsromane-trier.de\\\/wp-content\\\/uploads\\\/2019\\\/01\\\/IMG_5338-2-688x1024.jpg\"},{\"@type\":\"BreadcrumbList\",\"@id\":\"https:\\\/\\\/lieblingsromane-trier.de\\\/?page_id=103#breadcrumb\",\"itemListElement\":[{\"@type\":\"ListItem\",\"position\":1,\"name\":\"Startseite\",\"item\":\"https:\\\/\\\/lieblingsromane-trier.de\\\/\"},{\"@type\":\"ListItem\",\"position\":2,\"name\":\"Slade House\"}]},{\"@type\":\"WebSite\",\"@id\":\"https:\\\/\\\/lieblingsromane-trier.de\\\/#website\",\"url\":\"https:\\\/\\\/lieblingsromane-trier.de\\\/\",\"name\":\"Lieblingsromane 2018\",\"description\":\"Eine Veranstaltung der Universit\u00e4t Trier\",\"potentialAction\":[{\"@type\":\"SearchAction\",\"target\":{\"@type\":\"EntryPoint\",\"urlTemplate\":\"https:\\\/\\\/lieblingsromane-trier.de\\\/?s={search_term_string}\"},\"query-input\":{\"@type\":\"PropertyValueSpecification\",\"valueRequired\":true,\"valueName\":\"search_term_string\"}}],\"inLanguage\":\"de\"}]}<\/script>\n<!-- \/ Yoast SEO plugin. -->","yoast_head_json":{"title":"Slade House - Lieblingsromane","robots":{"index":"index","follow":"follow","max-snippet":"max-snippet:-1","max-image-preview":"max-image-preview:large","max-video-preview":"max-video-preview:-1"},"canonical":"https:\/\/lieblingsromane-trier.de\/?page_id=103","og_locale":"de_DE","og_type":"article","og_title":"Slade House - Lieblingsromane","og_description":"David Mitchells neuster Roman&nbsp;Slade House (2015)&nbsp;handelt von einem unsterblichen Zwillingspaar, welches unwissende Menschen alle neun Jahre in ein Geisterhaus in die Londoner Slade Alley hineinlockt. In insgesamt f\u00fcnf miteinander verbunden Kurzgeschichten verschwinden zwischen den Jahren 1979 und 2015 am letzten Tag im Oktober jeweils ein Teenager, ein Kommissar, eine Gruppe von Studenten, eine junge Journalistin und eine Psychiaterin und fallen den Zwillingen zum Opfer. Ein schauriger Lesegenuss, der besonders aufgrund seines unheimlichen und mysteri\u00f6sen Charakters zum Nachdenken anregt.&nbsp; David Mitchell David Stephen Mitchell, geboren am 12. Januar in Southport, England, hatte schon immer eine ganz spezielle Beziehung zum Thema &#8222;Sprache&#8220;. Sein Stottern, welches er schon in fr\u00fchester Kindheit entwickelte, gestaltete es ihm schwierig sich verbal auszudr\u00fccken. Nichtsdestotrotz bezeichnet er sich selbst als &#8222;word-nerd&#8220;, immer auf der Suche nach den perfekten S\u00e4tzen. Mitchell verwandelte seine Schw\u00e4che in seine gr\u00f6\u00dfte St\u00e4rke &#8211; das Spiel mit Worten und sein umfangreiches Vokabular sind nur einige seiner Markenzeichen. Kaum einem anderen Autor gelingt es so spielerisch die Schicksale einzelner Charaktere zu Romanen zusammenzuf\u00fcgen, und dadurch Meisterwerke zu erschaffen wie Ghostwritten (1999), Cloud Atlas (2004) und Slade House (2015) &#8211; der neuesten Erg\u00e4nzung zu seinem komplexen Universum aus Charakteren und Geschichten.&nbsp; &nbsp;","og_url":"https:\/\/lieblingsromane-trier.de\/?page_id=103","og_site_name":"Lieblingsromane","article_modified_time":"2022-01-05T21:36:05+00:00","og_image":[{"url":"https:\/\/lieblingsromane-trier.de\/wp-content\/uploads\/2019\/01\/IMG_5338-2-688x1024.jpg","type":"","width":"","height":""}],"twitter_card":"summary_large_image","twitter_misc":{"Gesch\u00e4tzte Lesezeit":"2\u00a0Minuten"},"schema":{"@context":"https:\/\/schema.org","@graph":[{"@type":"WebPage","@id":"https:\/\/lieblingsromane-trier.de\/?page_id=103","url":"https:\/\/lieblingsromane-trier.de\/?page_id=103","name":"Slade House - Lieblingsromane","isPartOf":{"@id":"https:\/\/lieblingsromane-trier.de\/#website"},"primaryImageOfPage":{"@id":"https:\/\/lieblingsromane-trier.de\/?page_id=103#primaryimage"},"image":{"@id":"https:\/\/lieblingsromane-trier.de\/?page_id=103#primaryimage"},"thumbnailUrl":"https:\/\/lieblingsromane-trier.de\/wp-content\/uploads\/2019\/01\/IMG_5338-2-688x1024.jpg","datePublished":"2018-12-13T15:54:49+00:00","dateModified":"2022-01-05T21:36:05+00:00","breadcrumb":{"@id":"https:\/\/lieblingsromane-trier.de\/?page_id=103#breadcrumb"},"inLanguage":"de","potentialAction":[{"@type":"ReadAction","target":["https:\/\/lieblingsromane-trier.de\/?page_id=103"]}]},{"@type":"ImageObject","inLanguage":"de","@id":"https:\/\/lieblingsromane-trier.de\/?page_id=103#primaryimage","url":"https:\/\/lieblingsromane-trier.de\/wp-content\/uploads\/2019\/01\/IMG_5338-2-688x1024.jpg","contentUrl":"https:\/\/lieblingsromane-trier.de\/wp-content\/uploads\/2019\/01\/IMG_5338-2-688x1024.jpg"},{"@type":"BreadcrumbList","@id":"https:\/\/lieblingsromane-trier.de\/?page_id=103#breadcrumb","itemListElement":[{"@type":"ListItem","position":1,"name":"Startseite","item":"https:\/\/lieblingsromane-trier.de\/"},{"@type":"ListItem","position":2,"name":"Slade House"}]},{"@type":"WebSite","@id":"https:\/\/lieblingsromane-trier.de\/#website","url":"https:\/\/lieblingsromane-trier.de\/","name":"Lieblingsromane 2018","description":"Eine Veranstaltung der Universit\u00e4t Trier","potentialAction":[{"@type":"SearchAction","target":{"@type":"EntryPoint","urlTemplate":"https:\/\/lieblingsromane-trier.de\/?s={search_term_string}"},"query-input":{"@type":"PropertyValueSpecification","valueRequired":true,"valueName":"search_term_string"}}],"inLanguage":"de"}]}},"_links":{"self":[{"href":"https:\/\/lieblingsromane-trier.de\/index.php?rest_route=\/wp\/v2\/pages\/103","targetHints":{"allow":["GET"]}}],"collection":[{"href":"https:\/\/lieblingsromane-trier.de\/index.php?rest_route=\/wp\/v2\/pages"}],"about":[{"href":"https:\/\/lieblingsromane-trier.de\/index.php?rest_route=\/wp\/v2\/types\/page"}],"author":[{"embeddable":true,"href":"https:\/\/lieblingsromane-trier.de\/index.php?rest_route=\/wp\/v2\/users\/1"}],"replies":[{"embeddable":true,"href":"https:\/\/lieblingsromane-trier.de\/index.php?rest_route=%2Fwp%2Fv2%2Fcomments&post=103"}],"version-history":[{"count":21,"href":"https:\/\/lieblingsromane-trier.de\/index.php?rest_route=\/wp\/v2\/pages\/103\/revisions"}],"predecessor-version":[{"id":1100,"href":"https:\/\/lieblingsromane-trier.de\/index.php?rest_route=\/wp\/v2\/pages\/103\/revisions\/1100"}],"wp:attachment":[{"href":"https:\/\/lieblingsromane-trier.de\/index.php?rest_route=%2Fwp%2Fv2%2Fmedia&parent=103"}],"curies":[{"name":"wp","href":"https:\/\/api.w.org\/{rel}","templated":true}]}}